{"id":24359,"date":"2020-02-07T04:33:22","date_gmt":"2020-02-06T18:33:22","guid":{"rendered":"https:\/\/thirstyaff.wpengine.com\/?page_id=24359"},"modified":"2024-11-27T12:46:05","modified_gmt":"2024-11-27T17:46:05","slug":"terms-and-conditions","status":"publish","type":"page","link":"https:\/\/thirstyaffiliates.com\/de\/terms-and-conditions","title":{"rendered":"Bedingungen und Konditionen"},"content":{"rendered":"<p>Unsere Website gew\u00e4hrt Ihnen eine nicht-exklusive, eingeschr\u00e4nkte Lizenz zur Nutzung des ThirstyAffiliates Pro Plugins und anderer Produkte, die \u00fcber unsere Website (https:\/\/thirstyaffiliates.com) von Caseproof, LLC verkauft werden (die \"Produkte\"), in \u00dcbereinstimmung mit diesen Allgemeinen Gesch\u00e4ftsbedingungen (die \"Lizenz\"), die von unserem Unternehmen ausgestellt wurden.<\/p>\n\n\n\n<h5 class=\"wp-block-heading\">1. Plugin-Lizenzierung<\/h5>\n\n\n\n<p>ThirstyAffiliates ist lizenziert unter der GNU General Public License (<a href=\"http:\/\/www.gnu.org\/licenses\/gpl.html\">http:\/\/www.gnu.org\/licenses\/gpl.html<\/a>).<a name=\"upgrades\"><\/a><\/p>\n\n\n\n<h5 class=\"wp-block-heading\">2. Automatischer Upgrade-Service<\/h5>\n\n\n\n<p>Der Zugang zu unserem automatischen Upgradeservice steht den Kunden zur Verf\u00fcgung, die einen aktiven Lizenzschl\u00fcssel haben, entsprechend der erworbenen Lizenz.<a name=\"delivery\"><\/a><\/p>\n\n\n\n<h5 class=\"wp-block-heading\">3. Lieferung<\/h5>\n\n\n\n<p>Nachdem wir die erste Zahlung f\u00fcr Ihr automatisch wiederkehrendes Abonnement erfolgreich erhalten haben, bekommen Sie eine E-Mail mit dem Download-Link, dem Benutzernamen und dem Passwort. Dies kann bis zu 1 Stunde dauern, geschieht aber normalerweise innerhalb weniger Minuten nach der Bestellung. Sollten Sie nach diesem Zeitraum keine E-Mail erhalten, bitten wir Sie <a href=\"https:\/\/thirstyaffiliates.com\/de\/contact\/\">Kontaktieren Sie uns<\/a>. Sie k\u00f6nnen sich dann anmelden bei <a href=\"https:\/\/thirstyaffiliates.com\/de\/account\/\">Ihr Konto<\/a>&nbsp;Wenn Sie die E-Mail-Adresse verwenden, die Sie beim Kauf des Plugins angegeben haben, erhalten Sie sofortigen Zugang zu allen Support-Informationen. Ihr automatisch wiederkehrendes Abonnement kann jederzeit gek\u00fcndigt werden. Inhabern einer gek\u00fcndigten Lizenz werden kein Support und keine zuk\u00fcnftigen Updates zur Verf\u00fcgung gestellt.<a name=\"ownership\"><\/a><\/p>\n\n\n\n<h5 class=\"wp-block-heading\">4. Eigentumsverh\u00e4ltnisse<\/h5>\n\n\n\n<p>Sie k\u00f6nnen keine intellektuellen oder exklusiven Eigentumsrechte an einem unserer Produkte beanspruchen. Alle Produkte sind das Eigentum von Caseproof, LLC. Sie werden \"so wie sie sind\" zur Verf\u00fcgung gestellt, ohne jegliche ausdr\u00fcckliche oder stillschweigende Garantie. Wir haften nicht f\u00fcr Sch\u00e4den, einschlie\u00dflich, aber nicht beschr\u00e4nkt auf, direkte, indirekte, besondere, zuf\u00e4llige oder Folgesch\u00e4den oder Verluste, die aus der Verwendung oder der Unf\u00e4higkeit zur Verwendung unserer Produkte entstehen. <a name=\"content\"><\/a><\/p>\n\n\n\n<h5 class=\"wp-block-heading\">5. Inhalt der Website<\/h5>\n\n\n\n<p>Der gesamte Inhalt der Website, einschlie\u00dflich Bildmaterial und Dokumentation, die auf ThirstyAffiliates.com ver\u00f6ffentlicht wird, ist Eigentum von Caseproof, LLC. Jede Vervielf\u00e4ltigung von Website-Inhalten muss im Voraus genehmigt werden. Der Inhalt dieser Website darf ohne die vorherige schriftliche Zustimmung von Caseproof, LLC nicht f\u00fcr kommerzielle oder nichtkommerzielle Zwecke verwendet oder genutzt werden. <a name=\"refunds\"><\/a><\/p>\n\n\n\n<h5 class=\"wp-block-heading\">6. Erstattungspolitik<\/h5>\n\n\n\n<p>Die risikofreie Geld-zur\u00fcck-Garantie von ThirsyAffiliates sieht vor, dass Sie, wenn Sie sich innerhalb der ersten 14 Tage nach Er\u00f6ffnung Ihres bezahlten Kontos entscheiden, dass ThirstyAffiliates nicht das Richtige f\u00fcr Sie ist, dies einfach unserem gro\u00dfartigen Support-Team mitteilen k\u00f6nnen (wir machen es Ihnen leicht!).<\/p>\n\n\n\n<p>Wir werden Ihr Abonnement beenden und Ihnen eine R\u00fcckerstattung zukommen lassen. Ihr Antrag auf R\u00fcckerstattung muss innerhalb von 24 Gesch\u00e4ftsstunden innerhalb von 14 Tagen ab dem Datum und der Uhrzeit der Er\u00f6ffnung Ihres bezahlten Kontos eingehen. W\u00e4hrend einige R\u00fcckerstattungen sofort erfolgen k\u00f6nnen, kann es bis zu 5 - 10 Werktage dauern, bis die R\u00fcckerstattung auf Ihrer Kreditkartenabrechnung erscheint. R\u00fcckerstattungsantr\u00e4ge, die nach dieser 14-t\u00e4gigen Frist gestellt werden, k\u00f6nnen nicht ber\u00fccksichtigt werden.<\/p>\n\n\n\n<p>Wir bieten auch R\u00fcckerstattungen innerhalb der ersten 14 Tage nach einer Abonnementverl\u00e4ngerung f\u00fcr den vollen Betrag abz\u00fcglich einer Verwaltungsgeb\u00fchr von 20% (und m\u00f6glicherweise Geb\u00fchren f\u00fcr die Zahlungsabwicklung). Bitte beachten Sie, dass wir eine Erinnerung an bevorstehende Verl\u00e4ngerungen senden und es in der Verantwortung des Kunden liegt, sein Abonnement zu k\u00fcndigen, bevor die Verl\u00e4ngerung stattfindet, wenn er nicht fortfahren m\u00f6chte. Erstattungsantr\u00e4ge f\u00fcr Verl\u00e4ngerungen, die nach den ersten 14 Tagen nach der Verl\u00e4ngerung gestellt werden, k\u00f6nnen nicht ber\u00fccksichtigt werden.<a name=\"chargebacks\"><\/a><\/p>\n\n\n\n<h5 class=\"wp-block-heading\">7. R\u00fcckbuchungen<\/h5>\n\n\n\n<p>Lizenzinhaber sollten <a href=\"https:\/\/thirstyaffiliates.com\/de\/contact\/\" target=\"_blank\" rel=\"noreferrer noopener\" aria-label=\" (\u00f6ffnet in einer neuen Registerkarte)\">Kontaktieren Sie uns<\/a> bei R\u00fcckerstattungsantr\u00e4gen oder nicht anerkannten Abbuchungen zu erkundigen, bevor sie eine R\u00fcckbuchungsanfrage bei ihrer Bank stellen. Wir behalten uns das Recht vor, R\u00fcckbuchungen anzufechten, wenn die Abbuchung nicht betr\u00fcgerisch ist und keine Mitteilung des Lizenzinhabers ersichtlich ist. <a name=\"support\"><\/a><\/p>\n\n\n\n<h5 class=\"wp-block-heading\">8. Unterst\u00fctzung<\/h5>\n\n\n\n<p>Caseproof, LLC bietet WordPress-Plugins \"wie sie sind\" und ohne implizite Bedeutung, dass sie genau so funktionieren, wie Sie es w\u00fcnschen oder mit allen Komponenten und Plugins von Drittanbietern kompatibel sind. Wir bieten keinen Support per E-Mail oder anderweitigen Support f\u00fcr WordPress oder andere WordPress-Plugins, die wir nicht entwickelt haben. Support wird \u00fcber einen g\u00fcltigen Benutzernamen und ein Passwort angeboten. Mit dem Kauf einer Lizenz erhalten Sie Zugang zu unserem Support-Ticket-System.<\/p>\n\n\n\n<p>Der Support und der Zugang zu unserem automatischen Produktaktualisierungssystem werden f\u00fcr einen Zeitraum von 1 Jahr ab dem Kaufdatum gew\u00e4hrt. Nach 1 Jahr muss eine Lizenzverl\u00e4ngerung erworben werden, um weiterhin Support und Produktaktualisierungen zu erhalten.\n\nLizenzinhabern ist es nicht gestattet, Support-Inhalte (einschlie\u00dflich E-Mails, Support-Tickets, Aufzeichnungen von Telefongespr\u00e4chen oder Screenshots) oder Dokumentationen auf externen Websites, in sozialen Medien usw. zu ver\u00f6ffentlichen. Das Ver\u00f6ffentlichen von Screenshots dieser Inhalte ist ebenfalls untersagt. Eine Zuwiderhandlung f\u00fchrt zur sofortigen Beendigung der Lizenz, jeglicher Zugang zu Support-Inhalten und Produkt-Updates wird eingestellt. Ebenso kann keiner dieser Inhalte als Grundlage f\u00fcr oder Teil von Streitigkeiten, die sich aus dem Support oder der Verwendung unserer Plugins ergeben, verwendet werden.\n\nWir garantieren nicht, dass unser Support in der Lage ist, jedes Problem und in jeder Situation zu l\u00f6sen. Wir \u00fcbernehmen auch keine Haftung f\u00fcr Handlungen, die von Seitenbesitzern oder unserem Support-Team unternommen werden und die zu Ausfallzeiten der Website, Datenverlusten oder anderen Problemen f\u00fchren, w\u00e4hrend des Prozesses der Fehlersuche, Fehlerbehebung, Tests oder anderweitig.\n\nWir garantieren auch keine Antwort auf Support-Anfragen, die wir per E-Mail (au\u00dferhalb unseres Support-Ticket-Systems), Telefon oder \u00fcber unser \u00f6ffentliches Kontaktformular erhalten. Wir behalten uns au\u00dferdem das Recht vor, Nutzern oder Kunden die Unterst\u00fctzung zu verweigern, wenn wir dies f\u00fcr angemessen halten.\n<\/p>\n\n\n\n<h5 class=\"wp-block-heading\">9. Transaktions-E-Mails<\/h5>\n\n\n\n<p>Caseproof, LLC kann Ihnen gelegentlich E-Mail-Benachrichtigungen in Bezug auf Ihre ThirstyAffiliates-Lizenz senden. Diese Transaktions-E-Mails k\u00f6nnen Benachrichtigungen \u00fcber Lizenz\u00e4nderungen, \u00c4nderungen unserer Gesch\u00e4ftsbedingungen, Mitteilungen \u00fcber den Ablauf der Lizenz und andere Transaktions-E-Mails im Zusammenhang mit Ihrem Kauf von ThirstyAffiliates enthalten.<\/p>\n\n\n\n<h5 class=\"wp-block-heading\">10. Preis\u00e4nderungen<\/h5>\n\n\n\n<p>Caseproof, LLC beh\u00e4lt sich das Recht vor, jederzeit eine Lizenz mit oder ohne Ank\u00fcndigung vor\u00fcbergehend oder dauerhaft zu \u00e4ndern oder einzustellen. Die Preise f\u00fcr alle Produkte k\u00f6nnen sich \u00e4ndern. Preis\u00e4nderungen werden auf der Website bekannt gegeben. <\/p>\n\n\n\n<h5 class=\"wp-block-heading\">11. Garantie<\/h5>\n\n\n\n<p>Alle unsere WordPress-Plugins werden \"wie besehen\" bereitgestellt. Wir k\u00f6nnen nicht garantieren, dass sie mit allen Plugins von Drittanbietern, mit allen Webbrowsern oder mit allen Webhosts funktionieren. Wir sind nicht verantwortlich f\u00fcr etwaige Kompatibilit\u00e4tskonflikte zwischen den Plugins, die auftreten k\u00f6nnen. Es ist unsere Politik, unsere Plugins so gut wie m\u00f6glich zu unterst\u00fctzen, und wir werden nach unserem Ermessen oder wenn es die Zeit erlaubt, Unterst\u00fctzung f\u00fcr Plugin-Konflikte von Drittanbietern anbieten. Wir sind nicht verantwortlich f\u00fcr Datenverluste, Ausfallzeiten der Website oder andere Probleme, die als Folge der Installation unserer Plugins auftreten k\u00f6nnen. <\/p>\n\n\n\n<h5 class=\"wp-block-heading\">12. Akzeptanz<\/h5>\n\n\n\n<p>Durch den Kauf unserer Produkte oder das Herunterladen unserer kostenlosen Plugins auf wordpress.org erkl\u00e4ren Sie, dass Sie die auf dieser Seite aufgef\u00fchrten Allgemeinen Gesch\u00e4ftsbedingungen gelesen haben und damit einverstanden sind. <\/p>\n\n\n\n<h5 class=\"wp-block-heading\">13. Geltendes Recht und Gerichtsstand<\/h5>\n\n\n\n<p>Diese Bedingungen unterliegen den Gesetzen des Staates Utah, ohne R\u00fccksicht auf kollisionsrechtliche Grunds\u00e4tze. Alle Streitigkeiten im Zusammenhang mit diesen Gesch\u00e4ftsbedingungen werden ausschlie\u00dflich vor den Staats- oder Bundesgerichten in Salt Lake City, Utah, ausgetragen, und die Parteien erkl\u00e4ren sich mit der pers\u00f6nlichen Zust\u00e4ndigkeit der genannten Gerichte einverstanden. Wir behalten uns das Recht vor, die vorliegenden Gesch\u00e4ftsbedingungen ohne vorherige Ank\u00fcndigung zu \u00e4ndern oder zu modifizieren.<\/p>","protected":false},"excerpt":{"rendered":"<p>Unsere Website gew\u00e4hrt Ihnen eine nicht-exklusive, eingeschr\u00e4nkte Lizenz zur Nutzung des ThirstyAffiliates Pro Plugins und anderer Produkte, die \u00fcber unsere Website (https:\/\/thirstyaffiliates.com) von Caseproof, LLC verkauft werden (die \"Produkte\"), in \u00dcbereinstimmung mit diesen Allgemeinen Gesch\u00e4ftsbedingungen (die \"Lizenz\"), die von unserem Unternehmen ausgestellt wurden. 1. Plugin-Lizenzierung ThirstyAffiliates ist lizenziert unter der GNU general public<\/p>\n<p><a class=\"read-more\" href=\"https:\/\/thirstyaffiliates.com\/de\/terms-and-conditions\">Mehr lesen<\/a><\/p>","protected":false},"author":4286,"featured_media":0,"parent":0,"menu_order":0,"comment_status":"closed","ping_status":"closed","template":"","meta":{"_acf_changed":false,"om_disable_all_campaigns":false,"_strive_editorial_status":"not-started","_strive_copy_of":0,"_monsterinsights_skip_tracking":false,"_monsterinsights_sitenote_active":false,"_monsterinsights_sitenote_note":"","_monsterinsights_sitenote_category":0,"footnotes":""},"class_list":["post-24359","page","type-page","status-publish","hentry"],"acf":[],"aioseo_notices":[],"_links":{"self":[{"href":"https:\/\/thirstyaffiliates.com\/de\/wp-json\/wp\/v2\/pages\/24359","targetHints":{"allow":["GET"]}}],"collection":[{"href":"https:\/\/thirstyaffiliates.com\/de\/wp-json\/wp\/v2\/pages"}],"about":[{"href":"https:\/\/thirstyaffiliates.com\/de\/wp-json\/wp\/v2\/types\/page"}],"author":[{"embeddable":true,"href":"https:\/\/thirstyaffiliates.com\/de\/wp-json\/wp\/v2\/users\/4286"}],"replies":[{"embeddable":true,"href":"https:\/\/thirstyaffiliates.com\/de\/wp-json\/wp\/v2\/comments?post=24359"}],"version-history":[{"count":1,"href":"https:\/\/thirstyaffiliates.com\/de\/wp-json\/wp\/v2\/pages\/24359\/revisions"}],"predecessor-version":[{"id":36607,"href":"https:\/\/thirstyaffiliates.com\/de\/wp-json\/wp\/v2\/pages\/24359\/revisions\/36607"}],"wp:attachment":[{"href":"https:\/\/thirstyaffiliates.com\/de\/wp-json\/wp\/v2\/media?parent=24359"}],"curies":[{"name":"wp","href":"https:\/\/api.w.org\/{rel}","templated":true}]}}