{"id":5020,"date":"2017-07-21T15:23:18","date_gmt":"2017-07-21T05:23:18","guid":{"rendered":"https:\/\/thirstyaff.wpengine.com\/?page_id=5020"},"modified":"2021-07-21T20:18:35","modified_gmt":"2021-07-21T20:18:35","slug":"privacy-policy","status":"publish","type":"page","link":"https:\/\/thirstyaffiliates.com\/de\/privacy-policy","title":{"rendered":"Datenschutzbestimmungen"},"content":{"rendered":"<p>Letzte Aktualisierung: 23. Mai 2018<\/p>\n<p>Wir bei Caseproof wissen, dass der Schutz Ihrer pers\u00f6nlichen Daten wichtig ist. Hier finden Sie Informationen dar\u00fcber, welche Arten von pers\u00f6nlichen Daten wir erhalten und sammeln, wenn Sie unsere Website besuchen, mit unserem Unternehmen interagieren und wie wir Ihre Daten sch\u00fctzen.<\/p>\n<h4><strong>1. EINLEITUNG<\/strong><\/h4>\n<p>ThirstyAffiliates.com (\"wir\", \"wir\" oder \"Unternehmen\") verpflichtet sich, die Datenschutzrechte seiner Kunden, Besucher und anderer Nutzer der Unternehmens-Website (\"die Site\") zu respektieren. Wir haben diese Website-Datenschutzrichtlinie (\"Datenschutzrichtlinie\") erstellt, um Ihnen beim Besuch und der Nutzung der Website Vertrauen zu geben und unser Engagement f\u00fcr faire Informationspraktiken und den Schutz der Privatsph\u00e4re zu demonstrieren. Diese Datenschutzrichtlinie gilt nur f\u00fcr die Website und nicht f\u00fcr andere Websites, auf die Sie von der Website aus zugreifen k\u00f6nnen und die sich in ihren Praktiken und Richtlinien zur Datenerfassung, -speicherung und -nutzung wesentlich von dieser Datenschutzrichtlinie unterscheiden k\u00f6nnen.<\/p>\n<p><strong>2. PRAKTIKEN DER INFORMATIONSSAMMLUNG<\/strong><\/p>\n<p style=\"padding-left: 30px;\"><strong>2.1. ARTEN VON GESAMMELTEN INFORMATIONEN<\/strong><\/p>\n<p style=\"padding-left: 60px;\"><strong>(a) VERKEHRSDATEN ERFASST.<\/strong> Wir verfolgen und erfassen automatisch die folgenden Kategorien von Informationen, wenn Sie unsere Website besuchen: (1) IP-Adressen; (2) Domain-Server; (3) Arten von Computern, die auf die Website zugreifen; und (4) Arten von Webbrowsern, die f\u00fcr den Zugriff auf die Website verwendet werden (zusammen \"Verkehrsdaten\"). Verkehrsdaten sind <em>anonyme<\/em> Informationen, die Sie nicht pers\u00f6nlich identifizieren, aber f\u00fcr Marketingzwecke oder zur Verbesserung Ihrer Erfahrungen auf der Website hilfreich sind. Wir k\u00f6nnen auch \"Cookies\" verwenden, um den Inhalt an Ihre Interessen anzupassen. Drittanbieter, die Informationen \u00fcber Sie bereitstellen k\u00f6nnen, wenn Sie auf der Website surfen, auf Links klicken, sich bei Ihrem Konto anmelden oder einen Kauf t\u00e4tigen. Dazu geh\u00f6ren Google Analytics und Facebook Pixel.<\/p>\n<p style=\"padding-left: 60px;\"><strong>(b) Erhobene personenbezogene Daten.<\/strong> Damit Sie Produkte, die wir \u00fcber die Website anbieten, herunterladen k\u00f6nnen, m\u00fcssen Sie uns bestimmte Informationen zur Verf\u00fcgung stellen, die Sie pers\u00f6nlich identifizieren (\"pers\u00f6nliche Daten\"). Zu den personenbezogenen Daten geh\u00f6ren die folgenden Kategorien von Informationen: (1) Kontaktdaten (wie Ihr Name und Ihre E-Mail-Adresse) und (2) demografische Daten (wie Ihr Land). Wenn Sie mit uns per E-Mail oder Post kommunizieren, k\u00f6nnen alle darin enthaltenen Informationen als personenbezogene Daten erfasst werden.<\/p>\n<p style=\"padding-left: 60px;\"><strong>(b) Erfasste Zahlungsinformationen.<\/strong> Wir speichern Ihre Kreditkartendaten oder andere Zahlungsinformationen nicht auf unserer Website oder unseren Servern. Diese Dienste werden von Drittanbietern bereitgestellt (derzeit Stripe und PayPal), und die Speicherung dieser Zahlungsinformationen und die eigentliche Transaktion finden nicht auf unseren Servern statt. Weitere Informationen \u00fcber die Funktionsweise dieser Dienste finden Sie in deren Datenschutzrichtlinien und Dienstleistungen.<\/p>\n<p style=\"padding-left: 30px;\"><strong>2.2. VERWENDUNG DER GESAMMELTEN INFORMATIONEN<\/strong><\/p>\n<p style=\"padding-left: 60px;\"><strong>(a) VERWENDUNG VON INFORMATIONEN DURCH DAS UNTERNEHMEN.<\/strong> Wir verwenden Kontaktdaten, um Ihnen Informationen \u00fcber unser Unternehmen, unsere Produkte oder Dienstleistungen oder Werbematerial von einigen unserer Partner zuzusenden oder um Sie bei Bedarf zu kontaktieren. Wir verwenden Ihre demografischen Daten, um Ihr Erlebnis auf der Website individuell zu gestalten, indem wir Ihnen Inhalte anzeigen, von denen wir glauben, dass sie Sie interessieren k\u00f6nnten und die Ihren Pr\u00e4ferenzen entsprechen.<\/p>\n<p style=\"padding-left: 60px;\"><strong>(b) Weitergabe personenbezogener Informationen.<\/strong> Wir geben bestimmte Kategorien von Informationen, die wir von Ihnen sammeln, auf die in dieser Datenschutzrichtlinie beschriebene Weise weiter. Wir geben demografische Daten an Werbetreibende und andere Dritte nur in zusammengefasster Form (d.h. nicht pers\u00f6nlich identifizierbar) weiter. Wir <strong>nicht<\/strong> Kontaktdaten an andere Unternehmen weitergeben, die Ihnen m\u00f6glicherweise Informationen \u00fcber ihre Produkte oder Dienstleistungen zusenden m\u00f6chten. Wir geben Kontaktdaten an unsere Gesch\u00e4ftspartner und Mitarbeiter weiter, die uns bei der Erbringung von Kerndienstleistungen (wie z. B. Auftragsabwicklung oder Datenspeicherung und -sicherheit) im Zusammenhang mit dem Betrieb der Website unterst\u00fctzen. Diese Personen haben sich alle verpflichtet, die gleichen Sicherheits- und Vertraulichkeitsstandards einzuhalten, die wir Ihnen in dieser Datenschutzrichtlinie versprochen haben, und sie werden Ihre Kontaktdaten und andere pers\u00f6nliche Informationen nur zur Erf\u00fcllung ihrer spezifischen gesch\u00e4ftlichen Verpflichtungen gegen\u00fcber dem Unternehmen verwenden. Wenn Sie nicht m\u00f6chten, dass wir Ihre Kontaktdaten an Dritte weitergeben, kontaktieren Sie uns bitte \u00fcber den Link \"Kontakt\" im Men\u00fc der Website. Bitte haben Sie Verst\u00e4ndnis daf\u00fcr, dass Sie in diesem Fall wahrscheinlich nicht alle Funktionen und Dienste nutzen k\u00f6nnen, die wir auf der Website anbieten.<\/p>\n<p style=\"padding-left: 60px;\"><strong>(c) AUSWAHL DES BENUTZERS BEZ\u00dcGLICH DER ERFASSUNG, VERWENDUNG UND VERBREITUNG PERS\u00d6NLICHER INFORMATIONEN.<\/strong> Sie k\u00f6nnen sich daf\u00fcr entscheiden, uns keine pers\u00f6nlichen Daten zur Verf\u00fcgung zu stellen. In einem solchen Fall k\u00f6nnen Sie weiterhin auf einen Gro\u00dfteil der Website zugreifen und diese nutzen; Sie k\u00f6nnen jedoch nicht auf die Teile der Website zugreifen und diese nutzen, f\u00fcr die Ihre pers\u00f6nlichen Daten erforderlich sind, wie z. B. f\u00fcr einen Kauf. Wenn Sie keine Informationen und Werbematerialien von uns oder einigen unserer Partner erhalten m\u00f6chten, k\u00f6nnen Sie jedes Mal, wenn wir Sie um pers\u00f6nliche Daten bitten, die entsprechende \"Opt-Out\"-Option w\u00e4hlen oder sich einfach weigern, diese anzugeben, wenn Sie dazu aufgefordert werden.<\/p>\n<h4><strong>3. VERTRAULICHKEIT UND SICHERHEIT VON PERSONENBEZOGENEN DATEN<\/strong><\/h4>\n<p>Sofern in dieser Datenschutzrichtlinie nicht anders angegeben, werden wir Ihre pers\u00f6nlichen Daten vertraulich behandeln und nicht an Dritte weitergeben, es sei denn, eine solche Offenlegung ist notwendig, um: (a) einer gerichtlichen Anordnung oder einem anderen rechtlichen Verfahren nachzukommen; (b) unsere Rechte oder unser Eigentum zu sch\u00fctzen; oder (c) unsere Nutzungsbedingungen durchzusetzen. Ihre pers\u00f6nlichen Daten werden auf sicheren Servern gespeichert, die f\u00fcr Dritte nicht zug\u00e4nglich sind. Wir bieten Ihnen die M\u00f6glichkeit, Ihre pers\u00f6nlichen Daten \u00fcber gesicherte und verschl\u00fcsselte Kan\u00e4le zu \u00fcbermitteln, wenn Sie einen \u00e4hnlich ausgestatteten Webbrowser verwenden.<\/p>\n<p style=\"padding-left: 30px;\"><strong>3.1. INFORMATION DER \u00d6FFENTLICHKEIT.<\/strong> Die Website enth\u00e4lt Links zu anderen Websites. Wir sind nicht verantwortlich f\u00fcr die Datenschutzpraktiken oder den Inhalt dieser Websites. Wir k\u00f6nnen Ihnen auf bestimmten Seiten auch Kommentare zur Verf\u00fcgung stellen. Bitte haben Sie Verst\u00e4ndnis daf\u00fcr, dass alle Informationen, die in diesen Bereichen offengelegt werden, zu \u00f6ffentlichen Informationen werden. Wir haben keine Kontrolle \u00fcber die Verwendung dieser Informationen und Sie sollten vorsichtig sein, wenn Sie sich entscheiden, Ihre pers\u00f6nlichen Daten preiszugeben.<\/p>\n<h4><strong>4. WERBUNG VON DRITTEN\/GOOGLE ADS<\/strong><\/h4>\n<p>Diese Website verwendet auch Werbung von Dritten, um Einnahmen zu erzielen. Einige dieser Werbetreibenden k\u00f6nnen Technologien wie Cookies und Web-Beacons verwenden, wenn sie auf dieser Website werben, wodurch diese Werbetreibenden (wie Google \u00fcber das Google AdSense-Programm) auch Informationen wie Ihre IP-Adresse, Ihren ISP, den Browser, den Sie zum Besuch unserer Website verwendet haben, und in einigen F\u00e4llen auch, ob Sie Flash installiert haben, erhalten. Dies wird im Allgemeinen f\u00fcr Geotargeting-Zwecke verwendet (z. B. Anzeigen f\u00fcr New Yorker Immobilien an Personen in New York) oder f\u00fcr die Anzeige bestimmter Anzeigen auf der Grundlage bestimmter besuchter Websites (z. B. Anzeigen f\u00fcr Kochseiten an Personen, die h\u00e4ufig Kochseiten besuchen).<\/p>\n<p>Sie k\u00f6nnen unsere Cookies oder die Cookies von Drittanbietern in den Einstellungen Ihres Browsers oder durch die Verwaltung von Pr\u00e4ferenzen in Programmen wie Norton Internet Security, McAfee und Eset.com deaktivieren oder selektiv abschalten. Dies kann jedoch Auswirkungen darauf haben, wie Sie mit unserer Website sowie mit anderen Websites interagieren k\u00f6nnen. Dies kann dazu f\u00fchren, dass Sie sich nicht mehr bei Diensten oder Programmen anmelden k\u00f6nnen, wie z. B. bei Foren oder Konten.<\/p>\n<p style=\"padding-left: 30px;\"><strong>4.1: GOOGLE ADVERTISING COOKIE UND DOUBLECLICK DART COOKIE:<\/strong> Google, als Drittanbieter, verwendet Cookies, um Anzeigen auf dieser Website zu schalten. Die Verwendung des DART-Cookies durch Google erm\u00f6glicht die Schaltung von Anzeigen f\u00fcr die Nutzer unserer Website auf der Grundlage ihrer Besuche auf dieser Website und anderen Websites im Internet. Die Nutzer k\u00f6nnen die Verwendung des DART-Cookies deaktivieren, indem sie die Datenschutzbestimmungen des Google-Anzeigen- und Content-Netzwerks aufrufen.<\/p>\n<h4><strong>5. PERSONENBEZOGENE DATEN VON KINDERN<\/strong><\/h4>\n<p>Wir sammeln nicht wissentlich personenbezogene Daten von Kindern unter 13 Jahren. Wenn wir erfahren, dass wir \u00fcber personenbezogene Daten eines Kindes unter 13 Jahren verf\u00fcgen, werden wir diese Daten aus unseren Systemen l\u00f6schen.<\/p>\n<h4><strong>6. KONTAKTINFORMATIONEN UND AKTUALISIERTE POLITIK<\/strong><\/h4>\n<p style=\"padding-left: 30px;\"><strong>6.1. KONTAKTAUFNAHME MIT UNS.<\/strong> Wenn Sie Fragen zu dieser Richtlinie oder zu unseren Praktiken im Zusammenhang mit dieser Website haben oder wenn Sie m\u00f6chten, dass wir Ihre Daten aus unserer Datenbank entfernen, wenden Sie sich bitte an folgende Adresse:<\/p>\n<p style=\"padding-left: 30px;\">support \"at\" ThirstyAffiliates.com (E-Mail)<\/p>\n<p style=\"padding-left: 30px;\"><strong>6.2. AKTUALISIERUNGEN UND \u00c4NDERUNGEN.<\/strong> Wir behalten uns das Recht vor, diese Richtlinie jederzeit zu erg\u00e4nzen, zu \u00e4ndern, zu aktualisieren oder zu modifizieren, indem wir solche \u00c4nderungen, Aktualisierungen oder Modifikationen einfach auf der Website ver\u00f6ffentlichen, ohne Sie davon in Kenntnis zu setzen. Jede derartige \u00c4nderung, Aktualisierung oder Modifikation tritt unmittelbar nach der Ver\u00f6ffentlichung auf der Website in Kraft. Es liegt in Ihrer Verantwortung, diese Richtlinie von Zeit zu Zeit zu \u00fcberpr\u00fcfen, um sicherzustellen, dass Sie weiterhin mit allen Bedingungen einverstanden sind.<\/p>","protected":false},"excerpt":{"rendered":"<p>Letzte Aktualisierung: 23. Mai 2018 Wir bei Caseproof wissen, dass der Schutz Ihrer pers\u00f6nlichen Daten wichtig ist. Im Folgenden finden Sie Informationen dar\u00fcber, welche Arten von personenbezogenen Daten wir erhalten und erfassen, wenn Sie unsere Website besuchen, mit unserem Unternehmen interagieren, und wie wir Ihre Daten sch\u00fctzen. 1. EINLEITUNG ThirstyAffiliates.com (\"wir\", \"wir\",<\/p>\n<p><a class=\"read-more\" href=\"https:\/\/thirstyaffiliates.com\/de\/privacy-policy\">Mehr lesen<\/a><\/p>","protected":false},"author":4286,"featured_media":0,"parent":0,"menu_order":0,"comment_status":"closed","ping_status":"closed","template":"","meta":{"_acf_changed":false,"om_disable_all_campaigns":false,"_strive_editorial_status":"not-started","_strive_copy_of":0,"_monsterinsights_skip_tracking":false,"_monsterinsights_sitenote_active":false,"_monsterinsights_sitenote_note":"","_monsterinsights_sitenote_category":0,"footnotes":""},"class_list":["post-5020","page","type-page","status-publish","hentry"],"acf":[],"aioseo_notices":[],"_links":{"self":[{"href":"https:\/\/thirstyaffiliates.com\/de\/wp-json\/wp\/v2\/pages\/5020","targetHints":{"allow":["GET"]}}],"collection":[{"href":"https:\/\/thirstyaffiliates.com\/de\/wp-json\/wp\/v2\/pages"}],"about":[{"href":"https:\/\/thirstyaffiliates.com\/de\/wp-json\/wp\/v2\/types\/page"}],"author":[{"embeddable":true,"href":"https:\/\/thirstyaffiliates.com\/de\/wp-json\/wp\/v2\/users\/4286"}],"replies":[{"embeddable":true,"href":"https:\/\/thirstyaffiliates.com\/de\/wp-json\/wp\/v2\/comments?post=5020"}],"version-history":[{"count":0,"href":"https:\/\/thirstyaffiliates.com\/de\/wp-json\/wp\/v2\/pages\/5020\/revisions"}],"wp:attachment":[{"href":"https:\/\/thirstyaffiliates.com\/de\/wp-json\/wp\/v2\/media?parent=5020"}],"curies":[{"name":"wp","href":"https:\/\/api.w.org\/{rel}","templated":true}]}}