{"id":5022,"date":"2017-07-21T15:29:51","date_gmt":"2017-07-21T05:29:51","guid":{"rendered":"https:\/\/thirstyaff.wpengine.com\/?page_id=5022"},"modified":"2021-07-21T19:03:08","modified_gmt":"2021-07-21T19:03:08","slug":"affiliate-disclosure","status":"publish","type":"page","link":"https:\/\/thirstyaffiliates.com\/de\/affiliate-disclosure","title":{"rendered":"Offenlegung von Partnerschaften"},"content":{"rendered":"<p>ThirstyAffiliates.com ist Teilnehmer des Partnerprogramms von Amazon Services LLC, ein Partnerwerbeprogramm, das zur Bereitstellung eines Mediums f\u00fcr Websites konzipiert wurde, mittels dessen durch die Platzierung von Werbeanzeigen und Links zu amazon.com Werbekostenerstattungen verdient werden k\u00f6nnen.<\/p>\n<p>Auf dieser Website wird auch von Zeit zu Zeit Werbung von verschiedenen Werbetreibenden platziert, einschlie\u00dflich, aber nicht beschr\u00e4nkt auf Google Adsense, bei dem wir einen Prozentsatz der Kosten f\u00fcr diesen Klick erhalten, wenn Sie darauf klicken.<\/p>\n<p>Schlie\u00dflich behalten wir uns das Recht vor, dieser Website in Zukunft Produkte hinzuzuf\u00fcgen, f\u00fcr die wir eine Verg\u00fctung f\u00fcr etwaige K\u00e4ufe durch Besucher erhalten. Es gibt Tausende von Produkten im Internet zu kaufen, aber wir nehmen nur die Produkte auf, die wir recherchiert haben und f\u00fcr gut halten.<\/p>\n<p>Unsere Aufgabe ist es in erster Linie, unseren Besuchern wertvolle Informationen zur Verf\u00fcgung zu stellen, und Geld verdienen aus diesen Initiativen ist eine sekund\u00e4re Aktivit\u00e4t, aber diese Website ist ein gewinnorientiertes Unternehmen und als solche, wenn wir die M\u00f6glichkeit haben, das gleiche Produkt zu empfehlen und erhalten eine Affiliate-Provision, die bevorzugt werden. Diese Offenlegung ist vorhanden, dass 100% klar zu unseren Besuchern zu machen.<\/p>\n<p>Sollten Sie noch Fragen haben, k\u00f6nnen Sie uns \u00fcber das Kontaktformular kontaktieren. <a href=\"https:\/\/thirstyaffiliates.com\/de\/contact\/\">Kontaktseite<\/a>.<\/p>","protected":false},"excerpt":{"rendered":"<p>ThirstyAffiliates.com ist Teilnehmer des Partnerprogramms von Amazon Services LLC, ein Partnerwerbeprogramm, das zur Bereitstellung eines Mediums f\u00fcr Websites konzipiert wurde, mittels dessen durch die Platzierung von Werbeanzeigen und Links zu amazon.com Werbekostenerstattungen verdient werden k\u00f6nnen. Diese Seite tut auch oder beabsichtigt, von Zeit zu Zeit Werbung von verschiedenen Inserenten auf dieser Website zu platzieren<\/p>\n<p><a class=\"read-more\" href=\"https:\/\/thirstyaffiliates.com\/de\/affiliate-disclosure\">Mehr lesen<\/a><\/p>","protected":false},"author":4286,"featured_media":0,"parent":0,"menu_order":0,"comment_status":"closed","ping_status":"closed","template":"","meta":{"_acf_changed":false,"om_disable_all_campaigns":false,"_strive_editorial_status":"not-started","_strive_copy_of":0,"_monsterinsights_skip_tracking":false,"_monsterinsights_sitenote_active":false,"_monsterinsights_sitenote_note":"","_monsterinsights_sitenote_category":0,"footnotes":""},"class_list":["post-5022","page","type-page","status-publish","hentry"],"acf":[],"aioseo_notices":[],"_links":{"self":[{"href":"https:\/\/thirstyaffiliates.com\/de\/wp-json\/wp\/v2\/pages\/5022","targetHints":{"allow":["GET"]}}],"collection":[{"href":"https:\/\/thirstyaffiliates.com\/de\/wp-json\/wp\/v2\/pages"}],"about":[{"href":"https:\/\/thirstyaffiliates.com\/de\/wp-json\/wp\/v2\/types\/page"}],"author":[{"embeddable":true,"href":"https:\/\/thirstyaffiliates.com\/de\/wp-json\/wp\/v2\/users\/4286"}],"replies":[{"embeddable":true,"href":"https:\/\/thirstyaffiliates.com\/de\/wp-json\/wp\/v2\/comments?post=5022"}],"version-history":[{"count":0,"href":"https:\/\/thirstyaffiliates.com\/de\/wp-json\/wp\/v2\/pages\/5022\/revisions"}],"wp:attachment":[{"href":"https:\/\/thirstyaffiliates.com\/de\/wp-json\/wp\/v2\/media?parent=5022"}],"curies":[{"name":"wp","href":"https:\/\/api.w.org\/{rel}","templated":true}]}}