{"id":9809,"date":"2018-10-18T17:28:15","date_gmt":"2018-10-18T07:28:15","guid":{"rendered":"https:\/\/thirstyaff.wpengine.com\/?page_id=9809"},"modified":"2025-06-24T17:14:29","modified_gmt":"2025-06-24T23:14:29","slug":"thirstyaffiliates-pro-changelog","status":"publish","type":"page","link":"https:\/\/thirstyaffiliates.com\/de\/thirstyaffiliates-pro-changelog","title":{"rendered":"ThirstyAffiliates Pro \u00c4nderungsliste"},"content":{"rendered":"<p><strong><b>1.8<\/b>.5<\/strong><\/p>\n\n\n\n<ul class=\"wp-block-list\">\n<li>Autolink-Schl\u00fcsselwortspalte zur Tabelle der Partnerlinks hinzugef\u00fcgt<\/li>\n\n\n\n<li>In der Suche werden keine Bildlinks angezeigt<\/li>\n\n\n\n<li>Doppelte Medienelemente beim Import<\/li>\n\n\n\n<li>Beispiel f\u00fcr den CSV-Import von Bild-URLs<\/li>\n<\/ul>\n\n\n\n<p><strong><b>1.8<\/b>.4<\/strong><\/p>\n\n\n\n<ul class=\"wp-block-list\">\n<li>Falschen Teil der Beschreibung von Autolinker-Posttypen entfernen<\/li>\n<\/ul>\n\n\n\n<p><strong><b>1.8<\/b>.3<\/strong><\/p>\n\n\n\n<ul class=\"wp-block-list\">\n<li>Fix: Lizenz-Domain wird ersetzt, wenn die Seite in eine nicht-englische Version \u00fcbersetzt wird<\/li>\n<\/ul>\n\n\n\n<p><strong><b>1.8<\/b>.2<\/strong><\/p>\n\n\n\n<ul class=\"wp-block-list\">\n<li>PHP 8+ Korrekturen<\/li>\n<\/ul>\n\n\n\n<p><b>1.8.1<\/b><\/p>\n\n\n\n<ul class=\"wp-block-list\">\n<li>Basisfunktionalit\u00e4t f\u00fcr einen kommenden Onboarding-Assistenten<\/li>\n<\/ul>\n\n\n\n<p><b>1.8.0<\/b><\/p>\n\n\n\n<ul class=\"wp-block-list\">\n<li>Verbesserung: Der CSV-Importer arbeitet jetzt \u00fcber Ajax, um die Leistung bei gr\u00f6\u00dferen Dateien zu verbessern.<\/li>\n\n\n\n<li>Fehlerbehebung: Doppelter Tag in Berichten beim Zur\u00fcckstellen der Uhren<\/li>\n\n\n\n<li>Fehlerbehebung: Automatischer 404-Checker arbeitet nicht korrekt f\u00fcr Amazon-Links<\/li>\n\n\n\n<li>Fehlerbehebung: Fataler Fehler, wenn Update Transient falsch ist<\/li>\n<\/ul>\n\n\n\n<p><b>1.7.14<\/b><\/p>\n\n\n\n<ul class=\"wp-block-list\">\n<li>Fehlerbehebung: Meldet Kompatibilit\u00e4t mit der neuesten Version von ThirstyAffiliates Lite<\/li>\n\n\n\n<li>Fehlerbehebung: PHP-Warnung in Autolinker<\/li>\n<\/ul>\n\n\n\n<p><b>1.7.13<\/b><\/p>\n\n\n\n<ul class=\"wp-block-list\">\n<li>Merkmal: Es_ES \u00dcbersetzung hinzugef\u00fcgt<\/li>\n\n\n\n<li>Verbesserung: Hinzuf\u00fcgen eines Filterhakens f\u00fcr die Geolocation-Client-IP<\/li>\n\n\n\n<li>Fehlerbehebung: Pro-Benutzer-Plugin-\u00dcbersetzungen<\/li>\n<\/ul>\n\n\n\n<p><b>1.7.12<\/b><\/p>\n\n\n\n<ul class=\"wp-block-list\">\n<li>Fehlerbehebung: In der alten Autolinker-Implementierung werden l\u00e4ngere Schl\u00fcsselw\u00f6rter vor k\u00fcrzeren gefunden<\/li>\n\n\n\n<li>Struktur: Das Verzeichnis \/languages\/ wurde umbenannt in \/i18n\/<\/li>\n<\/ul>\n\n\n\n<p><b>1.7.11<\/b><\/p>\n\n\n\n<ul class=\"wp-block-list\">\n<li>Merkmal: Unterst\u00fctzung f\u00fcr Polen, Saudi-Arabien und Schweden zum Amazon-Importer hinzugef\u00fcgt<\/li>\n\n\n\n<li>Fehlerbehebung: Konflikte beim Laden des Google Klick-Tracking-Skripts<\/li>\n<\/ul>\n\n\n\n<p><b>1.7.10<\/b><\/p>\n\n\n\n<ul class=\"wp-block-list\">\n<li>Fehlerbehebung: JavaScript-Fehler, wenn jQuery zur\u00fcckgestellt ist<\/li>\n\n\n\n<li>Fehlerbehebung: JavaScript-Fehler bei aktivem Adblocker<\/li>\n\n\n\n<li>Fehlerbehebung: Kein \u00dcberschreiben der max_execution_time von PHP<\/li>\n<\/ul>\n\n\n\n<p><b>1.7.8<\/b><\/p>\n\n\n\n<ul class=\"wp-block-list\">\n<li>Eigenschaft: Der Autolinker wird Schl\u00fcsselw\u00f6rter in p-Tags mit der Klasse \"ta-ignore\" nicht ersetzen<\/li>\n\n\n\n<li>Funktion: Hinzuf\u00fcgen eines Filters in der Inhaltsauswahl f\u00fcr die Offenlegungsmeldung<\/li>\n\n\n\n<li>Verbesserung: \u00c4nderung des Autolinker-Caches, so dass k\u00fcrzlich ge\u00e4nderte Links bevorzugt werden<\/li>\n\n\n\n<li>\u00c4ndern: Einstellen, dass der Link zur Offenlegung von Partnerschaften in einem neuen Tab ge\u00f6ffnet wird<\/li>\n\n\n\n<li>\u00c4nderung: Der Link Health Checker pr\u00fcft jetzt nur noch auf 404er (und hei\u00dft jetzt Automatischer 404 Checker)<\/li>\n\n\n\n<li>Fehlerbehebung: Doppelte Cron-Ereignisse in der Warteschlange<\/li>\n\n\n\n<li>Fehlerbehebung: jQuery-Migrationswarnungen<\/li>\n\n\n\n<li>Fehlerbehebung: Disclosure-Tooltip-Inhalt unter Schaltfl\u00e4chen in einigen Themes<\/li>\n<\/ul>\n\n\n\n<p><b>1.7.7<\/b><\/p>\n\n\n\n<ul class=\"wp-block-list\">\n<li>Verbesserung: Sortieren Sie die Autolinker-Schl\u00fcsselw\u00f6rter so, dass die l\u00e4ngsten Schl\u00fcsselw\u00f6rter zuerst gefunden werden<\/li>\n\n\n\n<li>Fehlerbehebung: Anpassung der Position des Google-Klick-Tracking-Skripts zur Unterst\u00fctzung von jQuery in der Fu\u00dfzeile<\/li>\n\n\n\n<li>Fehlerbehebung: Doppelte Kategorien werden beim Importieren von Links erstellt<\/li>\n\n\n\n<li>Fehlerbehebung: Abfrage der Statistiktabelle beim Filtern nach Kategorie<\/li>\n<\/ul>\n\n\n\n<p><b>1.7.6<\/b><\/p>\n\n\n\n<ul class=\"wp-block-list\">\n<li>Bug Fix: Ausblenden des vollst\u00e4ndigen Lizenzschl\u00fcssels nach der Lizenzaktivierung<\/li>\n<\/ul>\n\n\n\n<p><b>1.7.5<\/b><\/p>\n\n\n\n<ul class=\"wp-block-list\">\n<li>Bug Fix: Nicht-Administrator-Rollen k\u00f6nnen die Plugin-Einstellungen nicht speichern<\/li>\n\n\n\n<li>Bug Fix: Fehler beim Speichern der Amazon-Einstellungen bei Neuinstallation<\/li>\n\n\n\n<li>Fehlerbehebung: Amazon-Links werden beim Import nicht ber\u00fccksichtigt<\/li>\n\n\n\n<li>Eigenschaft: Hinzuf\u00fcgen von Filterhaken zum Ausschluss von HTML-Tags aus dem Autolinker<\/li>\n<\/ul>\n\n\n\n<p><b>1.7.4<\/b><\/p>\n\n\n\n<ul class=\"wp-block-list\">\n<li>Fehlerbehebung: Der Amazon-Importer wurde aktualisiert, um PA API 5.0 zu verwenden.<\/li>\n\n\n\n<li>Fehlerbehebung: Ersetzung von Schl\u00fcsselw\u00f6rtern, die auf den aktuellen Beitrag verweisen<\/li>\n\n\n\n<li>Verbessert: Hinzuf\u00fcgen von Unterst\u00fctzung f\u00fcr Amazon Affiliate Programme in Australien, Niederlande, Singapur, T\u00fcrkei und UAE<\/li>\n<\/ul>\n\n\n\n<p><b>1.7.3<\/b><\/p>\n\n\n\n<ul class=\"wp-block-list\">\n<li>Fehlerbehebung: Fataler Fehler bei der Aktivierung des Plugins in einigen WP-Zeitzonen<\/li>\n\n\n\n<li>Fehlerbehebung: Redirect-Problem beim Importieren von Links mit Ampersands<\/li>\n\n\n\n<li>Bug Fix: Nicht-englische Zeichen erscheinen als ? in der exportierten CSV-Datei<\/li>\n\n\n\n<li>Fehlerbehebung: Position der Erfolgsmeldung des CSV-Exporters<\/li>\n<\/ul>\n\n\n\n<p><b>1.7.2<\/b><\/p>\n\n\n\n<ul class=\"wp-block-list\">\n<li>Eigenschaft: Unterst\u00fctzung f\u00fcr die Geolokalisierung von IPv6-Adressen hinzugef\u00fcgt<\/li>\n\n\n\n<li>Verbesserung: \u00c4nderung des 'hover'-Ereignisses in 'mouseenter' f\u00fcr das Offenlegungssymbol<\/li>\n\n\n\n<li>Bug Fix: Problem mit Schl\u00fcsselwort-Ersetzungen, die einen Schr\u00e4gstrich enthalten<\/li>\n\n\n\n<li>Fehlerbehebung: Geolokalisierung des HTTP_X_FORWARDED_FOR-Headers<\/li>\n\n\n\n<li>Fehlerbehebung: Schwerwiegender Fehler beim Beenden der Aktivierungsmeldung<\/li>\n\n\n\n<li>Bug Fix: Die CSS-Datei f\u00fcr den Bearbeitungslink wird von Adblock Plus blockiert<\/li>\n\n\n\n<li>Fehlerbehebung: Warnungen vor gemischten Inhalten auf HTTPS-Seiten<\/li>\n\n\n\n<li>Fehlerbehebung: Fataler Fehler im CSV-Importer<\/li>\n\n\n\n<li>Bug Fix: HTML-Entity-Problem in der exportierten CSV-Datei<\/li>\n\n\n\n<li>Fehlerbehebung: Mehrere schwerwiegende Fehler und Probleme mit dem Datum der Link-\u00dcberpr\u00fcfung<\/li>\n\n\n\n<li>Fehlerbehebung: Position des Schaltfl\u00e4chensymbols im Link-Zustandsbericht<\/li>\n<\/ul>\n\n\n\n<p><b>1.7.1<\/b><\/p>\n\n\n\n<ul class=\"wp-block-list\">\n<li>Verbesserung: Kleinere Code-Verbesserungen<\/li>\n<\/ul>\n\n\n\n<p><b>1.7<\/b><\/p>\n\n\n\n<ul class=\"wp-block-list\">\n<li>Fehlerbehebung: Problem mit dem Link Health Checker, der alle paar Minuten einen Bericht per E-Mail sendet<\/li>\n<\/ul>\n\n\n\n<p><b>1.6<\/b><\/p>\n\n\n\n<ul class=\"wp-block-list\">\n<li>Fehlerbehebung: Amazon Importierte US-Links generieren keinen UK-Geolocation-Link<\/li>\n\n\n\n<li>Fehlerbehebung: Gemeldete Warnungen im Zusammenhang mit dem Update-Manager in Models\/SLMW\/Update.php Zeile 401<\/li>\n\n\n\n<li>Bug Fix: Verbesserung des Multi-Site-Verhaltens bei den Lizenzeinstellungen<\/li>\n<\/ul>","protected":false},"excerpt":{"rendered":"<p>1.8.5 1.8.4 1.8.3 1.8.2 1.8.1 1.8.0 1.7.14 1.7.13 1.7.12 1.7.11 1.7.10 1.7.8 1.7.7 1.7.6 1.7.5 1.7.4 1.7.3 1.7.2 1.7.1 1.7 1.6<\/p>","protected":false},"author":4286,"featured_media":0,"parent":0,"menu_order":0,"comment_status":"closed","ping_status":"closed","template":"","meta":{"_acf_changed":false,"om_disable_all_campaigns":false,"_strive_editorial_status":"not-started","_strive_copy_of":0,"_monsterinsights_skip_tracking":false,"_monsterinsights_sitenote_active":false,"_monsterinsights_sitenote_note":"","_monsterinsights_sitenote_category":0,"footnotes":""},"class_list":["post-9809","page","type-page","status-publish","hentry"],"acf":[],"aioseo_notices":[],"_links":{"self":[{"href":"https:\/\/thirstyaffiliates.com\/de\/wp-json\/wp\/v2\/pages\/9809","targetHints":{"allow":["GET"]}}],"collection":[{"href":"https:\/\/thirstyaffiliates.com\/de\/wp-json\/wp\/v2\/pages"}],"about":[{"href":"https:\/\/thirstyaffiliates.com\/de\/wp-json\/wp\/v2\/types\/page"}],"author":[{"embeddable":true,"href":"https:\/\/thirstyaffiliates.com\/de\/wp-json\/wp\/v2\/users\/4286"}],"replies":[{"embeddable":true,"href":"https:\/\/thirstyaffiliates.com\/de\/wp-json\/wp\/v2\/comments?post=9809"}],"version-history":[{"count":3,"href":"https:\/\/thirstyaffiliates.com\/de\/wp-json\/wp\/v2\/pages\/9809\/revisions"}],"predecessor-version":[{"id":36846,"href":"https:\/\/thirstyaffiliates.com\/de\/wp-json\/wp\/v2\/pages\/9809\/revisions\/36846"}],"wp:attachment":[{"href":"https:\/\/thirstyaffiliates.com\/de\/wp-json\/wp\/v2\/media?parent=9809"}],"curies":[{"name":"wp","href":"https:\/\/api.w.org\/{rel}","templated":true}]}}