{"id":24359,"date":"2020-02-07T04:33:22","date_gmt":"2020-02-06T18:33:22","guid":{"rendered":"https:\/\/thirstyaff.wpengine.com\/?page_id=24359"},"modified":"2024-11-27T12:46:05","modified_gmt":"2024-11-27T17:46:05","slug":"terms-and-conditions","status":"publish","type":"page","link":"https:\/\/thirstyaffiliates.com\/es\/terms-and-conditions","title":{"rendered":"Condiciones generales"},"content":{"rendered":"<p>Nuestro sitio web le concede una licencia limitada no exclusiva para utilizar el complemento ThirstyAffiliates Pro y otros productos vendidos a trav\u00e9s de nuestro sitio web (https:\/\/thirstyaffiliates.com) por Caseproof, LLC (los \u201cproductos\u201d) de acuerdo con estos T\u00e9rminos y condiciones (la \u201clicencia\u201d) emitidos por nuestra empresa.<\/p>\n\n\n\n<h5 class=\"wp-block-heading\">1. Licencias de los plugins<\/h5>\n\n\n\n<p>ThirstyAffiliates est\u00e1 licenciado bajo la licencia p\u00fablica general GNU (<a href=\"http:\/\/www.gnu.org\/licenses\/gpl.html\">http:\/\/www.gnu.org\/licenses\/gpl.html<\/a>).<a name=\"upgrades\"><\/a><\/p>\n\n\n\n<h5 class=\"wp-block-heading\">2. Servicio de actualizaci\u00f3n autom\u00e1tica<\/h5>\n\n\n\n<p>El acceso a nuestro Servicio de Actualizaciones Autom\u00e1ticas est\u00e1 disponible para los clientes de acuerdo con la licencia adquirida que tengan una clave de licencia activa.<a name=\"delivery\"><\/a><\/p>\n\n\n\n<h5 class=\"wp-block-heading\">3. Entrega<\/h5>\n\n\n\n<p>Una vez que hayamos recibido el primer pago de su suscripci\u00f3n peri\u00f3dica autom\u00e1tica, recibir\u00e1 un correo electr\u00f3nico con el enlace de descarga, el nombre de usuario y la contrase\u00f1a. Esto puede tardar hasta 1 hora en llegar, pero por lo general, sucede a los pocos minutos de realizar el pedido. Si no recibe un correo electr\u00f3nico despu\u00e9s de este per\u00edodo de tiempo, por favor <a href=\"https:\/\/thirstyaffiliates.com\/es\/contact\/\">Contacto<\/a>. A continuaci\u00f3n, puede acceder a <a href=\"https:\/\/thirstyaffiliates.com\/es\/account\/\">su cuenta<\/a>&nbsp;para recibir soporte si utiliza la direcci\u00f3n de correo electr\u00f3nico que utiliz\u00f3 para comprar el plugin tendr\u00e1 acceso instant\u00e1neo a todo el material relacionado con el soporte. Su suscripci\u00f3n autom\u00e1tica puede ser cancelada en cualquier momento. Los titulares de licencias canceladas no recibir\u00e1n soporte ni actualizaciones futuras.<a name=\"ownership\"><\/a><\/p>\n\n\n\n<h5 class=\"wp-block-heading\">4. Propiedad<\/h5>\n\n\n\n<p>No podr\u00e1 reclamar derechos de propiedad intelectual o exclusiva sobre ninguno de nuestros productos. Todos los productos son propiedad de Caseproof, LLC. Se proporcionan \"tal cual\", sin garant\u00eda de ning\u00fan tipo, expresa o impl\u00edcita. No seremos responsables de ning\u00fan da\u00f1o, incluidos, entre otros, los da\u00f1os o p\u00e9rdidas directos, indirectos, especiales, fortuitos o consecuentes que se produzcan por el uso o la imposibilidad de usar nuestros productos. <a name=\"content\"><\/a><\/p>\n\n\n\n<h5 class=\"wp-block-heading\">5. Contenido del sitio<\/h5>\n\n\n\n<p>Todo el contenido del sitio, incluidas las im\u00e1genes y la documentaci\u00f3n publicadas en ThirstyAffiliates.com, es propiedad de Caseproof, LLC. Cualquier reproducci\u00f3n del contenido del sitio deber\u00e1 ser autorizada previamente. El contenido de este sitio no podr\u00e1 utilizarse ni explotarse con fines comerciales o no comerciales sin el consentimiento previo por escrito de Caseproof, LLC. <a name=\"refunds\"><\/a><\/p>\n\n\n\n<h5 class=\"wp-block-heading\">6. 6. Pol\u00edtica de reembolso<\/h5>\n\n\n\n<p>La garant\u00eda de devoluci\u00f3n de dinero sin riesgo de ThirsyAffiliates ofrece que, si en cualquier momento dentro de los primeros 14 d\u00edas de la apertura de su cuenta de pago usted decide que ThirstyAffiliates no es para usted, entonces simplemente h\u00e1gaselo saber a nuestro impresionante equipo de soporte (\u00a1lo hacemos f\u00e1cil!).<\/p>\n\n\n\n<p>Suspenderemos su Suscripci\u00f3n y le reembolsaremos el importe abonado. Su solicitud de reembolso debe recibirse en un plazo de 24 horas laborables a partir de los 14 d\u00edas de la fecha y hora de apertura de su Cuenta de pago. Aunque algunos reembolsos pueden ser instant\u00e1neos, el abono del reembolso puede tardar entre 5 y 10 d\u00edas laborables en aparecer en el extracto de su tarjeta de cr\u00e9dito. Las solicitudes de reembolso realizadas despu\u00e9s de este periodo de 14 d\u00edas no ser\u00e1n atendidas.<\/p>\n\n\n\n<p>Tambi\u00e9n ofrecemos reembolsos dentro de los 14 d\u00edas siguientes a la renovaci\u00f3n de la suscripci\u00f3n por el importe total menos una tasa administrativa de 20% (y posiblemente las tasas del procesador de pagos). Tenga en cuenta que enviamos un recordatorio sobre las pr\u00f3ximas renovaciones, y es responsabilidad del cliente cancelar su suscripci\u00f3n antes de que se produzca la renovaci\u00f3n si no desea continuar. Las solicitudes de reembolso por renovaciones realizadas despu\u00e9s de los primeros 14 d\u00edas posteriores a la renovaci\u00f3n no ser\u00e1n aceptadas.<a name=\"chargebacks\"><\/a><\/p>\n\n\n\n<h5 class=\"wp-block-heading\">7. Devoluciones de cargo<\/h5>\n\n\n\n<p>Los titulares de licencias deben <a href=\"https:\/\/thirstyaffiliates.com\/es\/contact\/\" target=\"_blank\" rel=\"noreferrer noopener\" aria-label=\" (se abre en una nueva pesta\u00f1a)\">Contacto<\/a> antes de solicitar una devoluci\u00f3n de cargo a su banco. Nos reservamos el derecho a impugnar las devoluciones de cargo si el cargo no es fraudulento y no se evidencia ninguna comunicaci\u00f3n por parte del titular de la licencia. <a name=\"support\"><\/a><\/p>\n\n\n\n<h5 class=\"wp-block-heading\">8. Soporte<\/h5>\n\n\n\n<p>Caseproof, LLC ofrece plugins de WordPress \u201ctal cual\u201d y sin que ello implique que vayan a funcionar exactamente como a usted le gustar\u00eda o que vayan a ser compatibles con todos los componentes y plugins de terceros. No ofrecemos asistencia por correo electr\u00f3nico ni asistencia de ning\u00fan otro tipo para WordPress u otros plugins de WordPress que no hayamos desarrollado nosotros. El soporte se ofrece a trav\u00e9s de un nombre de usuario y contrase\u00f1a v\u00e1lidos. La compra de una licencia le da acceso a nuestro sistema de tickets de soporte.<\/p>\n\n\n\n<p>La asistencia y el acceso a nuestro sistema autom\u00e1tico de actualizaci\u00f3n de productos se proporcionan durante un per\u00edodo de 1 a\u00f1o a partir del momento de la compra. Transcurrido ese plazo, ser\u00e1 necesario renovar la licencia para seguir recibiendo asistencia y actualizaciones del producto.\n\nLos titulares de licencias no est\u00e1n autorizados a volver a publicar contenido de soporte (incluidos correos electr\u00f3nicos, tickets de soporte, grabaciones de llamadas telef\u00f3nicas o grabaciones de pantallas compartidas) o documentaci\u00f3n en sitios web externos, redes sociales, etc. Tambi\u00e9n est\u00e1 prohibido publicar capturas de pantalla de este contenido. La infracci\u00f3n ser\u00e1 motivo de rescisi\u00f3n inmediata de la licencia, se interrumpir\u00e1 todo acceso al contenido de soporte y a las actualizaciones del producto. Asimismo, ninguno de estos contenidos podr\u00e1 utilizarse como base o parte de cualquier litigio derivado del soporte o del uso de nuestros plugins.\n\nNo garantizamos que nuestro soporte pueda resolver todos los problemas y en todas las situaciones. Tampoco asumimos ninguna responsabilidad por las acciones llevadas a cabo por los propietarios de los sitios o por nuestro equipo de soporte que provoquen la inactividad del sitio web, la p\u00e9rdida de datos o cualquier otro problema durante el proceso de soluci\u00f3n de problemas, correcci\u00f3n de errores, pruebas u otros.\n\nTampoco garantizamos ninguna respuesta a las solicitudes de asistencia que recibamos por correo electr\u00f3nico (fuera de nuestro sistema de tickets de asistencia), tel\u00e9fono o nuestro formulario de contacto p\u00fablico. Asimismo, nos reservamos el derecho a denegar la asistencia a cualquier usuario o cliente que consideremos oportuno.\n<\/p>\n\n\n\n<h5 class=\"wp-block-heading\">9. Correos electr\u00f3nicos transaccionales<\/h5>\n\n\n\n<p>Caseproof, LLC puede enviarle en ocasiones notificaciones por correo electr\u00f3nico relacionadas con su licencia de ThirstyAffiliates. Estos correos electr\u00f3nicos transaccionales pueden incluir notificaciones de cambios en la licencia, cambios en nuestros t\u00e9rminos y condiciones, avisos de caducidad de la licencia y otros correos electr\u00f3nicos transaccionales relacionados con su compra de ThirstyAffiliates.<\/p>\n\n\n\n<h5 class=\"wp-block-heading\">10. Cambios en los precios<\/h5>\n\n\n\n<p>Caseproof, LLC se reserva el derecho, en cualquier momento, de modificar o interrumpir, temporal o permanentemente, una licencia con o sin previo aviso. Los precios de todos los productos est\u00e1n sujetos a cambios. Los cambios de precios se notificar\u00e1n en el sitio web. <\/p>\n\n\n\n<h5 class=\"wp-block-heading\">11. Garant\u00eda<\/h5>\n\n\n\n<p>Todos nuestros plugins de WordPress se proporcionan \"tal cual\". No garantizamos que funcionen con todos los plugins de terceros, con todos los navegadores web o con todos los alojamientos web. No nos hacemos responsables de los conflictos de compatibilidad de plugins que puedan producirse. Nuestra pol\u00edtica es dar soporte a nuestros plugins lo mejor que podamos y proporcionaremos soporte para conflictos con plugins de terceros a nuestra discreci\u00f3n o cuando el tiempo lo permita. No somos responsables de ninguna p\u00e9rdida de datos, tiempo de inactividad del sitio web o cualquier otro problema que pueda ocurrir como resultado de la instalaci\u00f3n de nuestros plugins. <\/p>\n\n\n\n<h5 class=\"wp-block-heading\">12. Aceptaci\u00f3n<\/h5>\n\n\n\n<p>Al comprar nuestro(s) producto(s) o descargar nuestros plugins gratuitos en wordpress.org usted indica que ha le\u00eddo y acepta los T\u00e9rminos y Condiciones detallados en esta p\u00e1gina. <\/p>\n\n\n\n<h5 class=\"wp-block-heading\">13. Ley aplicable y jurisdicci\u00f3n<\/h5>\n\n\n\n<p>Estos T\u00e9rminos y Condiciones se regir\u00e1n de acuerdo con las leyes del estado de Utah, sin tener en cuenta los principios de conflicto de leyes. Cualquier disputa relacionada con estos T\u00e9rminos y Condiciones se resolver\u00e1 exclusivamente en los Tribunales Estatales o Federales ubicados en Salt Lake City, Utah, y las partes aceptan la jurisdicci\u00f3n personal de dichos tribunales. Nos reservamos el derecho a cambiar o modificar los presentes T\u00e9rminos y Condiciones sin previo aviso.<\/p>","protected":false},"excerpt":{"rendered":"<p>Our website grants you non-exclusive limited license to use the ThirstyAffiliates Pro plugin and other products sold through our website (https:\/\/thirstyaffiliates.com) by Caseproof, LLC (the &#8220;products&#8221;) in accordance with these Terms &amp; Conditions (the &#8220;license&#8221;) issued by our company. 1. Plugin Licensing ThirstyAffiliates is licensed under the GNU general public<\/p>\n<p><a class=\"read-more\" href=\"https:\/\/thirstyaffiliates.com\/es\/terms-and-conditions\">Seguir leyendo<\/a><\/p>","protected":false},"author":4286,"featured_media":0,"parent":0,"menu_order":0,"comment_status":"closed","ping_status":"closed","template":"","meta":{"_acf_changed":false,"om_disable_all_campaigns":false,"_strive_editorial_status":"not-started","_strive_copy_of":0,"_monsterinsights_skip_tracking":false,"_monsterinsights_sitenote_active":false,"_monsterinsights_sitenote_note":"","_monsterinsights_sitenote_category":0,"footnotes":""},"class_list":["post-24359","page","type-page","status-publish","hentry"],"acf":[],"aioseo_notices":[],"_links":{"self":[{"href":"https:\/\/thirstyaffiliates.com\/es\/wp-json\/wp\/v2\/pages\/24359","targetHints":{"allow":["GET"]}}],"collection":[{"href":"https:\/\/thirstyaffiliates.com\/es\/wp-json\/wp\/v2\/pages"}],"about":[{"href":"https:\/\/thirstyaffiliates.com\/es\/wp-json\/wp\/v2\/types\/page"}],"author":[{"embeddable":true,"href":"https:\/\/thirstyaffiliates.com\/es\/wp-json\/wp\/v2\/users\/4286"}],"replies":[{"embeddable":true,"href":"https:\/\/thirstyaffiliates.com\/es\/wp-json\/wp\/v2\/comments?post=24359"}],"version-history":[{"count":1,"href":"https:\/\/thirstyaffiliates.com\/es\/wp-json\/wp\/v2\/pages\/24359\/revisions"}],"predecessor-version":[{"id":36607,"href":"https:\/\/thirstyaffiliates.com\/es\/wp-json\/wp\/v2\/pages\/24359\/revisions\/36607"}],"wp:attachment":[{"href":"https:\/\/thirstyaffiliates.com\/es\/wp-json\/wp\/v2\/media?parent=24359"}],"curies":[{"name":"wp","href":"https:\/\/api.w.org\/{rel}","templated":true}]}}