{"id":27423,"date":"2020-10-29T07:28:07","date_gmt":"2020-10-28T21:28:07","guid":{"rendered":"https:\/\/thirstyaff.wpengine.com\/?page_id=27423"},"modified":"2021-05-13T19:48:34","modified_gmt":"2021-05-13T19:48:34","slug":"media","status":"publish","type":"page","link":"https:\/\/thirstyaffiliates.com\/es\/media","title":{"rendered":"Medios de comunicaci\u00f3n"},"content":{"rendered":"<p>Descargue un conjunto de varios logotipos aprobados de Thirsty Affiliates en alta resoluci\u00f3n:<\/p>\n\n\n\n<div class=\"wp-block-file\"><a href=\"https:\/\/thirstyaffiliates.com\/wp-content\/uploads\/2020\/10\/Thirsty_Affiliates_Logo_Pack.zip\">Thirsty Affiliates Logo Pack<\/a><a href=\"https:\/\/thirstyaffiliates.com\/wp-content\/uploads\/2020\/10\/Thirsty_Affiliates_Logo_Pack.zip\" class=\"wp-block-file__button\" download>Descargar<\/a><\/div>\n\n\n\n<div style=\"height:20px\" aria-hidden=\"true\" class=\"wp-block-spacer\"><\/div>\n\n\n\n<h3 class=\"wp-block-heading\">M\u00e1s informaci\u00f3n y recursos<\/h3>\n\n\n\n<p>Si necesita m\u00e1s informaci\u00f3n o recursos, nos encantar\u00eda que nos lo comunicara a trav\u00e9s de nuestro <a href=\"https:\/\/thirstyaffiliates.com\/es\/contact\/\">Formulario de contacto<\/a>.<\/p>","protected":false},"excerpt":{"rendered":"<p>Download a set of various approved high resolution Thirsty Affiliates logos: More Information &amp; Resources If you need more information or resources we&#8217;d love to hear from you via our Contact form.<\/p>","protected":false},"author":4286,"featured_media":0,"parent":0,"menu_order":0,"comment_status":"closed","ping_status":"closed","template":"","meta":{"_acf_changed":false,"om_disable_all_campaigns":false,"_strive_editorial_status":"not-started","_strive_copy_of":0,"_monsterinsights_skip_tracking":false,"_monsterinsights_sitenote_active":false,"_monsterinsights_sitenote_note":"","_monsterinsights_sitenote_category":0,"footnotes":""},"class_list":["post-27423","page","type-page","status-publish","hentry"],"acf":[],"aioseo_notices":[],"_links":{"self":[{"href":"https:\/\/thirstyaffiliates.com\/es\/wp-json\/wp\/v2\/pages\/27423","targetHints":{"allow":["GET"]}}],"collection":[{"href":"https:\/\/thirstyaffiliates.com\/es\/wp-json\/wp\/v2\/pages"}],"about":[{"href":"https:\/\/thirstyaffiliates.com\/es\/wp-json\/wp\/v2\/types\/page"}],"author":[{"embeddable":true,"href":"https:\/\/thirstyaffiliates.com\/es\/wp-json\/wp\/v2\/users\/4286"}],"replies":[{"embeddable":true,"href":"https:\/\/thirstyaffiliates.com\/es\/wp-json\/wp\/v2\/comments?post=27423"}],"version-history":[{"count":0,"href":"https:\/\/thirstyaffiliates.com\/es\/wp-json\/wp\/v2\/pages\/27423\/revisions"}],"wp:attachment":[{"href":"https:\/\/thirstyaffiliates.com\/es\/wp-json\/wp\/v2\/media?parent=27423"}],"curies":[{"name":"wp","href":"https:\/\/api.w.org\/{rel}","templated":true}]}}