{"id":27429,"date":"2020-10-29T08:01:45","date_gmt":"2020-10-28T22:01:45","guid":{"rendered":"https:\/\/thirstyaff.wpengine.com\/?page_id=27429"},"modified":"2021-05-13T19:48:34","modified_gmt":"2021-05-13T19:48:34","slug":"affiliate-program","status":"publish","type":"page","link":"https:\/\/thirstyaffiliates.com\/es\/affiliate-program","title":{"rendered":"Programa de afiliados"},"content":{"rendered":"<h3 class=\"wp-block-heading\">Promocione el mejor plugin de gesti\u00f3n de enlaces de afiliados del mundo<\/h3>\n\n\n\n<p>Cuando te unes al programa de afiliados de ThirstyAffiliates, pasas a formar parte de un equipo que promociona el mejor plugin de gesti\u00f3n de enlaces de afiliados del mercado. \u00a1ThirstyAffiliates hace que sea f\u00e1cil de administrar, rastrear y monetizar sus enlaces de afiliados!<\/p>\n\n\n\n<h4 class=\"wp-block-heading\">\u00bfA qu\u00e9 tipo de comisi\u00f3n puedo optar?<\/h4>\n\n\n\n<p><strong>Comisiones 30%<\/strong>&nbsp;sobre la primera venta de cada cliente referido.<\/p>\n\n\n\n<h4 class=\"wp-block-heading\">\u00bfPor qu\u00e9 unirse al programa de afiliados de ThirstyAffiliates?<\/h4>\n\n\n\n<ul class=\"wp-block-list\"><li>Gane generosas comisiones<\/li><li>Cookie de devoluci\u00f3n de 60 d\u00edas<\/li><li>Acceda a banners creativos, correos electr\u00f3nicos y enlaces de texto optimizados para convertir<\/li><li>Disfrute de pagos mensuales r\u00e1pidos (pagados el primero de cada mes a trav\u00e9s de PayPal)<\/li><li>\u00danase gratis<\/li><\/ul>\n\n\n\n<p>Haga clic en el siguiente enlace para solicitar informaci\u00f3n sobre c\u00f3mo unirse al programa de afiliados de ThirstyAffiliates hoy mismo.<\/p>\n\n\n\n<p><a href=\"https:\/\/thirstyaffiliates.com\/es\/affiliate-signup\/\">Inf\u00f3rmese sobre c\u00f3mo afiliarse a ThirstyAffiliates<\/a> \ud83d\udc48<\/p>\n\n\n\n<p>\u00bfYa es afiliado de ThirstyAffiliates?\u00a0<a href=\"https:\/\/thirstyaffiliates.com\/es\/affiliate-login\/\">Con\u00e9ctese aqu\u00ed<\/a><\/p>","protected":false},"excerpt":{"rendered":"<p>Promociona el mejor plugin de gesti\u00f3n de enlaces de afiliados del mundo Cuando te unes al programa de afiliados de ThirstyAffiliates, pasas a formar parte de un equipo que promociona el mejor plugin de gesti\u00f3n de enlaces de afiliados del mercado. ThirstyAffiliates facilita la gesti\u00f3n, el seguimiento y la monetizaci\u00f3n de sus enlaces de afiliado. \u00bfQu\u00e9 tipo de comisi\u00f3n puedo recibir?<\/p>\n<p><a class=\"read-more\" href=\"https:\/\/thirstyaffiliates.com\/es\/affiliate-program\">Seguir leyendo<\/a><\/p>","protected":false},"author":4286,"featured_media":0,"parent":0,"menu_order":0,"comment_status":"closed","ping_status":"closed","template":"","meta":{"_acf_changed":false,"om_disable_all_campaigns":false,"_strive_editorial_status":"not-started","_strive_copy_of":0,"_monsterinsights_skip_tracking":false,"_monsterinsights_sitenote_active":false,"_monsterinsights_sitenote_note":"","_monsterinsights_sitenote_category":0,"footnotes":""},"class_list":["post-27429","page","type-page","status-publish","hentry"],"acf":[],"aioseo_notices":[],"_links":{"self":[{"href":"https:\/\/thirstyaffiliates.com\/es\/wp-json\/wp\/v2\/pages\/27429","targetHints":{"allow":["GET"]}}],"collection":[{"href":"https:\/\/thirstyaffiliates.com\/es\/wp-json\/wp\/v2\/pages"}],"about":[{"href":"https:\/\/thirstyaffiliates.com\/es\/wp-json\/wp\/v2\/types\/page"}],"author":[{"embeddable":true,"href":"https:\/\/thirstyaffiliates.com\/es\/wp-json\/wp\/v2\/users\/4286"}],"replies":[{"embeddable":true,"href":"https:\/\/thirstyaffiliates.com\/es\/wp-json\/wp\/v2\/comments?post=27429"}],"version-history":[{"count":0,"href":"https:\/\/thirstyaffiliates.com\/es\/wp-json\/wp\/v2\/pages\/27429\/revisions"}],"wp:attachment":[{"href":"https:\/\/thirstyaffiliates.com\/es\/wp-json\/wp\/v2\/media?parent=27429"}],"curies":[{"name":"wp","href":"https:\/\/api.w.org\/{rel}","templated":true}]}}