{"id":30828,"date":"2021-05-13T19:16:10","date_gmt":"2021-05-13T19:16:10","guid":{"rendered":"https:\/\/thirstyaffiliates.com\/affiliate-signup"},"modified":"2021-05-13T19:48:34","modified_gmt":"2021-05-13T19:48:34","slug":"affiliate-signup","status":"publish","type":"page","link":"https:\/\/thirstyaffiliates.com\/es\/affiliate-signup","title":{"rendered":"Afiliaci\u00f3n"},"content":{"rendered":"<div class=\"esaf esaf-affiliate-application\">\n\n  <form class=\"esaf-form esaf-affiliate-application-form\" method=\"post\" action=\"\">\n\n    \n    <div class=\"esaf-form-description\">Rellene este formulario para solicitar su participaci\u00f3n en nuestro Programa de Afiliaci\u00f3n:<\/div>\n\n    \n    \n    <div class=\"esaf-form-row esaf_first_name\">\n      <div class=\"esaf-form-label\">\n        <label for=\"_wafp_affiliateapplication_first_name\">Nombre<span class=\"esaf-required\">*<\/span><\/label>\n        <span class=\"esaf-validation-error\">Requerido<\/span>\n      <\/div>\n      <input type=\"text\" name=\"_wafp_affiliateapplication_first_name\" id=\"_wafp_affiliateapplication_first_name\" value=\"\" required \/>\n    <\/div>\n\n    <div class=\"esaf-form-row esaf_last_name\">\n      <div class=\"esaf-form-label\">\n        <label for=\"_wafp_affiliateapplication_last_name\">Apellido<span class=\"esaf-required\">*<\/span><\/label>\n        <span class=\"esaf-validation-error\">Requerido<\/span>\n      <\/div>\n      <input type=\"text\" name=\"_wafp_affiliateapplication_last_name\" id=\"_wafp_affiliateapplication_last_name\" value=\"\" required \/>\n    <\/div>\n\n    <div class=\"esaf-form-row esaf_email\">\n      <div class=\"esaf-form-label\">\n        <label for=\"_wafp_affiliateapplication_email\">Correo electr\u00f3nico<span class=\"esaf-required\">*<\/span><\/label>\n        <span class=\"esaf-validation-error\">Obligatorio y debe ser una direcci\u00f3n de correo electr\u00f3nico v\u00e1lida<\/span>\n      <\/div>\n      <input type=\"email\" name=\"_wafp_affiliateapplication_email\" id=\"_wafp_affiliateapplication_email\" value=\"\" required \/>\n    <\/div>\n\n    <div class=\"esaf-form-row esaf_websites\">\n      <div class=\"esaf-form-label\">\n        <label for=\"_wafp_affiliateapplication_websites\">Enumere los sitios web que utilizar\u00e1 para promocionarnos (uno por l\u00ednea)<span class=\"esaf-required\">*<\/span><\/label>\n                  <span class=\"esaf-validation-error\">Requerido<\/span>\n              <\/div>\n      <textarea name=\"_wafp_affiliateapplication_websites\" id=\"_wafp_affiliateapplication_websites\" required><\/textarea>\n    <\/div>\n\n    <div class=\"esaf-form-row esaf_strategy\">\n      <div class=\"esaf-form-label\">\n        <label for=\"_wafp_affiliateapplication_strategy\">\u00bfC\u00f3mo piensa promocionarnos?<span class=\"esaf-required\">*<\/span><\/label>\n                  <span class=\"esaf-validation-error\">Requerido<\/span>\n              <\/div>\n      <textarea name=\"_wafp_affiliateapplication_strategy\" id=\"_wafp_affiliateapplication_strategy\" required><\/textarea>\n    <\/div>\n\n    <div class=\"esaf-form-row esaf_social\">\n      <div class=\"esaf-form-label\">\n        <label for=\"_wafp_affiliateapplication_social\">Enlaces en las redes sociales<\/label>\n      <\/div>\n      <textarea name=\"_wafp_affiliateapplication_social\" id=\"_wafp_affiliateapplication_social\"><\/textarea>\n    <\/div>\n\n    \n    <label for=\"wafp_honeypot\" class=\"esaf-visually-hidden\">El campo debe estar vac\u00edo<\/label>\n    <input type=\"text\" name=\"wafp_honeypot\" id=\"wafp_honeypot\" class=\"esaf-visually-hidden\" autocomplete=\"new-password\" \/>\n\n    <div class=\"esaf-form-button-row\">\n      <button class=\"esaf-submit\">Solicitud de afiliaci\u00f3n<\/button>\n      <img decoding=\"async\" src=\"https:\/\/thirstyaffiliates.com\/wp-content\/plugins\/easy-affiliate\/images\/loading.gif\" class=\"esaf-loading-gif esaf-hidden\" alt=\"Cargando...\" \/>\n      <span class=\"esaf-form-has-errors\">Por favor, corrija los errores anteriores<\/span>\n    <\/div>\n\n  <input type=\"hidden\" name=\"trp-form-language\" value=\"es\"\/><\/form>\n\n<\/div>","protected":false},"excerpt":{"rendered":"<p>Por favor, rellene este formulario para solicitar su participaci\u00f3n en nuestro Programa de Afiliados: Nombre* Obligatorio Apellidos* Obligatorio Correo electr\u00f3nico* Obligatorio y debe ser una direcci\u00f3n de correo electr\u00f3nico v\u00e1lida Indique los sitios web que utilizar\u00e1 para promocionarnos (uno por l\u00ednea)* Obligatorio \u00bfC\u00f3mo piensa promocionarnos?<\/p>\n<p><a class=\"read-more\" href=\"https:\/\/thirstyaffiliates.com\/es\/affiliate-signup\">Seguir leyendo<\/a><\/p>","protected":false},"author":4286,"featured_media":0,"parent":0,"menu_order":0,"comment_status":"closed","ping_status":"closed","template":"","meta":{"_acf_changed":false,"om_disable_all_campaigns":false,"_strive_editorial_status":"not-started","_strive_copy_of":0,"_monsterinsights_skip_tracking":false,"_monsterinsights_sitenote_active":false,"_monsterinsights_sitenote_note":"","_monsterinsights_sitenote_category":0,"footnotes":""},"class_list":["post-30828","page","type-page","status-publish","hentry"],"acf":[],"aioseo_notices":[],"_links":{"self":[{"href":"https:\/\/thirstyaffiliates.com\/es\/wp-json\/wp\/v2\/pages\/30828","targetHints":{"allow":["GET"]}}],"collection":[{"href":"https:\/\/thirstyaffiliates.com\/es\/wp-json\/wp\/v2\/pages"}],"about":[{"href":"https:\/\/thirstyaffiliates.com\/es\/wp-json\/wp\/v2\/types\/page"}],"author":[{"embeddable":true,"href":"https:\/\/thirstyaffiliates.com\/es\/wp-json\/wp\/v2\/users\/4286"}],"replies":[{"embeddable":true,"href":"https:\/\/thirstyaffiliates.com\/es\/wp-json\/wp\/v2\/comments?post=30828"}],"version-history":[{"count":0,"href":"https:\/\/thirstyaffiliates.com\/es\/wp-json\/wp\/v2\/pages\/30828\/revisions"}],"wp:attachment":[{"href":"https:\/\/thirstyaffiliates.com\/es\/wp-json\/wp\/v2\/media?parent=30828"}],"curies":[{"name":"wp","href":"https:\/\/api.w.org\/{rel}","templated":true}]}}