{"id":5020,"date":"2017-07-21T15:23:18","date_gmt":"2017-07-21T05:23:18","guid":{"rendered":"https:\/\/thirstyaff.wpengine.com\/?page_id=5020"},"modified":"2021-07-21T20:18:35","modified_gmt":"2021-07-21T20:18:35","slug":"privacy-policy","status":"publish","type":"page","link":"https:\/\/thirstyaffiliates.com\/es\/privacy-policy","title":{"rendered":"Pol\u00edtica de privacidad"},"content":{"rendered":"<p>\u00daltima actualizaci\u00f3n: 23 de mayo de 2018<\/p>\n<p>En Caseproof, reconocemos que la privacidad de su informaci\u00f3n personal es importante. A continuaci\u00f3n encontrar\u00e1 informaci\u00f3n sobre qu\u00e9 tipos de informaci\u00f3n personal recibimos y recopilamos cuando visita nuestro sitio web, interact\u00faa con nuestra empresa y c\u00f3mo protegemos su informaci\u00f3n.<\/p>\n<h4><strong>1. INTRODUCCI\u00d3N<\/strong><\/h4>\n<p>ThirstyAffiliates.com (\"nosotros\" o \"la Empresa\") se compromete a respetar los derechos de privacidad de sus clientes, visitantes y otros usuarios del sitio web de la Empresa (\"el Sitio\"). Hemos creado esta Pol\u00edtica de Privacidad del sitio web (\"Pol\u00edtica de Privacidad\") para darle confianza cuando visite y utilice el Sitio, y para demostrar nuestro compromiso con las pr\u00e1cticas justas de informaci\u00f3n y la protecci\u00f3n de la privacidad. Esta Pol\u00edtica de Privacidad s\u00f3lo es aplicable al Sitio, y no a otros sitios web a los que pueda acceder desde el Sitio, cada uno de los cuales puede tener pr\u00e1cticas y pol\u00edticas de recopilaci\u00f3n, almacenamiento y uso de datos que difieran materialmente de esta Pol\u00edtica de Privacidad.<\/p>\n<p><strong>2. PR\u00c1CTICAS DE RECOGIDA DE INFORMACI\u00d3N<\/strong><\/p>\n<p style=\"padding-left: 30px;\"><strong>2.1. TIPOS DE INFORMACI\u00d3N RECOGIDA<\/strong><\/p>\n<p style=\"padding-left: 60px;\"><strong>(a) DATOS DE TR\u00c1FICO RECOGIDOS.<\/strong> Rastreamos y recopilamos autom\u00e1ticamente las siguientes categor\u00edas de informaci\u00f3n cuando usted visita nuestro Sitio: (1) direcciones IP; (2) servidores de dominio; (3) tipos de ordenadores que acceden al Sitio; y (4) tipos de navegadores web utilizados para acceder al Sitio (colectivamente \"Datos de tr\u00e1fico\"). Los datos de tr\u00e1fico son <em>an\u00f3nimo<\/em> informaci\u00f3n que no le identifica personalmente pero que es \u00fatil para fines de marketing o para mejorar su experiencia en el Sitio. Tambi\u00e9n podemos utilizar \"cookies\" para personalizar el contenido en funci\u00f3n de sus intereses. Terceros proveedores de servicios que pueden proporcionar informaci\u00f3n sobre usted cuando navega por el sitio web, hace clic en enlaces, inicia sesi\u00f3n en su cuenta o realiza una compra. Esto incluye Google Analytics y Facebook Pixel.<\/p>\n<p style=\"padding-left: 60px;\"><strong>(b) INFORMACI\u00d3N PERSONAL RECOGIDA.<\/strong> Para que pueda descargar los productos que ofrecemos a trav\u00e9s del Sitio, le pedimos que nos facilite cierta informaci\u00f3n que le identifica personalmente (\"Datos Personales\"). La Informaci\u00f3n Personal incluye las siguientes categor\u00edas de informaci\u00f3n: (1) Datos de Contacto (como su nombre y direcci\u00f3n de correo electr\u00f3nico) y (2) Datos Demogr\u00e1ficos (como su pa\u00eds). Si se comunica con nosotros por correo electr\u00f3nico o mensajes postales, cualquier informaci\u00f3n proporcionada en dicha comunicaci\u00f3n puede ser recogida como Informaci\u00f3n Personal.<\/p>\n<p style=\"padding-left: 60px;\"><strong>(b) INFORMACI\u00d3N DE PAGO RECOGIDA.<\/strong> No almacenamos los datos de su tarjeta de cr\u00e9dito u otros datos de pago en nuestro sitio web ni en nuestros servidores. Estos servicios los prestan proveedores externos (actualmente Stripe y PayPal) y el almacenamiento de la informaci\u00f3n de pago y la transacci\u00f3n en s\u00ed no se realiza en nuestros servidores. Consulte sus pol\u00edticas de privacidad y servicios para obtener m\u00e1s informaci\u00f3n sobre el funcionamiento de sus servicios.<\/p>\n<p style=\"padding-left: 30px;\"><strong>2.2. USOS DE LA INFORMACI\u00d3N RECOGIDA<\/strong><\/p>\n<p style=\"padding-left: 60px;\"><strong>(a) USO DE LA INFORMACI\u00d3N POR PARTE DE LA EMPRESA.<\/strong> Utilizamos los Datos de Contacto para enviarle informaci\u00f3n sobre nuestra empresa o nuestros productos o servicios, o material promocional de algunos de nuestros socios, o para ponernos en contacto con usted cuando sea necesario. Utilizamos sus Datos Demogr\u00e1ficos para personalizar y adaptar su experiencia en el Sitio, mostr\u00e1ndole contenidos que creemos que pueden interesarle y de acuerdo con sus preferencias.<\/p>\n<p style=\"padding-left: 60px;\"><strong>(b) COMPARTICI\u00d3N DE INFORMACI\u00d3N PERSONAL.<\/strong> Compartimos determinadas categor\u00edas de informaci\u00f3n que obtenemos de usted de las formas descritas en esta Pol\u00edtica de Privacidad. Compartimos Datos Demogr\u00e1ficos con anunciantes y otros terceros s\u00f3lo de forma agregada (es decir, no identificable personalmente). Nosotros <strong>no<\/strong> compartir los Datos de Contacto con otras empresas que deseen enviarle informaci\u00f3n sobre sus productos o servicios. Compartimos los Datos de Contacto con nuestros socios comerciales y con el personal a nuestro servicio que nos asiste en la prestaci\u00f3n de servicios b\u00e1sicos (como el cumplimiento o el almacenamiento y la seguridad de los datos) relacionados con el funcionamiento del Sitio. Todas estas personas han acordado mantener los mismos est\u00e1ndares de seguridad y confidencialidad que le hemos prometido en esta Pol\u00edtica de Privacidad, y s\u00f3lo utilizar\u00e1n sus Datos de Contacto y otra Informaci\u00f3n Personal para llevar a cabo sus obligaciones comerciales espec\u00edficas con la Empresa. Si no desea que compartamos sus Datos de Contacto con terceros, p\u00f3ngase en contacto con nosotros a trav\u00e9s del enlace \"Contacto\" del men\u00fa del sitio. Tenga en cuenta que dicha solicitud probablemente limitar\u00e1 su capacidad para aprovechar todas las funciones y servicios que ofrecemos en el Sitio.<\/p>\n<p style=\"padding-left: 60px;\"><strong>(c) ELECCI\u00d3N DEL USUARIO EN RELACI\u00d3N CON LA RECOGIDA, USO Y DISTRIBUCI\u00d3N DE INFORMACI\u00d3N PERSONAL.<\/strong> Puede optar por no facilitarnos ning\u00fan dato personal. En tal caso, podr\u00e1 seguir accediendo y utilizando gran parte del Sitio; sin embargo, no podr\u00e1 acceder ni utilizar aquellas partes del Sitio que requieran sus Datos Personales, como la realizaci\u00f3n de una compra. Si no desea recibir informaci\u00f3n y material promocional nuestro o de algunos de nuestros socios, puede seleccionar la opci\u00f3n de \"exclusi\u00f3n\" apropiada cada vez que le pidamos Informaci\u00f3n Personal o simplemente negarse a proporcionarla cuando se le solicite.<\/p>\n<h4><strong>3. CONFIDENCIALIDAD Y SEGURIDAD DE LA INFORMACI\u00d3N PERSONAL<\/strong><\/h4>\n<p>Salvo que se disponga lo contrario en la presente Pol\u00edtica de Privacidad, mantendremos la confidencialidad de sus Datos Personales y no los compartiremos con terceros, a menos que dicha divulgaci\u00f3n sea necesaria para: (a) cumplir con una orden judicial u otro proceso legal; (b) proteger nuestros derechos o propiedad; o (c) hacer cumplir nuestras Condiciones de Uso. Sus Datos Personales se almacenan en servidores seguros a los que no pueden acceder terceros. Le ofrecemos la posibilidad de transmitir su Informaci\u00f3n Personal a trav\u00e9s de canales seguros y encriptados si utiliza un navegador web equipado de forma similar.<\/p>\n<p style=\"padding-left: 30px;\"><strong>3.1. INFORMACI\u00d3N AL P\u00daBLICO.<\/strong> El Sitio contiene enlaces a otros sitios web. No somos responsables de las pr\u00e1cticas de privacidad ni del contenido de dichos sitios web. Tambi\u00e9n podemos poner a su disposici\u00f3n comentarios en determinadas p\u00e1ginas. Por favor, comprenda que cualquier informaci\u00f3n que se divulgue en estas \u00e1reas se convierte en informaci\u00f3n p\u00fablica. No tenemos ning\u00fan control sobre su uso y debe tener cuidado cuando decida revelar su informaci\u00f3n personal.<\/p>\n<h4><strong>4. PUBLICIDAD DE TERCEROS\/ANUNCIOS DE GOOGLE<\/strong><\/h4>\n<p>Este sitio tambi\u00e9n utiliza anuncios de terceros para generar ingresos. Algunos de estos anunciantes pueden utilizar tecnolog\u00eda como cookies y balizas web cuando se anuncian en este sitio, lo que tambi\u00e9n enviar\u00e1 a estos anunciantes (como Google a trav\u00e9s del programa Google AdSense) informaci\u00f3n que incluye su direcci\u00f3n IP, su ISP, el navegador que utiliz\u00f3 para visitar nuestro sitio y, en algunos casos, si tiene instalado Flash. Esta informaci\u00f3n se utiliza generalmente con fines de geolocalizaci\u00f3n (por ejemplo, para mostrar anuncios inmobiliarios de Nueva York a alguien que se encuentre en Nueva York) o para mostrar determinados anuncios en funci\u00f3n de los sitios espec\u00edficos visitados (por ejemplo, para mostrar anuncios de cocina a alguien que frecuenta sitios de cocina).<\/p>\n<p>Puede optar por desactivar o desactivar selectivamente nuestras cookies o las cookies de terceros en la configuraci\u00f3n de su navegador, o gestionando las preferencias en programas como Norton Internet Security, McAfee y Eset.com. Sin embargo, esto puede afectar a la forma en que usted es capaz de interactuar con nuestro sitio, as\u00ed como otros sitios web. Esto podr\u00eda incluir la imposibilidad de iniciar sesi\u00f3n en servicios o programas, como el inicio de sesi\u00f3n en foros o cuentas.<\/p>\n<p style=\"padding-left: 30px;\"><strong>4.1: COOKIE DE PUBLICIDAD DE GOOGLE Y COOKIE DE DOUBLECLICK DART:<\/strong> Google, como proveedor de terceros, utiliza cookies para publicar anuncios en este Sitio. El uso de la cookie de DART por parte de Google le permite publicar anuncios a los usuarios de nuestro sitio en funci\u00f3n de su visita a este Sitio y a otros sitios de Internet. Los usuarios pueden inhabilitar el uso de la cookie de DART visitando la pol\u00edtica de privacidad de la red de anuncios y contenidos de Google.<\/p>\n<h4><strong>5. INFORMACI\u00d3N PERSONAL DE LOS NI\u00d1OS<\/strong><\/h4>\n<p>No recopilamos conscientemente informaci\u00f3n personal de ni\u00f1os menores de 13 a\u00f1os. Si nos enteramos de que tenemos informaci\u00f3n personal de un ni\u00f1o menor de 13 a\u00f1os, eliminaremos esa informaci\u00f3n de nuestros sistemas.<\/p>\n<h4><strong>6. INFORMACI\u00d3N DE CONTACTO Y ACTUALIZACIONES DE LA POL\u00cdTICA<\/strong><\/h4>\n<p style=\"padding-left: 30px;\"><strong>6.1. P\u00d3NGASE EN CONTACTO CON NOSOTROS.<\/strong> Si tiene alguna pregunta sobre esta Pol\u00edtica, nuestras pr\u00e1cticas relacionadas con este Sitio, o si desea que eliminemos su informaci\u00f3n de nuestra base de datos, p\u00f3ngase en contacto con nosotros en la siguiente direcci\u00f3n:<\/p>\n<p style=\"padding-left: 30px;\">support \"at\" ThirstyAffiliates.com (correo electr\u00f3nico)<\/p>\n<p style=\"padding-left: 30px;\"><strong>6.2. ACTUALIZACIONES Y CAMBIOS.<\/strong> Nos reservamos el derecho, en cualquier momento, de a\u00f1adir, cambiar, actualizar o modificar esta Pol\u00edtica, simplemente publicando dicho cambio, actualizaci\u00f3n o modificaci\u00f3n en el Sitio y sin previo aviso. Cualquier cambio, actualizaci\u00f3n o modificaci\u00f3n entrar\u00e1 en vigor inmediatamente despu\u00e9s de su publicaci\u00f3n en el Sitio. Es su responsabilidad revisar esta Pol\u00edtica de vez en cuando para asegurarse de que sigue estando de acuerdo con todos sus t\u00e9rminos.<\/p>","protected":false},"excerpt":{"rendered":"<p>\u00daltima actualizaci\u00f3n: 23 de mayo de 2018 En Caseproof, reconocemos que la privacidad de su informaci\u00f3n personal es importante. Aqu\u00ed encontrar\u00e1 informaci\u00f3n sobre qu\u00e9 tipos de informaci\u00f3n personal recibimos y recopilamos cuando visita nuestro sitio, interact\u00faa con nuestro negocio y c\u00f3mo salvaguardamos su informaci\u00f3n. 1. INTRODUCCI\u00d3N ThirstyAffiliates.com (\"nosotros\", \"nos\",<\/p>\n<p><a class=\"read-more\" href=\"https:\/\/thirstyaffiliates.com\/es\/privacy-policy\">Seguir leyendo<\/a><\/p>","protected":false},"author":4286,"featured_media":0,"parent":0,"menu_order":0,"comment_status":"closed","ping_status":"closed","template":"","meta":{"_acf_changed":false,"om_disable_all_campaigns":false,"_strive_editorial_status":"not-started","_strive_copy_of":0,"_monsterinsights_skip_tracking":false,"_monsterinsights_sitenote_active":false,"_monsterinsights_sitenote_note":"","_monsterinsights_sitenote_category":0,"footnotes":""},"class_list":["post-5020","page","type-page","status-publish","hentry"],"acf":[],"aioseo_notices":[],"_links":{"self":[{"href":"https:\/\/thirstyaffiliates.com\/es\/wp-json\/wp\/v2\/pages\/5020","targetHints":{"allow":["GET"]}}],"collection":[{"href":"https:\/\/thirstyaffiliates.com\/es\/wp-json\/wp\/v2\/pages"}],"about":[{"href":"https:\/\/thirstyaffiliates.com\/es\/wp-json\/wp\/v2\/types\/page"}],"author":[{"embeddable":true,"href":"https:\/\/thirstyaffiliates.com\/es\/wp-json\/wp\/v2\/users\/4286"}],"replies":[{"embeddable":true,"href":"https:\/\/thirstyaffiliates.com\/es\/wp-json\/wp\/v2\/comments?post=5020"}],"version-history":[{"count":0,"href":"https:\/\/thirstyaffiliates.com\/es\/wp-json\/wp\/v2\/pages\/5020\/revisions"}],"wp:attachment":[{"href":"https:\/\/thirstyaffiliates.com\/es\/wp-json\/wp\/v2\/media?parent=5020"}],"curies":[{"name":"wp","href":"https:\/\/api.w.org\/{rel}","templated":true}]}}