{"id":5022,"date":"2017-07-21T15:29:51","date_gmt":"2017-07-21T05:29:51","guid":{"rendered":"https:\/\/thirstyaff.wpengine.com\/?page_id=5022"},"modified":"2021-07-21T19:03:08","modified_gmt":"2021-07-21T19:03:08","slug":"affiliate-disclosure","status":"publish","type":"page","link":"https:\/\/thirstyaffiliates.com\/es\/affiliate-disclosure","title":{"rendered":"Declaraci\u00f3n de afiliaci\u00f3n"},"content":{"rendered":"<p>ThirstyAffiliates.com participa en el Programa de Asociados de Amazon Services LLC, un programa de publicidad de afiliaci\u00f3n dise\u00f1ado para proporcionar un medio para que los sitios ganen honorarios de publicidad mediante la publicidad y la vinculaci\u00f3n a amazon.com.<\/p>\n<p>Este sitio tambi\u00e9n coloca o tiene la intenci\u00f3n de colocar anuncios de varios anunciantes en este sitio web de vez en cuando, incluyendo pero no limitado a Google Adsense que, si hace clic a trav\u00e9s, se nos dar\u00e1 un porcentaje del coste de ese clic.<\/p>\n<p>Por \u00faltimo, nos reservamos el derecho de a\u00f1adir productos a este sitio web en el futuro, por lo que recibiremos una compensaci\u00f3n por las compras que realicen los visitantes. Hay miles de productos en Internet disponibles para su compra, pero s\u00f3lo incluimos aquellos productos que hemos investigado y creemos que son buenos.<\/p>\n<p>Nuestra misi\u00f3n es principalmente proporcionar informaci\u00f3n valiosa a nuestros visitantes, y hacer dinero de estas iniciativas es una actividad secundaria, pero este sitio web es un negocio con fines de lucro y, como tal, si tenemos la oportunidad de recomendar el mismo producto y recibir una comisi\u00f3n de afiliaci\u00f3n que ser\u00e1 preferido. Esta divulgaci\u00f3n est\u00e1 presente para hacer que 100% claro para nuestros visitantes.<\/p>\n<p>Si tiene alguna pregunta, no dude en ponerse en contacto con nosotros a trav\u00e9s del <a href=\"https:\/\/thirstyaffiliates.com\/es\/contact\/\">p\u00e1gina de contacto<\/a>.<\/p>","protected":false},"excerpt":{"rendered":"<p>ThirstyAffiliates.com participa en el Programa de Asociados de Amazon Services LLC, un programa de publicidad de afiliaci\u00f3n dise\u00f1ado para proporcionar un medio para que los sitios ganen honorarios de publicidad mediante la publicidad y la vinculaci\u00f3n a amazon.com. Este sitio tambi\u00e9n hace o tiene la intenci\u00f3n de colocar anuncios de varios anunciantes en este sitio web de vez en cuando.<\/p>\n<p><a class=\"read-more\" href=\"https:\/\/thirstyaffiliates.com\/es\/affiliate-disclosure\">Seguir leyendo<\/a><\/p>","protected":false},"author":4286,"featured_media":0,"parent":0,"menu_order":0,"comment_status":"closed","ping_status":"closed","template":"","meta":{"_acf_changed":false,"om_disable_all_campaigns":false,"_strive_editorial_status":"not-started","_strive_copy_of":0,"_monsterinsights_skip_tracking":false,"_monsterinsights_sitenote_active":false,"_monsterinsights_sitenote_note":"","_monsterinsights_sitenote_category":0,"footnotes":""},"class_list":["post-5022","page","type-page","status-publish","hentry"],"acf":[],"aioseo_notices":[],"_links":{"self":[{"href":"https:\/\/thirstyaffiliates.com\/es\/wp-json\/wp\/v2\/pages\/5022","targetHints":{"allow":["GET"]}}],"collection":[{"href":"https:\/\/thirstyaffiliates.com\/es\/wp-json\/wp\/v2\/pages"}],"about":[{"href":"https:\/\/thirstyaffiliates.com\/es\/wp-json\/wp\/v2\/types\/page"}],"author":[{"embeddable":true,"href":"https:\/\/thirstyaffiliates.com\/es\/wp-json\/wp\/v2\/users\/4286"}],"replies":[{"embeddable":true,"href":"https:\/\/thirstyaffiliates.com\/es\/wp-json\/wp\/v2\/comments?post=5022"}],"version-history":[{"count":0,"href":"https:\/\/thirstyaffiliates.com\/es\/wp-json\/wp\/v2\/pages\/5022\/revisions"}],"wp:attachment":[{"href":"https:\/\/thirstyaffiliates.com\/es\/wp-json\/wp\/v2\/media?parent=5022"}],"curies":[{"name":"wp","href":"https:\/\/api.w.org\/{rel}","templated":true}]}}