{"id":9809,"date":"2018-10-18T17:28:15","date_gmt":"2018-10-18T07:28:15","guid":{"rendered":"https:\/\/thirstyaff.wpengine.com\/?page_id=9809"},"modified":"2025-06-24T17:14:29","modified_gmt":"2025-06-24T23:14:29","slug":"thirstyaffiliates-pro-changelog","status":"publish","type":"page","link":"https:\/\/thirstyaffiliates.com\/es\/thirstyaffiliates-pro-changelog","title":{"rendered":"ThirstyAffiliates Pro Cambios"},"content":{"rendered":"<p><strong><b>1.8<\/b>.5<\/strong><\/p>\n\n\n\n<ul class=\"wp-block-list\">\n<li>A\u00f1adida columna Autolink Keywords a la tabla de lista de Enlaces de Afiliados<\/li>\n\n\n\n<li>No se muestran enlaces de im\u00e1genes en la b\u00fasqueda<\/li>\n\n\n\n<li>Elementos multimedia duplicados durante la importaci\u00f3n<\/li>\n\n\n\n<li>Ejemplo de URL de im\u00e1genes de importaci\u00f3n CSV<\/li>\n<\/ul>\n\n\n\n<p><strong><b>1.8<\/b>.4<\/strong><\/p>\n\n\n\n<ul class=\"wp-block-list\">\n<li>Eliminar parte incorrecta de autolinker post types description<\/li>\n<\/ul>\n\n\n\n<p><strong><b>1.8<\/b>.3<\/strong><\/p>\n\n\n\n<ul class=\"wp-block-list\">\n<li>Arreglar la sustituci\u00f3n del dominio de licencia cuando el sitio se traduce a una versi\u00f3n no inglesa<\/li>\n<\/ul>\n\n\n\n<p><strong><b>1.8<\/b>.2<\/strong><\/p>\n\n\n\n<ul class=\"wp-block-list\">\n<li>Correcciones PHP 8+<\/li>\n<\/ul>\n\n\n\n<p><b>1.8.1<\/b><\/p>\n\n\n\n<ul class=\"wp-block-list\">\n<li>Funcionalidad de base para un pr\u00f3ximo asistente de incorporaci\u00f3n<\/li>\n<\/ul>\n\n\n\n<p><b>1.8.0<\/b><\/p>\n\n\n\n<ul class=\"wp-block-list\">\n<li>Mejoras: Cambiado el importador de CSV para que funcione v\u00eda Ajax para hacerlo m\u00e1s performante con archivos m\u00e1s grandes.<\/li>\n\n\n\n<li>Correcci\u00f3n de errores: D\u00eda duplicado en Informes al retrasar los relojes<\/li>\n\n\n\n<li>Correcci\u00f3n de errores: El comprobador autom\u00e1tico 404 no funciona correctamente para los enlaces de Amazon<\/li>\n\n\n\n<li>Correcci\u00f3n de errores: Error fatal cuando la actualizaci\u00f3n transitoria es falsa<\/li>\n<\/ul>\n\n\n\n<p><b>1.7.14<\/b><\/p>\n\n\n\n<ul class=\"wp-block-list\">\n<li>Correcci\u00f3n de errores: Informa de la compatibilidad con la \u00faltima versi\u00f3n de ThirstyAffiliates Lite<\/li>\n\n\n\n<li>Correcci\u00f3n de errores: Advertencia PHP en Autolinker<\/li>\n<\/ul>\n\n\n\n<p><b>1.7.13<\/b><\/p>\n\n\n\n<ul class=\"wp-block-list\">\n<li>Funci\u00f3n: A\u00f1adida traducci\u00f3n es_ES<\/li>\n\n\n\n<li>Mejoras: A\u00f1adido un gancho de filtro en la IP del cliente de geolocalizaci\u00f3n.<\/li>\n\n\n\n<li>Correcci\u00f3n de errores: Traducciones de plugins por usuario<\/li>\n<\/ul>\n\n\n\n<p><b>1.7.12<\/b><\/p>\n\n\n\n<ul class=\"wp-block-list\">\n<li>Correcci\u00f3n de errores: Coincidencia de palabras clave m\u00e1s largas antes que las m\u00e1s cortas en la implementaci\u00f3n del antiguo autolinker.<\/li>\n\n\n\n<li>Estructura: El directorio \/languages\/ fue renombrado a \/i18n\/<\/li>\n<\/ul>\n\n\n\n<p><b>1.7.11<\/b><\/p>\n\n\n\n<ul class=\"wp-block-list\">\n<li>Funci\u00f3n: A\u00f1adido soporte para Polonia, Arabia Saud\u00ed y Suecia al Importador de Amazon.<\/li>\n\n\n\n<li>Correcci\u00f3n de errores: Conflictos con la carga del script de seguimiento de clics de Google<\/li>\n<\/ul>\n\n\n\n<p><b>1.7.10<\/b><\/p>\n\n\n\n<ul class=\"wp-block-list\">\n<li>Correcci\u00f3n de errores: Error de JavaScript si jQuery est\u00e1 en diferido<\/li>\n\n\n\n<li>Correcci\u00f3n de errores: Error de JavaScript si adblocker activo<\/li>\n\n\n\n<li>Correcci\u00f3n de errores: Stop overriding PHP's max_execution_time<\/li>\n<\/ul>\n\n\n\n<p><b>1.7.8<\/b><\/p>\n\n\n\n<ul class=\"wp-block-list\">\n<li>Funci\u00f3n: El autoenlazador no sustituir\u00e1 las palabras clave de las etiquetas p con la clase \"ta-ignore\".<\/li>\n\n\n\n<li>Funci\u00f3n: A\u00f1adir un filtro en el selector de contenido para el aviso de divulgaci\u00f3n<\/li>\n\n\n\n<li>Mejoras: Cambiar la cach\u00e9 de autolinker para que prefiera los enlaces modificados m\u00e1s recientemente.<\/li>\n\n\n\n<li>Cambiar: Configurar el enlace de divulgaci\u00f3n de afiliaci\u00f3n para que se abra en una nueva pesta\u00f1a.<\/li>\n\n\n\n<li>Cambios: El comprobador de la salud de los enlaces ahora s\u00f3lo comprueba los 404 (y ahora se llama Comprobador autom\u00e1tico de 404).<\/li>\n\n\n\n<li>Correcci\u00f3n de errores: Eventos cron duplicados en cola<\/li>\n\n\n\n<li>Correcci\u00f3n de errores: advertencias de migraci\u00f3n de jQuery<\/li>\n\n\n\n<li>Correcci\u00f3n de errores: El contenido de la informaci\u00f3n sobre herramientas de divulgaci\u00f3n aparece debajo de los botones en algunos temas.<\/li>\n<\/ul>\n\n\n\n<p><b>1.7.7<\/b><\/p>\n\n\n\n<ul class=\"wp-block-list\">\n<li>Mejora: Ordenar las palabras clave de Autolinker para que las palabras clave m\u00e1s largas coincidan primero.<\/li>\n\n\n\n<li>Correcci\u00f3n de errores: Ajustar la posici\u00f3n de la secuencia de comandos de seguimiento de clics de Google para apoyar jQuery en el pie de p\u00e1gina<\/li>\n\n\n\n<li>Correcci\u00f3n de errores: Creaci\u00f3n de categor\u00edas duplicadas al importar enlaces<\/li>\n\n\n\n<li>Correcci\u00f3n de errores: consulta de la tabla de estad\u00edsticas al filtrar por categor\u00eda<\/li>\n<\/ul>\n\n\n\n<p><b>1.7.6<\/b><\/p>\n\n\n\n<ul class=\"wp-block-list\">\n<li>Correcci\u00f3n de errores: Ocultar la clave de licencia completa tras la activaci\u00f3n de la licencia<\/li>\n<\/ul>\n\n\n\n<p><b>1.7.5<\/b><\/p>\n\n\n\n<ul class=\"wp-block-list\">\n<li>Correcci\u00f3n de errores: Los usuarios que no son administradores no pueden guardar la configuraci\u00f3n del plugin.<\/li>\n\n\n\n<li>Correcci\u00f3n de errores: Error al guardar la configuraci\u00f3n de Amazon en una nueva instalaci\u00f3n<\/li>\n\n\n\n<li>Correcci\u00f3n de errores: Los enlaces de Amazon se escapan en la importaci\u00f3n<\/li>\n\n\n\n<li>Funci\u00f3n: A\u00f1adir ganchos de filtro para excluir las etiquetas HTML de la autolinker<\/li>\n<\/ul>\n\n\n\n<p><b>1.7.4<\/b><\/p>\n\n\n\n<ul class=\"wp-block-list\">\n<li>Correcci\u00f3n de errores: Actualizado el importador de Amazon para utilizar PA API 5.0<\/li>\n\n\n\n<li>Correcci\u00f3n de errores: Sustituciones de palabras clave que enlazan con la entrada actual<\/li>\n\n\n\n<li>Mejoras: A\u00f1adir soporte para los programas de afiliados de Amazon en Australia, Pa\u00edses Bajos, Singapur, Turqu\u00eda y EAU.<\/li>\n<\/ul>\n\n\n\n<p><b>1.7.3<\/b><\/p>\n\n\n\n<ul class=\"wp-block-list\">\n<li>Correcci\u00f3n de errores: Error fatal al activar el plugin en algunas zonas horarias de WP<\/li>\n\n\n\n<li>Correcci\u00f3n de errores: Problema de redirecci\u00f3n al importar enlaces que contienen ampersands<\/li>\n\n\n\n<li>Correcci\u00f3n de errores: los caracteres no ingleses aparec\u00edan como ? en el archivo CSV exportado<\/li>\n\n\n\n<li>Correcci\u00f3n de errores: Posici\u00f3n del mensaje de \u00e9xito del exportador CSV<\/li>\n<\/ul>\n\n\n\n<p><b>1.7.2<\/b><\/p>\n\n\n\n<ul class=\"wp-block-list\">\n<li>Funci\u00f3n: A\u00f1adir soporte para geolocalizar direcciones IPv6<\/li>\n\n\n\n<li>Mejora: Cambiar el evento 'hover' a 'mouseenter' para el icono de divulgaci\u00f3n.<\/li>\n\n\n\n<li>Correcci\u00f3n de errores: Problema con las sustituciones de palabras clave que contienen una barra inclinada.<\/li>\n\n\n\n<li>Correcci\u00f3n de errores: Geolocalizaci\u00f3n de la cabecera HTTP_X_FORWARDED_FOR<\/li>\n\n\n\n<li>Correcci\u00f3n de errores: Error fatal al descartar el aviso de activaci\u00f3n<\/li>\n\n\n\n<li>Correcci\u00f3n de errores: Adblock Plus bloqueaba el archivo CSS del enlace de edici\u00f3n.<\/li>\n\n\n\n<li>Correcci\u00f3n de errores: Advertencias de contenido mixto en sitios HTTPS<\/li>\n\n\n\n<li>Correcci\u00f3n de errores: Error fatal en el importador CSV<\/li>\n\n\n\n<li>Correcci\u00f3n de errores: problema de entidad HTML en el CSV exportado<\/li>\n\n\n\n<li>Correcci\u00f3n de errores: Varios errores fatales y problemas con la fecha de comprobaci\u00f3n del estado de los enlaces.<\/li>\n\n\n\n<li>Correcci\u00f3n de errores: Posici\u00f3n del icono del bot\u00f3n en el informe de salud del enlace<\/li>\n<\/ul>\n\n\n\n<p><b>1.7.1<\/b><\/p>\n\n\n\n<ul class=\"wp-block-list\">\n<li>Mejoras: Mejoras menores en el c\u00f3digo<\/li>\n<\/ul>\n\n\n\n<p><b>1.7<\/b><\/p>\n\n\n\n<ul class=\"wp-block-list\">\n<li>Correcci\u00f3n de errores: Problema con el comprobador de salud de enlaces, que enviaba un correo electr\u00f3nico de informe cada pocos minutos<\/li>\n<\/ul>\n\n\n\n<p><b>1.6<\/b><\/p>\n\n\n\n<ul class=\"wp-block-list\">\n<li>Correcci\u00f3n de errores: Amazon Imported US links doesn't generate UK geolocation link<\/li>\n\n\n\n<li>Correcci\u00f3n de errores: Advertencias reportadas relacionadas con el gestor de actualizaciones en Models\/SLMW\/Update.php l\u00ednea 401<\/li>\n\n\n\n<li>Correcci\u00f3n de errores: Mejora del comportamiento multi-sitio para la configuraci\u00f3n de licencias<\/li>\n<\/ul>","protected":false},"excerpt":{"rendered":"<p>1.8.5 1.8.4 1.8.3 1.8.2 1.8.1 1.8.0 1.7.14 1.7.13 1.7.12 1.7.11 1.7.10 1.7.8 1.7.7 1.7.6 1.7.5 1.7.4 1.7.3 1.7.2 1.7.1 1.7 1.6<\/p>","protected":false},"author":4286,"featured_media":0,"parent":0,"menu_order":0,"comment_status":"closed","ping_status":"closed","template":"","meta":{"_acf_changed":false,"om_disable_all_campaigns":false,"_strive_editorial_status":"not-started","_strive_copy_of":0,"_monsterinsights_skip_tracking":false,"_monsterinsights_sitenote_active":false,"_monsterinsights_sitenote_note":"","_monsterinsights_sitenote_category":0,"footnotes":""},"class_list":["post-9809","page","type-page","status-publish","hentry"],"acf":[],"aioseo_notices":[],"_links":{"self":[{"href":"https:\/\/thirstyaffiliates.com\/es\/wp-json\/wp\/v2\/pages\/9809","targetHints":{"allow":["GET"]}}],"collection":[{"href":"https:\/\/thirstyaffiliates.com\/es\/wp-json\/wp\/v2\/pages"}],"about":[{"href":"https:\/\/thirstyaffiliates.com\/es\/wp-json\/wp\/v2\/types\/page"}],"author":[{"embeddable":true,"href":"https:\/\/thirstyaffiliates.com\/es\/wp-json\/wp\/v2\/users\/4286"}],"replies":[{"embeddable":true,"href":"https:\/\/thirstyaffiliates.com\/es\/wp-json\/wp\/v2\/comments?post=9809"}],"version-history":[{"count":3,"href":"https:\/\/thirstyaffiliates.com\/es\/wp-json\/wp\/v2\/pages\/9809\/revisions"}],"predecessor-version":[{"id":36846,"href":"https:\/\/thirstyaffiliates.com\/es\/wp-json\/wp\/v2\/pages\/9809\/revisions\/36846"}],"wp:attachment":[{"href":"https:\/\/thirstyaffiliates.com\/es\/wp-json\/wp\/v2\/media?parent=9809"}],"curies":[{"name":"wp","href":"https:\/\/api.w.org\/{rel}","templated":true}]}}