{"id":147,"date":"2011-09-06T07:08:24","date_gmt":"2011-09-05T21:08:24","guid":{"rendered":"https:\/\/thirstyaff.wpengine.com\/?page_id=147"},"modified":"2024-04-16T11:37:11","modified_gmt":"2024-04-16T15:37:11","slug":"support","status":"publish","type":"page","link":"https:\/\/thirstyaffiliates.com\/fr\/support","title":{"rendered":"Soutien"},"content":{"rendered":"<div data-elementor-type=\"wp-post\" data-elementor-id=\"147\" class=\"elementor elementor-147\">\n\t\t\t\t\t\t<section class=\"elementor-section elementor-top-section elementor-element elementor-element-ywosxom elementor-section-boxed elementor-section-height-default elementor-section-height-default\" data-id=\"ywosxom\" data-element_type=\"section\">\n\t\t\t\t\t\t<div class=\"elementor-container elementor-column-gap-default\">\n\t\t\t\t\t<div class=\"elementor-column elementor-col-100 elementor-top-column elementor-element elementor-element-ghrypmt\" data-id=\"ghrypmt\" data-element_type=\"column\">\n\t\t\t<div class=\"elementor-widget-wrap elementor-element-populated\">\n\t\t\t\t\t\t<div class=\"elementor-element elementor-element-twrudjy elementor-widget elementor-widget-text-editor\" data-id=\"twrudjy\" data-element_type=\"widget\" data-widget_type=\"text-editor.default\">\n\t\t\t\t<div class=\"elementor-widget-container\">\n\t\t\t\t\t\t\t\t\t<h2 style=\"text-align: center;\">Vous avez des questions ? Nous sommes l\u00e0 pour vous aider.<\/h2>\n<p class=\"sub-heading\" style=\"text-align: center;\">Voir notre croissance <span style=\"text-decoration: underline; color: #505050;\"><a style=\"color: #505050; text-decoration: underline;\" href=\"https:\/\/thirstyaffiliates.com\/fr\/docs\/\">base de connaissances<\/a><\/span> pour une assistance rapide.<\/p>\t\t\t\t\t\t\t\t<\/div>\n\t\t\t\t<\/div>\n\t\t\t\t\t<\/div>\n\t\t<\/div>\n\t\t\t\t\t<\/div>\n\t\t<\/section>\n\t\t\t\t<section class=\"elementor-section elementor-top-section elementor-element elementor-element-h9a4snb elementor-section-boxed elementor-section-height-default elementor-section-height-default\" data-id=\"h9a4snb\" data-element_type=\"section\">\n\t\t\t\t\t\t<div class=\"elementor-container elementor-column-gap-default\">\n\t\t\t\t\t<div class=\"elementor-column elementor-col-50 elementor-top-column elementor-element elementor-element-tuu9qbi\" data-id=\"tuu9qbi\" data-element_type=\"column\">\n\t\t\t<div class=\"elementor-widget-wrap elementor-element-populated\">\n\t\t\t\t\t\t<div class=\"elementor-element elementor-element-5cap5s2 elementor-widget elementor-widget-heading\" data-id=\"5cap5s2\" data-element_type=\"widget\" data-widget_type=\"heading.default\">\n\t\t\t\t<div class=\"elementor-widget-container\">\n\t\t\t\t\t<h3 class=\"elementor-heading-title elementor-size-default\">Base de connaissances<\/h3>\t\t\t\t<\/div>\n\t\t\t\t<\/div>\n\t\t\t\t<div class=\"elementor-element elementor-element-yns77w5 elementor-widget elementor-widget-text-editor\" data-id=\"yns77w5\" data-element_type=\"widget\" data-widget_type=\"text-editor.default\">\n\t\t\t\t<div class=\"elementor-widget-container\">\n\t\t\t\t\t\t\t\t\t<p>Nous compilons en permanence les questions des clients, la documentation et les guides dans notre base de connaissances en ligne.<\/p><p>Nous respectons votre temps et vous remercions de bien vouloir consulter la base de connaissances pour trouver une r\u00e9ponse \u00e0 votre question.<\/p>\t\t\t\t\t\t\t\t<\/div>\n\t\t\t\t<\/div>\n\t\t\t\t<div class=\"elementor-element elementor-element-5t20htp elementor-button-success elementor-align-center elementor-widget elementor-widget-button\" data-id=\"5t20htp\" data-element_type=\"widget\" data-widget_type=\"button.default\">\n\t\t\t\t<div class=\"elementor-widget-container\">\n\t\t\t\t\t\t\t\t\t<div class=\"elementor-button-wrapper\">\n\t\t\t\t\t<a class=\"elementor-button elementor-button-link elementor-size-md\" href=\"https:\/\/thirstyaffiliates.com\/fr\/docs\/\">\n\t\t\t\t\t\t<span class=\"elementor-button-content-wrapper\">\n\t\t\t\t\t\t\t\t\t<span class=\"elementor-button-text\">Recherche dans la base de connaissances<\/span>\n\t\t\t\t\t<\/span>\n\t\t\t\t\t<\/a>\n\t\t\t\t<\/div>\n\t\t\t\t\t\t\t\t<\/div>\n\t\t\t\t<\/div>\n\t\t\t\t\t<\/div>\n\t\t<\/div>\n\t\t\t\t<div class=\"elementor-column elementor-col-50 elementor-top-column elementor-element elementor-element-je5zjqa\" data-id=\"je5zjqa\" data-element_type=\"column\">\n\t\t\t<div class=\"elementor-widget-wrap elementor-element-populated\">\n\t\t\t\t\t\t<div class=\"elementor-element elementor-element-xguos9v elementor-widget elementor-widget-heading\" data-id=\"xguos9v\" data-element_type=\"widget\" data-widget_type=\"heading.default\">\n\t\t\t\t<div class=\"elementor-widget-container\">\n\t\t\t\t\t<h3 class=\"elementor-heading-title elementor-size-default\">Support de contact<\/h3>\t\t\t\t<\/div>\n\t\t\t\t<\/div>\n\t\t\t\t<div class=\"elementor-element elementor-element-jhhp6w1 elementor-widget elementor-widget-text-editor\" data-id=\"jhhp6w1\" data-element_type=\"widget\" data-widget_type=\"text-editor.default\">\n\t\t\t\t<div class=\"elementor-widget-container\">\n\t\t\t\t\t\t\t\t\tVous avez une question \u00e0 laquelle vous ne trouvez pas de r\u00e9ponse dans la rubrique\u00a0<u><a href=\"https:\/\/thirstyaffiliates.com\/fr\/docs\/\">Base de connaissances<\/a><\/u>? Ce n'est pas grave - nous pouvons vous aider directement.\n\nCliquez ci-dessous et vous serez dirig\u00e9 vers le formulaire de demande d'assistance o\u00f9 un membre de l'\u00e9quipe vous aidera dans les 24 \u00e0 48 heures.\t\t\t\t\t\t\t\t<\/div>\n\t\t\t\t<\/div>\n\t\t\t\t<div class=\"elementor-element elementor-element-9v5ciij elementor-button-info elementor-align-center elementor-widget elementor-widget-button\" data-id=\"9v5ciij\" data-element_type=\"widget\" data-widget_type=\"button.default\">\n\t\t\t\t<div class=\"elementor-widget-container\">\n\t\t\t\t\t\t\t\t\t<div class=\"elementor-button-wrapper\">\n\t\t\t\t\t<a class=\"elementor-button elementor-button-link elementor-size-md\" href=\"https:\/\/thirstyaffiliates.com\/fr\/support\/support-request-form\/\">\n\t\t\t\t\t\t<span class=\"elementor-button-content-wrapper\">\n\t\t\t\t\t\t\t\t\t<span class=\"elementor-button-text\">Clients payants - Ticket d'assistance<\/span>\n\t\t\t\t\t<\/span>\n\t\t\t\t\t<\/a>\n\t\t\t\t<\/div>\n\t\t\t\t\t\t\t\t<\/div>\n\t\t\t\t<\/div>\n\t\t\t\t<div class=\"elementor-element elementor-element-834bbb2 elementor-button-info elementor-align-center elementor-widget elementor-widget-button\" data-id=\"834bbb2\" data-element_type=\"widget\" data-widget_type=\"button.default\">\n\t\t\t\t<div class=\"elementor-widget-container\">\n\t\t\t\t\t\t\t\t\t<div class=\"elementor-button-wrapper\">\n\t\t\t\t\t<a class=\"elementor-button elementor-button-link elementor-size-md\" href=\"https:\/\/thirstyaffiliates.com\/fr\/contact\/\">\n\t\t\t\t\t\t<span class=\"elementor-button-content-wrapper\">\n\t\t\t\t\t\t\t\t\t<span class=\"elementor-button-text\">Tous les autres - Nous contacter<\/span>\n\t\t\t\t\t<\/span>\n\t\t\t\t\t<\/a>\n\t\t\t\t<\/div>\n\t\t\t\t\t\t\t\t<\/div>\n\t\t\t\t<\/div>\n\t\t\t\t\t<\/div>\n\t\t<\/div>\n\t\t\t\t\t<\/div>\n\t\t<\/section>\n\t\t\t\t<\/div>","protected":false},"excerpt":{"rendered":"<p>Vous avez des questions ? Nous sommes l\u00e0 pour vous aider. Consultez notre base de connaissances en constante \u00e9volution pour obtenir une assistance rapide. Base de connaissances Nous compilons en permanence les questions des clients, la documentation et les guides dans notre base de connaissances en ligne. Nous respectons votre temps et vous remercions de rechercher dans la base de connaissances une r\u00e9ponse \u00e0 votre question. Recherche<\/p>\n<p><a class=\"read-more\" href=\"https:\/\/thirstyaffiliates.com\/fr\/support\">Lire la suite<\/a><\/p>","protected":false},"author":4286,"featured_media":0,"parent":0,"menu_order":0,"comment_status":"closed","ping_status":"closed","template":"","meta":{"_acf_changed":false,"om_disable_all_campaigns":false,"_strive_editorial_status":"not-started","_strive_copy_of":0,"_monsterinsights_skip_tracking":false,"_monsterinsights_sitenote_active":false,"_monsterinsights_sitenote_note":"","_monsterinsights_sitenote_category":0,"footnotes":""},"class_list":["post-147","page","type-page","status-publish","hentry"],"acf":[],"aioseo_notices":[],"_links":{"self":[{"href":"https:\/\/thirstyaffiliates.com\/fr\/wp-json\/wp\/v2\/pages\/147","targetHints":{"allow":["GET"]}}],"collection":[{"href":"https:\/\/thirstyaffiliates.com\/fr\/wp-json\/wp\/v2\/pages"}],"about":[{"href":"https:\/\/thirstyaffiliates.com\/fr\/wp-json\/wp\/v2\/types\/page"}],"author":[{"embeddable":true,"href":"https:\/\/thirstyaffiliates.com\/fr\/wp-json\/wp\/v2\/users\/4286"}],"replies":[{"embeddable":true,"href":"https:\/\/thirstyaffiliates.com\/fr\/wp-json\/wp\/v2\/comments?post=147"}],"version-history":[{"count":0,"href":"https:\/\/thirstyaffiliates.com\/fr\/wp-json\/wp\/v2\/pages\/147\/revisions"}],"wp:attachment":[{"href":"https:\/\/thirstyaffiliates.com\/fr\/wp-json\/wp\/v2\/media?parent=147"}],"curies":[{"name":"wp","href":"https:\/\/api.w.org\/{rel}","templated":true}]}}