{"id":24359,"date":"2020-02-07T04:33:22","date_gmt":"2020-02-06T18:33:22","guid":{"rendered":"https:\/\/thirstyaff.wpengine.com\/?page_id=24359"},"modified":"2024-11-27T12:46:05","modified_gmt":"2024-11-27T17:46:05","slug":"terms-and-conditions","status":"publish","type":"page","link":"https:\/\/thirstyaffiliates.com\/fr\/terms-and-conditions","title":{"rendered":"Conditions g\u00e9n\u00e9rales d'utilisation"},"content":{"rendered":"<p>Notre site Web vous accorde une licence limit\u00e9e non exclusive pour l'utilisation du plugin ThirstyAffiliates Pro et d'autres produits vendus sur notre site Web (https:\/\/thirstyaffiliates.com) par Caseproof, LLC (les \u201cproduits\u201d) conform\u00e9ment aux pr\u00e9sentes conditions g\u00e9n\u00e9rales (la \u201clicence\u201d) \u00e9mises par notre soci\u00e9t\u00e9.<\/p>\n\n\n\n<h5 class=\"wp-block-heading\">1. Licences des plugins<\/h5>\n\n\n\n<p>ThirstyAffiliates est plac\u00e9 sous la licence publique g\u00e9n\u00e9rale GNU (<a href=\"http:\/\/www.gnu.org\/licenses\/gpl.html\">http:\/\/www.gnu.org\/licenses\/gpl.html<\/a>).<a name=\"upgrades\"><\/a><\/p>\n\n\n\n<h5 class=\"wp-block-heading\">2. Service de mise \u00e0 niveau automatique<\/h5>\n\n\n\n<p>L'acc\u00e8s \u00e0 notre service de mises \u00e0 jour automatiques est disponible pour les clients conform\u00e9ment \u00e0 la licence achet\u00e9e et qui disposent d'une cl\u00e9 de licence active.<a name=\"delivery\"><\/a><\/p>\n\n\n\n<h5 class=\"wp-block-heading\">3. Livraison<\/h5>\n\n\n\n<p>Une fois que nous avons re\u00e7u le premier paiement de votre abonnement automatique, vous recevrez un courriel contenant le lien de t\u00e9l\u00e9chargement, le nom d'utilisateur et le mot de passe. Cela peut prendre jusqu'\u00e0 une heure pour arriver, mais en g\u00e9n\u00e9ral, cela se produit dans les minutes qui suivent la commande. Si vous ne recevez pas d'e-mail apr\u00e8s cette p\u00e9riode, veuillez <a href=\"https:\/\/thirstyaffiliates.com\/fr\/contact\/\">nous contacter<\/a>. Vous pouvez ensuite vous connecter \u00e0 <a href=\"https:\/\/thirstyaffiliates.com\/fr\/account\/\">votre compte<\/a>&nbsp;pour recevoir de l'aide si vous utilisez l'adresse email que vous avez utilis\u00e9e pour acheter le plugin, vous aurez un acc\u00e8s instantan\u00e9 \u00e0 tous les documents relatifs \u00e0 l'aide. Votre abonnement automatique peut \u00eatre annul\u00e9 \u00e0 tout moment. Le support et les mises \u00e0 jour futures ne sont pas fournis aux d\u00e9tenteurs d'une licence annul\u00e9e.<a name=\"ownership\"><\/a><\/p>\n\n\n\n<h5 class=\"wp-block-heading\">4. Propri\u00e9t\u00e9<\/h5>\n\n\n\n<p>Vous ne pouvez pas revendiquer de droits de propri\u00e9t\u00e9 intellectuelle ou exclusive sur l'un de nos produits. Tous les produits sont la propri\u00e9t\u00e9 de Caseproof, LLC. Ils sont fournis \"en l'\u00e9tat\" sans garantie d'aucune sorte, expresse ou implicite. Nous ne serons pas responsables des dommages, y compris, mais sans s'y limiter, des dommages ou pertes directs, indirects, sp\u00e9ciaux, accessoires ou cons\u00e9cutifs r\u00e9sultant de l'utilisation ou de l'impossibilit\u00e9 d'utiliser nos produits. <a name=\"content\"><\/a><\/p>\n\n\n\n<h5 class=\"wp-block-heading\">5. Contenu du site<\/h5>\n\n\n\n<p>Tout le contenu du site, y compris les images et la documentation publi\u00e9es sur ThirstyAffiliates.com, est la propri\u00e9t\u00e9 de Caseproof, LLC. Toute reproduction du contenu du site doit faire l'objet d'une autorisation pr\u00e9alable. Le contenu de ce site ne doit pas \u00eatre utilis\u00e9 ou exploit\u00e9 \u00e0 des fins commerciales ou non commerciales sans l'accord \u00e9crit pr\u00e9alable de Caseproof, LLC. <a name=\"refunds\"><\/a><\/p>\n\n\n\n<h5 class=\"wp-block-heading\">6. Politique de remboursement<\/h5>\n\n\n\n<p>La garantie de remboursement sans risque de ThirsyAffiliates offre que, si \u00e0 tout moment au cours des 14 premiers jours de l'ouverture de votre compte payant vous d\u00e9cidez que ThirstyAffiliates n'est pas pour vous, il vous suffit de le faire savoir \u00e0 notre formidable \u00e9quipe d'assistance (nous rendons les choses faciles !).<\/p>\n\n\n\n<p>Nous mettrons fin \u00e0 votre abonnement et vous rembourserons. Votre demande de remboursement doit \u00eatre re\u00e7ue dans les 24 heures ouvrables suivant les 14 jours de la date et de l'heure d'ouverture de votre compte payant. Bien que certains remboursements puissent \u00eatre instantan\u00e9s, le cr\u00e9dit de remboursement peut prendre jusqu'\u00e0 5 \u00e0 10 jours ouvrables pour appara\u00eetre sur votre relev\u00e9 de carte de cr\u00e9dit. Les demandes de remboursement effectu\u00e9es apr\u00e8s cette p\u00e9riode de 14 jours ne seront pas accept\u00e9es.<\/p>\n\n\n\n<p>Nous offrons \u00e9galement des remboursements dans les 14 premiers jours suivant un renouvellement d'abonnement pour le montant total moins des frais administratifs de 20% (et \u00e9ventuellement des frais de traitement des paiements). Veuillez noter que nous envoyons un rappel concernant les renouvellements \u00e0 venir et qu'il est de la responsabilit\u00e9 du client d'annuler son abonnement avant le renouvellement s'il ne souhaite pas continuer. Les demandes de remboursement pour les renouvellements effectu\u00e9s apr\u00e8s les 14 premiers jours suivant le renouvellement ne seront pas accept\u00e9es.<a name=\"chargebacks\"><\/a><\/p>\n\n\n\n<h5 class=\"wp-block-heading\">7. Les r\u00e9trocessions<\/h5>\n\n\n\n<p>Les titulaires de licence doivent <a href=\"https:\/\/thirstyaffiliates.com\/fr\/contact\/\" target=\"_blank\" rel=\"noreferrer noopener\" aria-label=\" (s&#039;ouvre dans un nouvel onglet)\">nous contacter<\/a> Nous nous r\u00e9servons le droit de contester la r\u00e9trofacturation si le d\u00e9bit n'est pas frauduleux et qu'aucune communication de la part du d\u00e9tenteur de la licence n'est \u00e9vidente. Nous nous r\u00e9servons le droit de contester les r\u00e9trofacturations si le pr\u00e9l\u00e8vement n'est pas frauduleux et qu'aucune communication de la part du titulaire de la licence n'est \u00e9vidente. <a name=\"support\"><\/a><\/p>\n\n\n\n<h5 class=\"wp-block-heading\">8. Soutien<\/h5>\n\n\n\n<p>Caseproof, LLC propose des plugins WordPress \u201cen l'\u00e9tat\u201d et sans garantie implicite qu'ils fonctionneront exactement comme vous le souhaitez ou qu'ils seront compatibles avec tous les composants et plugins de tierces parties. Nous n'offrons pas d'assistance par courrier \u00e9lectronique ni d'assistance pour WordPress ou d'autres plugins WordPress que nous n'avons pas d\u00e9velopp\u00e9s. Le support est offert via un nom d'utilisateur et un mot de passe valides. L'achat d'une licence vous donne acc\u00e8s \u00e0 notre syst\u00e8me de tickets de support.<\/p>\n\n\n\n<p>L'assistance et l'acc\u00e8s \u00e0 notre syst\u00e8me de mise \u00e0 jour automatique des produits sont fournis pour une dur\u00e9e d'un an \u00e0 compter de la date d'achat. Au bout d'un an, il faudra renouveler la licence pour continuer \u00e0 b\u00e9n\u00e9ficier de l'assistance et des mises \u00e0 jour du produit.\n\nLes d\u00e9tenteurs de licence ne sont pas autoris\u00e9s \u00e0 r\u00e9afficher le contenu de l'assistance (y compris les courriels, les tickets d'assistance, les enregistrements d'appels t\u00e9l\u00e9phoniques ou les enregistrements de partages d'\u00e9cran) ou la documentation sur des sites web externes, des m\u00e9dias sociaux, etc. Il est \u00e9galement interdit de publier des captures d'\u00e9cran de ce contenu. La violation de cette interdiction entra\u00eenera la r\u00e9siliation imm\u00e9diate de la licence, l'arr\u00eat de l'acc\u00e8s au contenu de l'assistance et aux mises \u00e0 jour du produit. De m\u00eame, aucun de ces contenus ne peut \u00eatre utilis\u00e9 comme base ou partie d'un litige d\u00e9coulant du support ou de l'utilisation de nos plugins.\n\nNous ne garantissons pas que notre service d'assistance sera en mesure de r\u00e9soudre tous les probl\u00e8mes et dans toutes les situations. Nous ne sommes pas non plus responsables des mesures prises par les propri\u00e9taires de sites ou notre \u00e9quipe d'assistance qui entra\u00eenent une indisponibilit\u00e9 du site web, une perte de donn\u00e9es ou tout autre probl\u00e8me pendant le processus de d\u00e9pannage, de correction de bogues, de test ou autre.\n\nNous ne garantissons pas non plus de r\u00e9ponse aux demandes d'assistance que nous recevons par courrier \u00e9lectronique (en dehors de notre syst\u00e8me de tickets d'assistance), par t\u00e9l\u00e9phone ou par le biais de notre formulaire de contact public. Nous nous r\u00e9servons \u00e9galement le droit de refuser l'assistance \u00e0 tout utilisateur ou client si nous le jugeons n\u00e9cessaire.\n<\/p>\n\n\n\n<h5 class=\"wp-block-heading\">9. Emails transactionnels<\/h5>\n\n\n\n<p>Caseproof, LLC peut \u00e0 l'occasion vous envoyer des notifications par courrier \u00e9lectronique relatives \u00e0 votre licence ThirstyAffiliates. Ces courriels transactionnels peuvent inclure des notifications de changement de licence, des modifications de nos conditions g\u00e9n\u00e9rales, des avis d'expiration de licence et d'autres courriels transactionnels li\u00e9s \u00e0 votre achat de ThirstyAffiliates.<\/p>\n\n\n\n<h5 class=\"wp-block-heading\">10. Changements de prix<\/h5>\n\n\n\n<p>Caseproof, LLC se r\u00e9serve le droit, \u00e0 tout moment, de modifier ou d'interrompre, temporairement ou d\u00e9finitivement, une licence avec ou sans pr\u00e9avis. Les prix de tous les produits sont susceptibles d'\u00eatre modifi\u00e9s. Les modifications de prix seront signal\u00e9es sur le site. <\/p>\n\n\n\n<h5 class=\"wp-block-heading\">11. Garantie<\/h5>\n\n\n\n<p>Tous nos plugins WordPress sont fournis \"en l'\u00e9tat\". Nous ne garantissons pas qu'ils fonctionneront avec tous les plugins tiers, avec tous les navigateurs web ou avec tous les h\u00e9bergeurs. Nous ne sommes pas responsables des conflits de compatibilit\u00e9 entre les plugins qui peuvent survenir. Nous avons pour politique de soutenir nos plugins du mieux que nous pouvons et nous fournirons une assistance pour les conflits de plugins de tierces parties \u00e0 notre discr\u00e9tion ou lorsque le temps le permettra. Nous ne sommes pas responsables des pertes de donn\u00e9es, des temps d'arr\u00eat du site web ou de tout autre probl\u00e8me pouvant r\u00e9sulter de l'installation de nos plugins. <\/p>\n\n\n\n<h5 class=\"wp-block-heading\">12. Acceptation<\/h5>\n\n\n\n<p>En achetant nos produits ou en t\u00e9l\u00e9chargeant nos plugins gratuits sur wordpress.org, vous indiquez que vous avez lu et accept\u00e9 les conditions g\u00e9n\u00e9rales d\u00e9taill\u00e9es sur cette page. <\/p>\n\n\n\n<h5 class=\"wp-block-heading\">13. Droit applicable et juridiction<\/h5>\n\n\n\n<p>Les pr\u00e9sentes conditions g\u00e9n\u00e9rales sont r\u00e9gies par les lois de l'\u00c9tat de l'Utah, sans tenir compte des principes de conflit de lois. Tout litige li\u00e9 aux pr\u00e9sentes conditions g\u00e9n\u00e9rales sera r\u00e9solu exclusivement devant les tribunaux d'\u00c9tat ou f\u00e9d\u00e9raux situ\u00e9s \u00e0 Salt Lake City, dans l'Utah, et les parties acceptent la comp\u00e9tence personnelle de ces tribunaux. Nous nous r\u00e9servons le droit de changer ou de modifier les pr\u00e9sentes conditions g\u00e9n\u00e9rales sans pr\u00e9avis.<\/p>","protected":false},"excerpt":{"rendered":"<p>Our website grants you non-exclusive limited license to use the ThirstyAffiliates Pro plugin and other products sold through our website (https:\/\/thirstyaffiliates.com) by Caseproof, LLC (the &#8220;products&#8221;) in accordance with these Terms &amp; Conditions (the &#8220;license&#8221;) issued by our company. 1. Plugin Licensing ThirstyAffiliates is licensed under the GNU general public<\/p>\n<p><a class=\"read-more\" href=\"https:\/\/thirstyaffiliates.com\/fr\/terms-and-conditions\">Lire la suite<\/a><\/p>","protected":false},"author":4286,"featured_media":0,"parent":0,"menu_order":0,"comment_status":"closed","ping_status":"closed","template":"","meta":{"_acf_changed":false,"om_disable_all_campaigns":false,"_strive_editorial_status":"not-started","_strive_copy_of":0,"_monsterinsights_skip_tracking":false,"_monsterinsights_sitenote_active":false,"_monsterinsights_sitenote_note":"","_monsterinsights_sitenote_category":0,"footnotes":""},"class_list":["post-24359","page","type-page","status-publish","hentry"],"acf":[],"aioseo_notices":[],"_links":{"self":[{"href":"https:\/\/thirstyaffiliates.com\/fr\/wp-json\/wp\/v2\/pages\/24359","targetHints":{"allow":["GET"]}}],"collection":[{"href":"https:\/\/thirstyaffiliates.com\/fr\/wp-json\/wp\/v2\/pages"}],"about":[{"href":"https:\/\/thirstyaffiliates.com\/fr\/wp-json\/wp\/v2\/types\/page"}],"author":[{"embeddable":true,"href":"https:\/\/thirstyaffiliates.com\/fr\/wp-json\/wp\/v2\/users\/4286"}],"replies":[{"embeddable":true,"href":"https:\/\/thirstyaffiliates.com\/fr\/wp-json\/wp\/v2\/comments?post=24359"}],"version-history":[{"count":1,"href":"https:\/\/thirstyaffiliates.com\/fr\/wp-json\/wp\/v2\/pages\/24359\/revisions"}],"predecessor-version":[{"id":36607,"href":"https:\/\/thirstyaffiliates.com\/fr\/wp-json\/wp\/v2\/pages\/24359\/revisions\/36607"}],"wp:attachment":[{"href":"https:\/\/thirstyaffiliates.com\/fr\/wp-json\/wp\/v2\/media?parent=24359"}],"curies":[{"name":"wp","href":"https:\/\/api.w.org\/{rel}","templated":true}]}}