{"id":27423,"date":"2020-10-29T07:28:07","date_gmt":"2020-10-28T21:28:07","guid":{"rendered":"https:\/\/thirstyaff.wpengine.com\/?page_id=27423"},"modified":"2021-05-13T19:48:34","modified_gmt":"2021-05-13T19:48:34","slug":"media","status":"publish","type":"page","link":"https:\/\/thirstyaffiliates.com\/fr\/media","title":{"rendered":"Les m\u00e9dias"},"content":{"rendered":"<p>T\u00e9l\u00e9chargez un ensemble de logos Thirsty Affiliates approuv\u00e9s en haute r\u00e9solution :<\/p>\n\n\n\n<div class=\"wp-block-file\"><a href=\"https:\/\/thirstyaffiliates.com\/wp-content\/uploads\/2020\/10\/Thirsty_Affiliates_Logo_Pack.zip\">Pack de logos Thirsty Affiliates<\/a><a href=\"https:\/\/thirstyaffiliates.com\/wp-content\/uploads\/2020\/10\/Thirsty_Affiliates_Logo_Pack.zip\" class=\"wp-block-file__button\" download>T\u00e9l\u00e9charger<\/a><\/div>\n\n\n\n<div style=\"height:20px\" aria-hidden=\"true\" class=\"wp-block-spacer\"><\/div>\n\n\n\n<h3 class=\"wp-block-heading\">Plus d'informations et de ressources<\/h3>\n\n\n\n<p>Si vous avez besoin de plus d'informations ou de ressources, n'h\u00e9sitez pas \u00e0 nous contacter par l'interm\u00e9diaire de notre site web. <a href=\"https:\/\/thirstyaffiliates.com\/fr\/contact\/\">Formulaire de contact<\/a>.<\/p>","protected":false},"excerpt":{"rendered":"<p>T\u00e9l\u00e9chargez un ensemble de logos Thirsty Affiliates approuv\u00e9s en haute r\u00e9solution : Plus d'informations et de ressources Si vous avez besoin de plus d'informations ou de ressources, n'h\u00e9sitez pas \u00e0 nous contacter via notre formulaire de contact.<\/p>","protected":false},"author":4286,"featured_media":0,"parent":0,"menu_order":0,"comment_status":"closed","ping_status":"closed","template":"","meta":{"_acf_changed":false,"om_disable_all_campaigns":false,"_strive_editorial_status":"not-started","_strive_copy_of":0,"_monsterinsights_skip_tracking":false,"_monsterinsights_sitenote_active":false,"_monsterinsights_sitenote_note":"","_monsterinsights_sitenote_category":0,"footnotes":""},"class_list":["post-27423","page","type-page","status-publish","hentry"],"acf":[],"aioseo_notices":[],"_links":{"self":[{"href":"https:\/\/thirstyaffiliates.com\/fr\/wp-json\/wp\/v2\/pages\/27423","targetHints":{"allow":["GET"]}}],"collection":[{"href":"https:\/\/thirstyaffiliates.com\/fr\/wp-json\/wp\/v2\/pages"}],"about":[{"href":"https:\/\/thirstyaffiliates.com\/fr\/wp-json\/wp\/v2\/types\/page"}],"author":[{"embeddable":true,"href":"https:\/\/thirstyaffiliates.com\/fr\/wp-json\/wp\/v2\/users\/4286"}],"replies":[{"embeddable":true,"href":"https:\/\/thirstyaffiliates.com\/fr\/wp-json\/wp\/v2\/comments?post=27423"}],"version-history":[{"count":0,"href":"https:\/\/thirstyaffiliates.com\/fr\/wp-json\/wp\/v2\/pages\/27423\/revisions"}],"wp:attachment":[{"href":"https:\/\/thirstyaffiliates.com\/fr\/wp-json\/wp\/v2\/media?parent=27423"}],"curies":[{"name":"wp","href":"https:\/\/api.w.org\/{rel}","templated":true}]}}