{"id":27429,"date":"2020-10-29T08:01:45","date_gmt":"2020-10-28T22:01:45","guid":{"rendered":"https:\/\/thirstyaff.wpengine.com\/?page_id=27429"},"modified":"2021-05-13T19:48:34","modified_gmt":"2021-05-13T19:48:34","slug":"affiliate-program","status":"publish","type":"page","link":"https:\/\/thirstyaffiliates.com\/fr\/affiliate-program","title":{"rendered":"Programme d'affiliation"},"content":{"rendered":"<h3 class=\"wp-block-heading\">Promouvoir le meilleur plugin de gestion de liens d'affiliation au monde<\/h3>\n\n\n\n<p>En rejoignant le programme d'affiliation de ThirstyAffiliates, vous faites partie d'une \u00e9quipe qui promeut le meilleur plugin de gestion de liens d'affiliation du march\u00e9 ! ThirstyAffiliates facilite la gestion, le suivi et la mon\u00e9tisation de vos liens d'affiliation !<\/p>\n\n\n\n<h4 class=\"wp-block-heading\">\u00c0 quel type de commission puis-je pr\u00e9tendre ?<\/h4>\n\n\n\n<p><strong>Commissions 30%<\/strong>&nbsp;sur la premi\u00e8re vente de chaque client recommand\u00e9.<\/p>\n\n\n\n<h4 class=\"wp-block-heading\">Pourquoi rejoindre le programme d'affiliation de ThirstyAffiliates ?<\/h4>\n\n\n\n<ul class=\"wp-block-list\"><li>Gagner de g\u00e9n\u00e9reuses commissions<\/li><li>T\u00e9moin de retour de 60 jours<\/li><li>Acc\u00e9dez \u00e0 des banni\u00e8res cr\u00e9atives, des courriels et des liens textuels optimis\u00e9s pour la conversion.<\/li><li>Profitez de paiements mensuels rapides (vers\u00e9s le premier de chaque mois via PayPal)<\/li><li>Inscrivez-vous gratuitement !<\/li><\/ul>\n\n\n\n<p>Cliquez sur le lien ci-dessous pour demander \u00e0 rejoindre le programme d'affiliation de ThirstyAffiliates d\u00e8s aujourd'hui !<\/p>\n\n\n\n<p><a href=\"https:\/\/thirstyaffiliates.com\/fr\/affiliate-signup\/\">Se renseigner sur la possibilit\u00e9 de devenir un affili\u00e9 de ThirstyAffiliates<\/a> \ud83d\udc48<\/p>\n\n\n\n<p>Vous \u00eates d\u00e9j\u00e0 affili\u00e9 \u00e0 ThirstyAffiliates ?\u00a0<a href=\"https:\/\/thirstyaffiliates.com\/fr\/affiliate-login\/\">Se connecter ici<\/a><\/p>","protected":false},"excerpt":{"rendered":"<p>Promouvoir le meilleur plugin de gestion de liens d'affiliation au monde Lorsque vous rejoignez le programme d'affiliation de ThirstyAffiliates, vous faites partie d'une \u00e9quipe qui promeut le meilleur plugin de gestion de liens d'affiliation sur le march\u00e9 ! ThirstyAffiliates facilite la gestion, le suivi et la mon\u00e9tisation de vos liens d'affiliation ! Quel type de commission puis-je recevoir ?<\/p>\n<p><a class=\"read-more\" href=\"https:\/\/thirstyaffiliates.com\/fr\/affiliate-program\">Lire la suite<\/a><\/p>","protected":false},"author":4286,"featured_media":0,"parent":0,"menu_order":0,"comment_status":"closed","ping_status":"closed","template":"","meta":{"_acf_changed":false,"om_disable_all_campaigns":false,"_strive_editorial_status":"not-started","_strive_copy_of":0,"_monsterinsights_skip_tracking":false,"_monsterinsights_sitenote_active":false,"_monsterinsights_sitenote_note":"","_monsterinsights_sitenote_category":0,"footnotes":""},"class_list":["post-27429","page","type-page","status-publish","hentry"],"acf":[],"aioseo_notices":[],"_links":{"self":[{"href":"https:\/\/thirstyaffiliates.com\/fr\/wp-json\/wp\/v2\/pages\/27429","targetHints":{"allow":["GET"]}}],"collection":[{"href":"https:\/\/thirstyaffiliates.com\/fr\/wp-json\/wp\/v2\/pages"}],"about":[{"href":"https:\/\/thirstyaffiliates.com\/fr\/wp-json\/wp\/v2\/types\/page"}],"author":[{"embeddable":true,"href":"https:\/\/thirstyaffiliates.com\/fr\/wp-json\/wp\/v2\/users\/4286"}],"replies":[{"embeddable":true,"href":"https:\/\/thirstyaffiliates.com\/fr\/wp-json\/wp\/v2\/comments?post=27429"}],"version-history":[{"count":0,"href":"https:\/\/thirstyaffiliates.com\/fr\/wp-json\/wp\/v2\/pages\/27429\/revisions"}],"wp:attachment":[{"href":"https:\/\/thirstyaffiliates.com\/fr\/wp-json\/wp\/v2\/media?parent=27429"}],"curies":[{"name":"wp","href":"https:\/\/api.w.org\/{rel}","templated":true}]}}