{"id":30678,"date":"2021-05-04T13:15:10","date_gmt":"2021-05-04T19:15:10","guid":{"rendered":"https:\/\/thirstyaff.wpengine.com\/account"},"modified":"2021-07-21T19:00:48","modified_gmt":"2021-07-21T19:00:48","slug":"account","status":"publish","type":"page","link":"https:\/\/thirstyaffiliates.com\/fr\/account","title":{"rendered":"Compte"},"content":{"rendered":"<div class=\"mp_wrapper\">\n  <div class=\"mepr-unauthorized-message\">\n    <p>Vous n'\u00eates pas autoris\u00e9 \u00e0 consulter cette page.<\/p>\n  <\/div>\n  <div class=\"mepr-login-form-wrap\">\n            \n<div class=\"mp_wrapper mp_login_form\">\n                  <!-- mp-login-form-start -->     <form name=\"mepr_loginform\" id=\"mepr_loginform\" class=\"mepr-form\" action=\"https:\/\/thirstyaffiliates.com\/fr\/login\/\" method=\"post\" data-trp-original-action=\"https:\/\/thirstyaffiliates.com\/fr\/login\">\n            <div class=\"mp-form-row mepr_username\">\n        <div class=\"mp-form-label\">\n                              <label for=\"user_login\">Nom d'utilisateur ou adresse de messagerie.<\/label>\n        <\/div>\n        <input type=\"text\" name=\"log\" id=\"user_login\" value=\"\" \/>\n      <\/div>\n      <div class=\"mp-form-row mepr_password\">\n        <div class=\"mp-form-label\">\n          <label for=\"user_pass\">Mot de passe<\/label>\n          <div class=\"mp-hide-pw\">\n            <input type=\"password\" name=\"pwd\" id=\"user_pass\" value=\"\" \/>\n            <button type=\"button\" class=\"button mp-hide-pw hide-if-no-js\" data-toggle=\"0\" aria-label=\"Afficher le mot de passe\">\n              <span class=\"dashicons dashicons-visibility\" aria-hidden=\"true\"><\/span>\n            <\/button>\n          <\/div>\n        <\/div>\n      <\/div>\n      \t\t<div id=\"cf-turnstile-2702253561\"\r\n\t\tclass=\"cf-turnstile\" \t\tdata-sitekey=\"0x4AAAAAAAEUHOj65CwPmNnE\"\r\n\t\tdata-theme=\"light\"\r\n\t\tdata-language=\"auto\"\r\n\t\tdata-size=\"\"\r\n\t\tdata-retry=\"auto\" data-retry-interval=\"1000\"\r\n\t\tdata-refresh-expired=\"auto\"\r\n\t\tdata-action=\"memberpress\"\r\n\t\t\t\tdata-appearance=\"interaction-only\"><\/div>\r\n\t\t\t<script>document.addEventListener(\"DOMContentLoaded\", function() { setTimeout(function(){ var e=document.getElementById(\"cf-turnstile-2702253561\"); e&&!e.innerHTML.trim()&&(turnstile.remove(\"#cf-turnstile-2702253561\"), turnstile.render(\"#cf-turnstile-2702253561\", {sitekey:\"0x4AAAAAAAEUHOj65CwPmNnE\"})); }, 100); });<\/script>\r\n\t\t\t<style>#cf-turnstile-2702253561 iframe { margin-bottom: 15px; }<\/style>\r\n\t\t\t\t<style>#cf-turnstile-2702253561 { margin-left: -15px; }<\/style>\r\n\t\t      <div>\n        <label><input name=\"rememberme\" type=\"checkbox\" id=\"rememberme\" value=\"forever\" \/> Se souvenir de moi<\/label>\n      <\/div>\n      <div class=\"mp-spacer\">&nbsp;<\/div>\n      <div class=\"submit\">\n        <input type=\"submit\" name=\"wp-submit\" id=\"wp-submit\" class=\"button-primary mepr-share-button\" value=\"Connecteur Se\" \/>\n        <input type=\"hidden\" name=\"redirect_to\" value=\"\/fr\/wp-json\/wp\/v2\/pages\/30678\" \/>\n        <input type=\"hidden\" name=\"mepr_process_login_form\" value=\"true\" \/>\n        <input type=\"hidden\" name=\"mepr_is_login_page\" value=\"false\" \/>\n      <\/div>\n    <input type=\"hidden\" name=\"trp-form-language\" value=\"fr\"\/><\/form>\n    <div class=\"mp-spacer\">&nbsp;<\/div>\n    <div class=\"mepr-login-actions\">\n        <a\n          href=\"https:\/\/thirstyaffiliates.com\/fr\/login?action=forgot_password\"\n          title=\"Cliquez ici pour r\u00e9initialiser votre mot de passe\"\n        >\n          Mot de passe oubli\u00e9        <\/a>\n    <\/div>\n\n      \n    <!-- mp-login-form-end --> \n  <\/div>\n      <\/div>\n<\/div>","protected":false},"excerpt":{"rendered":"<p>Vous n'\u00eates pas autoris\u00e9 \u00e0 consulter cette page. Nom d'utilisateur ou adresse de messagerie. Mot de passe Se souvenir de moi Mot de passe oubli\u00e9<\/p>","protected":false},"author":4286,"featured_media":0,"parent":0,"menu_order":0,"comment_status":"closed","ping_status":"closed","template":"","meta":{"_acf_changed":false,"om_disable_all_campaigns":false,"_strive_editorial_status":"not-started","_strive_copy_of":0,"_monsterinsights_skip_tracking":false,"_monsterinsights_sitenote_active":false,"_monsterinsights_sitenote_note":"","_monsterinsights_sitenote_category":0,"footnotes":""},"class_list":["post-30678","page","type-page","status-publish","hentry"],"acf":[],"aioseo_notices":[],"_links":{"self":[{"href":"https:\/\/thirstyaffiliates.com\/fr\/wp-json\/wp\/v2\/pages\/30678","targetHints":{"allow":["GET"]}}],"collection":[{"href":"https:\/\/thirstyaffiliates.com\/fr\/wp-json\/wp\/v2\/pages"}],"about":[{"href":"https:\/\/thirstyaffiliates.com\/fr\/wp-json\/wp\/v2\/types\/page"}],"author":[{"embeddable":true,"href":"https:\/\/thirstyaffiliates.com\/fr\/wp-json\/wp\/v2\/users\/4286"}],"replies":[{"embeddable":true,"href":"https:\/\/thirstyaffiliates.com\/fr\/wp-json\/wp\/v2\/comments?post=30678"}],"version-history":[{"count":0,"href":"https:\/\/thirstyaffiliates.com\/fr\/wp-json\/wp\/v2\/pages\/30678\/revisions"}],"wp:attachment":[{"href":"https:\/\/thirstyaffiliates.com\/fr\/wp-json\/wp\/v2\/media?parent=30678"}],"curies":[{"name":"wp","href":"https:\/\/api.w.org\/{rel}","templated":true}]}}