{"id":5020,"date":"2017-07-21T15:23:18","date_gmt":"2017-07-21T05:23:18","guid":{"rendered":"https:\/\/thirstyaff.wpengine.com\/?page_id=5020"},"modified":"2021-07-21T20:18:35","modified_gmt":"2021-07-21T20:18:35","slug":"privacy-policy","status":"publish","type":"page","link":"https:\/\/thirstyaffiliates.com\/fr\/privacy-policy","title":{"rendered":"Politique de confidentialit\u00e9"},"content":{"rendered":"<p>Derni\u00e8re mise \u00e0 jour : 23 mai 2018<\/p>\n<p>Chez Caseproof, nous reconnaissons l'importance de la confidentialit\u00e9 de vos informations personnelles. Voici des informations sur les types d'informations personnelles que nous recevons et recueillons lorsque vous visitez notre site, interagissez avec notre entreprise et comment nous prot\u00e9geons vos informations.<\/p>\n<h4><strong>1. L'INTRODUCTION<\/strong><\/h4>\n<p>ThirstyAffiliates.com (\"nous\", \"nous\" ou \"la soci\u00e9t\u00e9\") s'engage \u00e0 respecter le droit \u00e0 la vie priv\u00e9e de ses clients, visiteurs et autres utilisateurs du site web de la soci\u00e9t\u00e9 (\"le site\"). Nous avons cr\u00e9\u00e9 la pr\u00e9sente politique de confidentialit\u00e9 du site web (\"politique de confidentialit\u00e9\") pour vous mettre en confiance lorsque vous visitez et utilisez le site, et pour d\u00e9montrer notre engagement en faveur de pratiques d'information \u00e9quitables et de la protection de la vie priv\u00e9e. La pr\u00e9sente politique de confidentialit\u00e9 ne s'applique qu'au site, et non aux autres sites web auxquels vous pouvez acc\u00e9der \u00e0 partir du site, chacun d'entre eux pouvant avoir des pratiques et des politiques de collecte, de stockage et d'utilisation des donn\u00e9es qui diff\u00e8rent mat\u00e9riellement de la pr\u00e9sente politique de confidentialit\u00e9.<\/p>\n<p><strong>2. PRATIQUES EN MATI\u00c8RE DE COLLECTE D'INFORMATIONS<\/strong><\/p>\n<p style=\"padding-left: 30px;\"><strong>2.1. TYPES D'INFORMATIONS COLLECT\u00c9ES<\/strong><\/p>\n<p style=\"padding-left: 60px;\"><strong>(a) Donn\u00e9es collect\u00e9es sur le trafic.<\/strong> Nous suivons et collectons automatiquement les cat\u00e9gories d'informations suivantes lorsque vous visitez notre site : (1) adresses IP ; (2) serveurs de domaine ; (3) types d'ordinateurs acc\u00e9dant au site ; et (4) types de navigateurs web utilis\u00e9s pour acc\u00e9der au site (collectivement \"donn\u00e9es de trafic\"). Les donn\u00e9es relatives au trafic sont <em>anonyme<\/em> des informations qui ne vous identifient pas personnellement mais qui sont utiles \u00e0 des fins de marketing ou pour am\u00e9liorer votre exp\u00e9rience sur le site. Nous pouvons \u00e9galement utiliser des \"cookies\" pour personnaliser le contenu en fonction de vos int\u00e9r\u00eats. Des fournisseurs de services tiers qui peuvent fournir des informations sur vous lorsque vous naviguez sur le site web, cliquez sur des liens, vous connectez \u00e0 votre compte ou effectuez un achat. Il s'agit notamment de Google Analytics et de Facebook Pixel.<\/p>\n<p style=\"padding-left: 60px;\"><strong>(b) Informations personnelles collect\u00e9es.<\/strong> Pour que vous puissiez t\u00e9l\u00e9charger les produits que nous proposons sur le site, nous vous demandons de nous fournir certaines informations qui vous identifient personnellement (\"informations personnelles\"). Les informations personnelles comprennent les cat\u00e9gories d'informations suivantes : (1) donn\u00e9es de contact (telles que votre nom et votre adresse \u00e9lectronique) et (2) donn\u00e9es d\u00e9mographiques (telles que votre pays). Si vous communiquez avec nous par e-mail ou par courrier, toute information fournie dans cette communication peut \u00eatre collect\u00e9e en tant qu'information personnelle.<\/p>\n<p style=\"padding-left: 60px;\"><strong>(b) Informations sur les paiements collect\u00e9es.<\/strong> Nous ne stockons pas les donn\u00e9es relatives \u00e0 votre carte de cr\u00e9dit ou \u00e0 d'autres paiements sur notre site ou nos serveurs. Ces services sont fournis par des prestataires tiers (actuellement Stripe et PayPal) et le stockage de ces informations de paiement ainsi que la transaction proprement dite n'ont pas lieu sur nos serveurs. Veuillez vous r\u00e9f\u00e9rer \u00e0 leurs politiques de confidentialit\u00e9 et \u00e0 leurs services pour plus d'informations sur le fonctionnement de leurs services.<\/p>\n<p style=\"padding-left: 30px;\"><strong>2.2. UTILISATION DES INFORMATIONS COLLECT\u00c9ES<\/strong><\/p>\n<p style=\"padding-left: 60px;\"><strong>(a) UTILISATION DES INFORMATIONS PAR L'ENTREPRISE.<\/strong> Nous utilisons les donn\u00e9es de contact pour vous envoyer des informations sur notre soci\u00e9t\u00e9, nos produits ou services, ou du mat\u00e9riel promotionnel de certains de nos partenaires, ou pour vous contacter si n\u00e9cessaire. Nous utilisons vos donn\u00e9es d\u00e9mographiques pour personnaliser et adapter votre exp\u00e9rience sur le site, en affichant un contenu susceptible de vous int\u00e9resser et correspondant \u00e0 vos pr\u00e9f\u00e9rences.<\/p>\n<p style=\"padding-left: 60px;\"><strong>(b) Partage des informations personnelles.<\/strong> Nous partageons certaines cat\u00e9gories d'informations que nous recueillons aupr\u00e8s de vous de la mani\u00e8re d\u00e9crite dans la pr\u00e9sente politique de confidentialit\u00e9. Nous partageons les donn\u00e9es d\u00e9mographiques avec des annonceurs et d'autres tiers uniquement sur une base agr\u00e9g\u00e9e (c'est-\u00e0-dire non identifiable personnellement). Nous <strong>ne pas<\/strong> partager les donn\u00e9es de contact avec d'autres soci\u00e9t\u00e9s susceptibles de vouloir vous envoyer des informations sur leurs produits ou services. Nous partageons les donn\u00e9es de contact avec nos partenaires commerciaux et le personnel que nous employons et qui nous aide \u00e0 fournir des services de base (tels que l'ex\u00e9cution ou le stockage et la s\u00e9curit\u00e9 des donn\u00e9es) li\u00e9s \u00e0 l'exploitation du site. Ces personnes ont toutes accept\u00e9 de respecter les m\u00eames normes de s\u00e9curit\u00e9 et de confidentialit\u00e9 que celles que nous vous avons promises dans la pr\u00e9sente politique de confidentialit\u00e9, et elles n'utiliseront vos coordonn\u00e9es et autres informations personnelles que pour s'acquitter de leurs obligations commerciales sp\u00e9cifiques envers la soci\u00e9t\u00e9. Si vous ne souhaitez pas que nous partagions vos donn\u00e9es de contact avec des tiers, veuillez nous contacter via le lien \"Contact\" dans le menu du site. Veuillez comprendre qu'une telle demande limitera probablement votre capacit\u00e9 \u00e0 profiter de toutes les fonctionnalit\u00e9s et de tous les services que nous offrons sur le site.<\/p>\n<p style=\"padding-left: 60px;\"><strong>(c) CHOIX DE L'UTILISATEUR CONCERNANT LA COLLECTE, L'UTILISATION ET LA DISTRIBUTION DES INFORMATIONS PERSONNELLES.<\/strong> Vous pouvez choisir de ne pas nous fournir d'informations personnelles. Dans ce cas, vous pourrez toujours acc\u00e9der \u00e0 une grande partie du site et l'utiliser, mais vous ne pourrez pas acc\u00e9der aux parties du site qui requi\u00e8rent vos informations personnelles, par exemple pour effectuer un achat. Si vous ne souhaitez pas recevoir d'informations ou de mat\u00e9riel promotionnel de notre part ou de la part de certains de nos partenaires, vous pouvez s\u00e9lectionner l'option \"opt-out\" appropri\u00e9e chaque fois que nous vous demandons des informations personnelles ou simplement refuser de les fournir lorsque cela vous est demand\u00e9.<\/p>\n<h4><strong>3. CONFIDENTIALIT\u00c9 ET S\u00c9CURIT\u00c9 DES INFORMATIONS PERSONNELLES<\/strong><\/h4>\n<p>Sauf disposition contraire dans la pr\u00e9sente politique de confidentialit\u00e9, nous pr\u00e9serverons la confidentialit\u00e9 de vos informations personnelles et ne les partagerons pas avec des tiers, \u00e0 moins que cette divulgation ne soit n\u00e9cessaire pour : (a) se conformer \u00e0 une d\u00e9cision de justice ou \u00e0 une autre proc\u00e9dure l\u00e9gale ; (b) prot\u00e9ger nos droits ou notre propri\u00e9t\u00e9 ; ou (c) faire respecter nos conditions d'utilisation. Vos informations personnelles sont stock\u00e9es sur des serveurs s\u00e9curis\u00e9s qui ne sont pas accessibles \u00e0 des tiers. Nous vous donnons la possibilit\u00e9 de transmettre vos informations personnelles via des canaux s\u00e9curis\u00e9s et crypt\u00e9s si vous utilisez un navigateur web dot\u00e9 d'un \u00e9quipement similaire.<\/p>\n<p style=\"padding-left: 30px;\"><strong>3.1. L'INFORMATION DU PUBLIC.<\/strong> Le site contient des liens vers d'autres sites web. Nous ne sommes pas responsables des pratiques en mati\u00e8re de protection de la vie priv\u00e9e ou du contenu de ces sites web. Nous pouvons \u00e9galement mettre \u00e0 votre disposition des commentaires sur certaines pages. Veuillez comprendre que toute information divulgu\u00e9e dans ces zones devient une information publique. Nous n'avons aucun contr\u00f4le sur leur utilisation et vous devez faire preuve de prudence lorsque vous d\u00e9cidez de divulguer vos informations personnelles.<\/p>\n<h4><strong>4. PUBLICIT\u00c9S DE TIERS\/GOOGLE ADS<\/strong><\/h4>\n<p>Ce site utilise \u00e9galement des publicit\u00e9s de tiers pour g\u00e9n\u00e9rer des revenus. Certains de ces annonceurs peuvent utiliser des technologies telles que les cookies et les balises web lorsqu'ils font de la publicit\u00e9 sur ce site, ce qui enverra \u00e9galement \u00e0 ces annonceurs (tels que Google par le biais du programme Google AdSense) des informations telles que votre adresse IP, votre fournisseur d'acc\u00e8s \u00e0 Internet, le navigateur que vous avez utilis\u00e9 pour visiter notre site et, dans certains cas, si Flash est install\u00e9 sur votre ordinateur. Ces informations sont g\u00e9n\u00e9ralement utilis\u00e9es \u00e0 des fins de g\u00e9o-ciblage (pour montrer des annonces immobili\u00e8res \u00e0 New York \u00e0 quelqu'un qui se trouve \u00e0 New York, par exemple) ou pour montrer certaines annonces bas\u00e9es sur des sites sp\u00e9cifiques visit\u00e9s (pour montrer des annonces de cuisine \u00e0 quelqu'un qui fr\u00e9quente des sites de cuisine, par exemple).<\/p>\n<p>Vous pouvez choisir de d\u00e9sactiver nos cookies ou ceux de tiers dans les param\u00e8tres de votre navigateur ou en g\u00e9rant vos pr\u00e9f\u00e9rences dans des programmes tels que Norton Internet Security, McAfee et Eset.com. Cependant, cela peut affecter la fa\u00e7on dont vous pouvez interagir avec notre site ainsi qu'avec d'autres sites web. Il peut s'agir de l'impossibilit\u00e9 de se connecter \u00e0 des services ou \u00e0 des programmes, comme la connexion \u00e0 des forums ou \u00e0 des comptes.<\/p>\n<p style=\"padding-left: 30px;\"><strong>4.1 : COOKIE PUBLICITAIRE GOOGLE ET COOKIE DOUBLECLICK DART :<\/strong> Google, en tant que fournisseur tiers, utilise des cookies pour diffuser des annonces sur ce site. L'utilisation par Google du cookie DART lui permet de diffuser des annonces aux utilisateurs de notre site en fonction de leur visite sur ce site et d'autres sites Internet. Les utilisateurs peuvent d\u00e9sactiver l'utilisation du cookie DART en consultant les r\u00e8gles de confidentialit\u00e9 du r\u00e9seau d'annonces et de contenu de Google.<\/p>\n<h4><strong>5. INFORMATIONS PERSONNELLES DES ENFANTS<\/strong><\/h4>\n<p>Nous ne collectons pas sciemment d'informations personnelles aupr\u00e8s d'enfants de moins de 13 ans. Si nous apprenons que nous d\u00e9tenons des informations personnelles sur un enfant de moins de 13 ans, nous supprimerons ces informations de nos syst\u00e8mes.<\/p>\n<h4><strong>6. INFORMATIONS DE CONTACT ET MISES A JOUR DE LA POLITIQUE<\/strong><\/h4>\n<p style=\"padding-left: 30px;\"><strong>6.1. NOUS CONTACTER.<\/strong> Si vous avez des questions concernant cette politique, nos pratiques li\u00e9es \u00e0 ce site, ou si vous souhaitez que nous supprimions vos informations de notre base de donn\u00e9es, veuillez nous contacter \u00e0 l'adresse suivante :<\/p>\n<p style=\"padding-left: 30px;\">support \"at\" ThirstyAffiliates.com (email)<\/p>\n<p style=\"padding-left: 30px;\"><strong>6.2. LES MISES \u00c0 JOUR ET LES MODIFICATIONS.<\/strong> Nous nous r\u00e9servons le droit, \u00e0 tout moment, de compl\u00e9ter, de changer, de mettre \u00e0 jour ou de modifier la pr\u00e9sente politique, simplement en publiant ce changement, cette mise \u00e0 jour ou cette modification sur le site et sans vous en avertir. Tout changement, mise \u00e0 jour ou modification prendra effet imm\u00e9diatement apr\u00e8s sa publication sur le site. Il vous incombe de consulter r\u00e9guli\u00e8rement la pr\u00e9sente politique afin de vous assurer que vous continuez \u00e0 en accepter toutes les conditions.<\/p>","protected":false},"excerpt":{"rendered":"<p>Derni\u00e8re mise \u00e0 jour : 23 mai 2018 Chez Caseproof, nous reconnaissons que la confidentialit\u00e9 de vos informations personnelles est importante. Voici des informations sur les types d'informations personnelles que nous recevons et recueillons lorsque vous visitez notre site, interagissez avec notre entreprise et comment nous prot\u00e9geons vos informations. 1. INTRODUCTION ThirstyAffiliates.com (\"nous\", \"nous\",<\/p>\n<p><a class=\"read-more\" href=\"https:\/\/thirstyaffiliates.com\/fr\/privacy-policy\">Lire la suite<\/a><\/p>","protected":false},"author":4286,"featured_media":0,"parent":0,"menu_order":0,"comment_status":"closed","ping_status":"closed","template":"","meta":{"_acf_changed":false,"om_disable_all_campaigns":false,"_strive_editorial_status":"not-started","_strive_copy_of":0,"_monsterinsights_skip_tracking":false,"_monsterinsights_sitenote_active":false,"_monsterinsights_sitenote_note":"","_monsterinsights_sitenote_category":0,"footnotes":""},"class_list":["post-5020","page","type-page","status-publish","hentry"],"acf":[],"aioseo_notices":[],"_links":{"self":[{"href":"https:\/\/thirstyaffiliates.com\/fr\/wp-json\/wp\/v2\/pages\/5020","targetHints":{"allow":["GET"]}}],"collection":[{"href":"https:\/\/thirstyaffiliates.com\/fr\/wp-json\/wp\/v2\/pages"}],"about":[{"href":"https:\/\/thirstyaffiliates.com\/fr\/wp-json\/wp\/v2\/types\/page"}],"author":[{"embeddable":true,"href":"https:\/\/thirstyaffiliates.com\/fr\/wp-json\/wp\/v2\/users\/4286"}],"replies":[{"embeddable":true,"href":"https:\/\/thirstyaffiliates.com\/fr\/wp-json\/wp\/v2\/comments?post=5020"}],"version-history":[{"count":0,"href":"https:\/\/thirstyaffiliates.com\/fr\/wp-json\/wp\/v2\/pages\/5020\/revisions"}],"wp:attachment":[{"href":"https:\/\/thirstyaffiliates.com\/fr\/wp-json\/wp\/v2\/media?parent=5020"}],"curies":[{"name":"wp","href":"https:\/\/api.w.org\/{rel}","templated":true}]}}