{"id":5022,"date":"2017-07-21T15:29:51","date_gmt":"2017-07-21T05:29:51","guid":{"rendered":"https:\/\/thirstyaff.wpengine.com\/?page_id=5022"},"modified":"2021-07-21T19:03:08","modified_gmt":"2021-07-21T19:03:08","slug":"affiliate-disclosure","status":"publish","type":"page","link":"https:\/\/thirstyaffiliates.com\/fr\/affiliate-disclosure","title":{"rendered":"Divulgation de l'affiliation"},"content":{"rendered":"<p>ThirstyAffiliates.com participe au Amazon Services LLC Associates Program, un programme de publicit\u00e9 affili\u00e9 con\u00e7u pour permettre aux sites de gagner des commissions publicitaires en faisant de la publicit\u00e9 et en cr\u00e9ant des liens vers amazon.com.<\/p>\n<p>Ce site a \u00e9galement l'intention de placer de temps \u00e0 autre des publicit\u00e9s provenant de divers annonceurs, y compris, mais sans s'y limiter, Google Adsense qui, si vous cliquez, nous reverse un pourcentage du co\u00fbt de ce clic.<\/p>\n<p>Enfin, nous nous r\u00e9servons le droit d'ajouter des produits \u00e0 ce site web \u00e0 l'avenir et nous recevrons une compensation pour tout achat effectu\u00e9 par les visiteurs. Il existe des milliers de produits disponibles \u00e0 l'achat sur l'internet, mais nous n'incluons que les produits que nous avons \u00e9tudi\u00e9s et que nous estimons bons.<\/p>\n<p>Notre mission est avant tout de fournir des informations pr\u00e9cieuses \u00e0 nos visiteurs, et gagner de l'argent gr\u00e2ce \u00e0 ces initiatives est une activit\u00e9 secondaire, mais ce site web est une entreprise \u00e0 but lucratif et, en tant que telle, si nous avons la possibilit\u00e9 de recommander le m\u00eame produit et de recevoir une commission d'affili\u00e9, nous pr\u00e9f\u00e9rerons le faire. Cette d\u00e9claration a pour but de clarifier ce point pour nos visiteurs.<\/p>\n<p>Si vous avez des questions, n'h\u00e9sitez pas \u00e0 nous contacter par l'interm\u00e9diaire de l'adresse suivante <a href=\"https:\/\/thirstyaffiliates.com\/fr\/contact\/\">page de contact<\/a>.<\/p>","protected":false},"excerpt":{"rendered":"<p>ThirstyAffiliates.com participe au Amazon Services LLC Associates Program, un programme de publicit\u00e9 affili\u00e9 con\u00e7u pour permettre aux sites de gagner des commissions publicitaires en faisant de la publicit\u00e9 et en cr\u00e9ant des liens vers amazon.com. Ce site place \u00e9galement ou a l'intention de placer des publicit\u00e9s de divers annonceurs sur ce site de temps en temps.<\/p>\n<p><a class=\"read-more\" href=\"https:\/\/thirstyaffiliates.com\/fr\/affiliate-disclosure\">Lire la suite<\/a><\/p>","protected":false},"author":4286,"featured_media":0,"parent":0,"menu_order":0,"comment_status":"closed","ping_status":"closed","template":"","meta":{"_acf_changed":false,"om_disable_all_campaigns":false,"_strive_editorial_status":"not-started","_strive_copy_of":0,"_monsterinsights_skip_tracking":false,"_monsterinsights_sitenote_active":false,"_monsterinsights_sitenote_note":"","_monsterinsights_sitenote_category":0,"footnotes":""},"class_list":["post-5022","page","type-page","status-publish","hentry"],"acf":[],"aioseo_notices":[],"_links":{"self":[{"href":"https:\/\/thirstyaffiliates.com\/fr\/wp-json\/wp\/v2\/pages\/5022","targetHints":{"allow":["GET"]}}],"collection":[{"href":"https:\/\/thirstyaffiliates.com\/fr\/wp-json\/wp\/v2\/pages"}],"about":[{"href":"https:\/\/thirstyaffiliates.com\/fr\/wp-json\/wp\/v2\/types\/page"}],"author":[{"embeddable":true,"href":"https:\/\/thirstyaffiliates.com\/fr\/wp-json\/wp\/v2\/users\/4286"}],"replies":[{"embeddable":true,"href":"https:\/\/thirstyaffiliates.com\/fr\/wp-json\/wp\/v2\/comments?post=5022"}],"version-history":[{"count":0,"href":"https:\/\/thirstyaffiliates.com\/fr\/wp-json\/wp\/v2\/pages\/5022\/revisions"}],"wp:attachment":[{"href":"https:\/\/thirstyaffiliates.com\/fr\/wp-json\/wp\/v2\/media?parent=5022"}],"curies":[{"name":"wp","href":"https:\/\/api.w.org\/{rel}","templated":true}]}}