{"id":9809,"date":"2018-10-18T17:28:15","date_gmt":"2018-10-18T07:28:15","guid":{"rendered":"https:\/\/thirstyaff.wpengine.com\/?page_id=9809"},"modified":"2025-06-24T17:14:29","modified_gmt":"2025-06-24T23:14:29","slug":"thirstyaffiliates-pro-changelog","status":"publish","type":"page","link":"https:\/\/thirstyaffiliates.com\/fr\/thirstyaffiliates-pro-changelog","title":{"rendered":"ThirstyAffiliates Pro Changelog"},"content":{"rendered":"<p><strong><b>1.8<\/b>.5<\/strong><\/p>\n\n\n\n<ul class=\"wp-block-list\">\n<li>Ajout d'une colonne Autolink Keywords dans le tableau de la liste des liens d'affiliation<\/li>\n\n\n\n<li>Les liens vers les images ne sont pas affich\u00e9s dans la recherche<\/li>\n\n\n\n<li>Duplication d'\u00e9l\u00e9ments multim\u00e9dias lors de l'importation<\/li>\n\n\n\n<li>Exemple d'URL d'importation d'images au format CSV<\/li>\n<\/ul>\n\n\n\n<p><strong><b>1.8<\/b>.4<\/strong><\/p>\n\n\n\n<ul class=\"wp-block-list\">\n<li>Supprimer la partie incorrecte de la description des types de messages autolinker<\/li>\n<\/ul>\n\n\n\n<p><strong><b>1.8<\/b>.3<\/strong><\/p>\n\n\n\n<ul class=\"wp-block-list\">\n<li>Correction du remplacement du domaine de licence lorsque le site est traduit vers une version non anglaise<\/li>\n<\/ul>\n\n\n\n<p><strong><b>1.8<\/b>.2<\/strong><\/p>\n\n\n\n<ul class=\"wp-block-list\">\n<li>Corrections pour PHP 8<\/li>\n<\/ul>\n\n\n\n<p><b>1.8.1<\/b><\/p>\n\n\n\n<ul class=\"wp-block-list\">\n<li>Fonctionnalit\u00e9 de base d'un futur assistant d'accueil des nouveaux arrivants<\/li>\n<\/ul>\n\n\n\n<p><b>1.8.0<\/b><\/p>\n\n\n\n<ul class=\"wp-block-list\">\n<li>Am\u00e9lioration : Modification de l'importateur CSV pour qu'il fonctionne via Ajax afin de le rendre plus performant avec des fichiers plus volumineux.<\/li>\n\n\n\n<li>Correction d'un bug : Duplication du jour dans les rapports lorsque les horloges reculent<\/li>\n\n\n\n<li>Correction d'un bug : Le v\u00e9rificateur automatique de 404 ne fonctionne pas correctement pour les liens Amazon<\/li>\n\n\n\n<li>Correction de bogue : Erreur fatale lorsque le transitoire de mise \u00e0 jour est faux<\/li>\n<\/ul>\n\n\n\n<p><b>1.7.14<\/b><\/p>\n\n\n\n<ul class=\"wp-block-list\">\n<li>Correction d'un bug : Rapporte la compatibilit\u00e9 avec la derni\u00e8re version de ThirstyAffiliates Lite<\/li>\n\n\n\n<li>Correction de bogue : Avertissement PHP dans Autolinker<\/li>\n<\/ul>\n\n\n\n<p><b>1.7.13<\/b><\/p>\n\n\n\n<ul class=\"wp-block-list\">\n<li>Fonctionnalit\u00e9 : Ajout de la traduction es_ES<\/li>\n\n\n\n<li>Am\u00e9lioration : Ajout d'un filtre sur l'IP du client de g\u00e9olocalisation<\/li>\n\n\n\n<li>Correction de bogues : Traductions des plugins par utilisateur<\/li>\n<\/ul>\n\n\n\n<p><b>1.7.12<\/b><\/p>\n\n\n\n<ul class=\"wp-block-list\">\n<li>Correction d'un bug : Faire correspondre les mots-cl\u00e9s longs avec les mots-cl\u00e9s courts dans l'ancienne impl\u00e9mentation de l'autolinker.<\/li>\n\n\n\n<li>Structure : Le r\u00e9pertoire \/languages\/ a \u00e9t\u00e9 renomm\u00e9 en \/i18n\/.<\/li>\n<\/ul>\n\n\n\n<p><b>1.7.11<\/b><\/p>\n\n\n\n<ul class=\"wp-block-list\">\n<li>Fonctionnalit\u00e9 : Ajout de la prise en charge de la Pologne, de l'Arabie Saoudite et de la Su\u00e8de dans l'importateur Amazon<\/li>\n\n\n\n<li>Correction d'un bug : Conflits avec le chargement du script de suivi des clics de Google<\/li>\n<\/ul>\n\n\n\n<p><b>1.7.10<\/b><\/p>\n\n\n\n<ul class=\"wp-block-list\">\n<li>Correction d'un bug : Erreur JavaScript si jQuery est diff\u00e9r\u00e9<\/li>\n\n\n\n<li>Correction d'un bug : Erreur JavaScript si adblocker actif<\/li>\n\n\n\n<li>Correction : Ne plus surcharger le temps d'ex\u00e9cution max de PHP<\/li>\n<\/ul>\n\n\n\n<p><b>1.7.8<\/b><\/p>\n\n\n\n<ul class=\"wp-block-list\">\n<li>Fonctionnalit\u00e9 : L'autolinker ne remplacera pas les mots-cl\u00e9s dans les balises p avec la classe \"ta-ignore\".<\/li>\n\n\n\n<li>Fonctionnalit\u00e9 : Ajout d'un filtre sur le s\u00e9lecteur de contenu pour l'avis de divulgation<\/li>\n\n\n\n<li>Am\u00e9lioration : Modifier le cache de l'autolinker pour qu'il pr\u00e9f\u00e8re les liens modifi\u00e9s plus r\u00e9cemment<\/li>\n\n\n\n<li>Modifier : D\u00e9finir le lien de divulgation de l'affiliation pour qu'il s'ouvre dans un nouvel onglet<\/li>\n\n\n\n<li>Changement : Le v\u00e9rificateur de sant\u00e9 des liens ne v\u00e9rifie plus que les 404 (et s'appelle d\u00e9sormais Automatic 404 Checker).<\/li>\n\n\n\n<li>Correction d'un bug : Mise en file d'attente d'\u00e9v\u00e9nements cron en double<\/li>\n\n\n\n<li>Correction : jQuery migrate warnings<\/li>\n\n\n\n<li>Correction d'un bug : Contenu de l'infobulle de divulgation apparaissant sous les boutons sur certains th\u00e8mes<\/li>\n<\/ul>\n\n\n\n<p><b>1.7.7<\/b><\/p>\n\n\n\n<ul class=\"wp-block-list\">\n<li>Am\u00e9lioration : Trier les mots-cl\u00e9s Autolinker de mani\u00e8re \u00e0 ce que les mots-cl\u00e9s les plus longs soient pris en compte en premier.<\/li>\n\n\n\n<li>Correction d'un bug : Ajuster la position du script de suivi des clics Google pour supporter jQuery dans le pied de page<\/li>\n\n\n\n<li>Correction d'un bug : Cr\u00e9ation de cat\u00e9gories en double lors de l'importation de liens<\/li>\n\n\n\n<li>Correction : Requ\u00eate du tableau des statistiques lors du filtrage par cat\u00e9gorie<\/li>\n<\/ul>\n\n\n\n<p><b>1.7.6<\/b><\/p>\n\n\n\n<ul class=\"wp-block-list\">\n<li>Correction : Masquer la cl\u00e9 de licence compl\u00e8te apr\u00e8s l'activation de la licence<\/li>\n<\/ul>\n\n\n\n<p><b>1.7.5<\/b><\/p>\n\n\n\n<ul class=\"wp-block-list\">\n<li>Correction : Les r\u00f4les non-administrateurs ne peuvent pas sauvegarder les param\u00e8tres du plugin<\/li>\n\n\n\n<li>Correction : Erreur d'enregistrement des param\u00e8tres d'Amazon lors d'une nouvelle installation<\/li>\n\n\n\n<li>Correction d'un bug : Les liens Amazon sont \u00e9chapp\u00e9s lors de l'importation<\/li>\n\n\n\n<li>Fonctionnalit\u00e9 : Ajouter des filtres pour exclure les balises HTML de l'autolinker<\/li>\n<\/ul>\n\n\n\n<p><b>1.7.4<\/b><\/p>\n\n\n\n<ul class=\"wp-block-list\">\n<li>Correction de bug : Mise \u00e0 jour de l'importateur Amazon pour utiliser l'API PA 5.0<\/li>\n\n\n\n<li>Correction d'un bug : Remplacements de mots-cl\u00e9s renvoyant \u00e0 l'article en cours<\/li>\n\n\n\n<li>Am\u00e9lioration : Ajout de la prise en charge des programmes d'affiliation Amazon en Australie, aux Pays-Bas, \u00e0 Singapour, en Turquie et aux \u00c9mirats arabes unis.<\/li>\n<\/ul>\n\n\n\n<p><b>1.7.3<\/b><\/p>\n\n\n\n<ul class=\"wp-block-list\">\n<li>Correction d'un bug : Erreur fatale lors de l'activation du plugin sur certains fuseaux horaires de WP<\/li>\n\n\n\n<li>Correction d'un bug : Probl\u00e8me de redirection lors de l'importation de liens contenant des esperluettes<\/li>\n\n\n\n<li>Correction : Caract\u00e8res non anglais apparaissant comme ? dans le fichier CSV export\u00e9<\/li>\n\n\n\n<li>Correction de bogue : Position du message de succ\u00e8s de l'exportateur CSV<\/li>\n<\/ul>\n\n\n\n<p><b>1.7.2<\/b><\/p>\n\n\n\n<ul class=\"wp-block-list\">\n<li>Fonctionnalit\u00e9 : Ajout de la prise en charge de la g\u00e9olocalisation des adresses IPv6<\/li>\n\n\n\n<li>Am\u00e9lioration : Remplacer l'\u00e9v\u00e9nement \"hover\" par \"mouseenter\" pour l'ic\u00f4ne de divulgation.<\/li>\n\n\n\n<li>Correction : Probl\u00e8me avec les remplacements de mots cl\u00e9s contenant une barre oblique.<\/li>\n\n\n\n<li>Correction d'un bug : G\u00e9olocalisation de l'en-t\u00eate HTTP_X_FORWARDED_FOR<\/li>\n\n\n\n<li>Correction d'un bug : Erreur fatale lors du rejet de l'avis d'activation<\/li>\n\n\n\n<li>Correction : Le fichier CSS du lien d'\u00e9dition est bloqu\u00e9 par Adblock Plus<\/li>\n\n\n\n<li>Correction d'un bug : Avertissements de contenu mixte sur les sites HTTPS<\/li>\n\n\n\n<li>Correction d'un bug : Erreur fatale dans l'importateur CSV<\/li>\n\n\n\n<li>Correction : probl\u00e8me d'entit\u00e9 HTML dans le CSV export\u00e9<\/li>\n\n\n\n<li>Correction : Plusieurs erreurs fatales et probl\u00e8mes li\u00e9s \u00e0 la date de v\u00e9rification de l'\u00e9tat des liens.<\/li>\n\n\n\n<li>Correction : Position de l'ic\u00f4ne du bouton dans le rapport sur la sant\u00e9 du lien<\/li>\n<\/ul>\n\n\n\n<p><b>1.7.1<\/b><\/p>\n\n\n\n<ul class=\"wp-block-list\">\n<li>Am\u00e9lioration : Am\u00e9liorations mineures du code<\/li>\n<\/ul>\n\n\n\n<p><b>1.7<\/b><\/p>\n\n\n\n<ul class=\"wp-block-list\">\n<li>Correction de bogue : Probl\u00e8me li\u00e9 \u00e0 l'outil de v\u00e9rification de l'\u00e9tat des liens, qui envoie un rapport par courrier \u00e9lectronique toutes les quelques minutes.<\/li>\n<\/ul>\n\n\n\n<p><b>1.6<\/b><\/p>\n\n\n\n<ul class=\"wp-block-list\">\n<li>Correction d'un bug : Les liens am\u00e9ricains import\u00e9s par Amazon ne g\u00e9n\u00e8rent pas de lien de g\u00e9olocalisation pour le Royaume-Uni<\/li>\n\n\n\n<li>Correction d'un bug : Avertissements signal\u00e9s li\u00e9s au gestionnaire de mise \u00e0 jour sur Models\/SLMW\/Update.php ligne 401<\/li>\n\n\n\n<li>Correction : Am\u00e9liorer le comportement multi-site pour les param\u00e8tres de licence<\/li>\n<\/ul>","protected":false},"excerpt":{"rendered":"<p>1.8.5 1.8.4 1.8.3 1.8.2 1.8.1 1.8.0 1.7.14 1.7.13 1.7.12 1.7.11 1.7.10 1.7.8 1.7.7 1.7.6 1.7.5 1.7.4 1.7.3 1.7.2 1.7.1 1.7 1.6<\/p>","protected":false},"author":4286,"featured_media":0,"parent":0,"menu_order":0,"comment_status":"closed","ping_status":"closed","template":"","meta":{"_acf_changed":false,"om_disable_all_campaigns":false,"_strive_editorial_status":"not-started","_strive_copy_of":0,"_monsterinsights_skip_tracking":false,"_monsterinsights_sitenote_active":false,"_monsterinsights_sitenote_note":"","_monsterinsights_sitenote_category":0,"footnotes":""},"class_list":["post-9809","page","type-page","status-publish","hentry"],"acf":[],"aioseo_notices":[],"_links":{"self":[{"href":"https:\/\/thirstyaffiliates.com\/fr\/wp-json\/wp\/v2\/pages\/9809","targetHints":{"allow":["GET"]}}],"collection":[{"href":"https:\/\/thirstyaffiliates.com\/fr\/wp-json\/wp\/v2\/pages"}],"about":[{"href":"https:\/\/thirstyaffiliates.com\/fr\/wp-json\/wp\/v2\/types\/page"}],"author":[{"embeddable":true,"href":"https:\/\/thirstyaffiliates.com\/fr\/wp-json\/wp\/v2\/users\/4286"}],"replies":[{"embeddable":true,"href":"https:\/\/thirstyaffiliates.com\/fr\/wp-json\/wp\/v2\/comments?post=9809"}],"version-history":[{"count":3,"href":"https:\/\/thirstyaffiliates.com\/fr\/wp-json\/wp\/v2\/pages\/9809\/revisions"}],"predecessor-version":[{"id":36846,"href":"https:\/\/thirstyaffiliates.com\/fr\/wp-json\/wp\/v2\/pages\/9809\/revisions\/36846"}],"wp:attachment":[{"href":"https:\/\/thirstyaffiliates.com\/fr\/wp-json\/wp\/v2\/media?parent=9809"}],"curies":[{"name":"wp","href":"https:\/\/api.w.org\/{rel}","templated":true}]}}