{"id":147,"date":"2011-09-06T07:08:24","date_gmt":"2011-09-05T21:08:24","guid":{"rendered":"https:\/\/thirstyaff.wpengine.com\/?page_id=147"},"modified":"2024-04-16T11:37:11","modified_gmt":"2024-04-16T15:37:11","slug":"support","status":"publish","type":"page","link":"https:\/\/thirstyaffiliates.com\/pt\/support","title":{"rendered":"Suporte"},"content":{"rendered":"<div data-elementor-type=\"wp-post\" data-elementor-id=\"147\" class=\"elementor elementor-147\">\n\t\t\t\t\t\t<section class=\"elementor-section elementor-top-section elementor-element elementor-element-ywosxom elementor-section-boxed elementor-section-height-default elementor-section-height-default\" data-id=\"ywosxom\" data-element_type=\"section\" data-e-type=\"section\">\n\t\t\t\t\t\t<div class=\"elementor-container elementor-column-gap-default\">\n\t\t\t\t\t<div class=\"elementor-column elementor-col-100 elementor-top-column elementor-element elementor-element-ghrypmt\" data-id=\"ghrypmt\" data-element_type=\"column\" data-e-type=\"column\">\n\t\t\t<div class=\"elementor-widget-wrap elementor-element-populated\">\n\t\t\t\t\t\t<div class=\"elementor-element elementor-element-twrudjy elementor-widget elementor-widget-text-editor\" data-id=\"twrudjy\" data-element_type=\"widget\" data-e-type=\"widget\" data-widget_type=\"text-editor.default\">\n\t\t\t\t<div class=\"elementor-widget-container\">\n\t\t\t\t\t\t\t\t\t<h2 style=\"text-align: center;\">Tem d\u00favidas? Estamos aqui para ajudar.<\/h2>\n<p class=\"sub-heading\" style=\"text-align: center;\">Veja nosso crescente <span style=\"text-decoration: underline; color: #505050;\"><a style=\"color: #505050; text-decoration: underline;\" href=\"https:\/\/thirstyaffiliates.com\/pt\/docs\/\">Base de conhecimento<\/a><\/span> para obter assist\u00eancia r\u00e1pida.<\/p>\t\t\t\t\t\t\t\t<\/div>\n\t\t\t\t<\/div>\n\t\t\t\t\t<\/div>\n\t\t<\/div>\n\t\t\t\t\t<\/div>\n\t\t<\/section>\n\t\t\t\t<section class=\"elementor-section elementor-top-section elementor-element elementor-element-h9a4snb elementor-section-boxed elementor-section-height-default elementor-section-height-default\" data-id=\"h9a4snb\" data-element_type=\"section\" data-e-type=\"section\">\n\t\t\t\t\t\t<div class=\"elementor-container elementor-column-gap-default\">\n\t\t\t\t\t<div class=\"elementor-column elementor-col-50 elementor-top-column elementor-element elementor-element-tuu9qbi\" data-id=\"tuu9qbi\" data-element_type=\"column\" data-e-type=\"column\">\n\t\t\t<div class=\"elementor-widget-wrap elementor-element-populated\">\n\t\t\t\t\t\t<div class=\"elementor-element elementor-element-5cap5s2 elementor-widget elementor-widget-heading\" data-id=\"5cap5s2\" data-element_type=\"widget\" data-e-type=\"widget\" data-widget_type=\"heading.default\">\n\t\t\t\t<div class=\"elementor-widget-container\">\n\t\t\t\t\t<h3 class=\"elementor-heading-title elementor-size-default\">Base de conhecimento<\/h3>\t\t\t\t<\/div>\n\t\t\t\t<\/div>\n\t\t\t\t<div class=\"elementor-element elementor-element-yns77w5 elementor-widget elementor-widget-text-editor\" data-id=\"yns77w5\" data-element_type=\"widget\" data-e-type=\"widget\" data-widget_type=\"text-editor.default\">\n\t\t\t\t<div class=\"elementor-widget-container\">\n\t\t\t\t\t\t\t\t\t<p>Estamos constantemente compilando perguntas de clientes, documenta\u00e7\u00e3o e guias em nossa base de conhecimento on-line.<\/p><p>Respeitamos seu tempo e agradecemos se voc\u00ea puder pesquisar a Base de Conhecimento para obter uma resposta \u00e0 sua pergunta.<\/p>\t\t\t\t\t\t\t\t<\/div>\n\t\t\t\t<\/div>\n\t\t\t\t<div class=\"elementor-element elementor-element-5t20htp elementor-button-success elementor-align-center elementor-widget elementor-widget-button\" data-id=\"5t20htp\" data-element_type=\"widget\" data-e-type=\"widget\" data-widget_type=\"button.default\">\n\t\t\t\t<div class=\"elementor-widget-container\">\n\t\t\t\t\t\t\t\t\t<div class=\"elementor-button-wrapper\">\n\t\t\t\t\t<a class=\"elementor-button elementor-button-link elementor-size-md\" href=\"https:\/\/thirstyaffiliates.com\/pt\/docs\/\">\n\t\t\t\t\t\t<span class=\"elementor-button-content-wrapper\">\n\t\t\t\t\t\t\t\t\t<span class=\"elementor-button-text\">Pesquisar na base de conhecimento<\/span>\n\t\t\t\t\t<\/span>\n\t\t\t\t\t<\/a>\n\t\t\t\t<\/div>\n\t\t\t\t\t\t\t\t<\/div>\n\t\t\t\t<\/div>\n\t\t\t\t\t<\/div>\n\t\t<\/div>\n\t\t\t\t<div class=\"elementor-column elementor-col-50 elementor-top-column elementor-element elementor-element-je5zjqa\" data-id=\"je5zjqa\" data-element_type=\"column\" data-e-type=\"column\">\n\t\t\t<div class=\"elementor-widget-wrap elementor-element-populated\">\n\t\t\t\t\t\t<div class=\"elementor-element elementor-element-xguos9v elementor-widget elementor-widget-heading\" data-id=\"xguos9v\" data-element_type=\"widget\" data-e-type=\"widget\" data-widget_type=\"heading.default\">\n\t\t\t\t<div class=\"elementor-widget-container\">\n\t\t\t\t\t<h3 class=\"elementor-heading-title elementor-size-default\">Suporte de contato<\/h3>\t\t\t\t<\/div>\n\t\t\t\t<\/div>\n\t\t\t\t<div class=\"elementor-element elementor-element-jhhp6w1 elementor-widget elementor-widget-text-editor\" data-id=\"jhhp6w1\" data-element_type=\"widget\" data-e-type=\"widget\" data-widget_type=\"text-editor.default\">\n\t\t\t\t<div class=\"elementor-widget-container\">\n\t\t\t\t\t\t\t\t\tTem uma pergunta que n\u00e3o foi respondida na se\u00e7\u00e3o\u00a0<u><a href=\"https:\/\/thirstyaffiliates.com\/pt\/docs\/\">Base de conhecimento<\/a><\/u>? N\u00e3o tem problema, podemos ajudar diretamente.\n\nClique abaixo e voc\u00ea ser\u00e1 direcionado para o formul\u00e1rio de solicita\u00e7\u00e3o de suporte, onde um membro da equipe o ajudar\u00e1 dentro de 24 a 48 horas.\t\t\t\t\t\t\t\t<\/div>\n\t\t\t\t<\/div>\n\t\t\t\t<div class=\"elementor-element elementor-element-9v5ciij elementor-button-info elementor-align-center elementor-widget elementor-widget-button\" data-id=\"9v5ciij\" data-element_type=\"widget\" data-e-type=\"widget\" data-widget_type=\"button.default\">\n\t\t\t\t<div class=\"elementor-widget-container\">\n\t\t\t\t\t\t\t\t\t<div class=\"elementor-button-wrapper\">\n\t\t\t\t\t<a class=\"elementor-button elementor-button-link elementor-size-md\" href=\"https:\/\/thirstyaffiliates.com\/pt\/support\/support-request-form\/\">\n\t\t\t\t\t\t<span class=\"elementor-button-content-wrapper\">\n\t\t\t\t\t\t\t\t\t<span class=\"elementor-button-text\">Clientes pagantes - Ticket de suporte<\/span>\n\t\t\t\t\t<\/span>\n\t\t\t\t\t<\/a>\n\t\t\t\t<\/div>\n\t\t\t\t\t\t\t\t<\/div>\n\t\t\t\t<\/div>\n\t\t\t\t<div class=\"elementor-element elementor-element-834bbb2 elementor-button-info elementor-align-center elementor-widget elementor-widget-button\" data-id=\"834bbb2\" data-element_type=\"widget\" data-e-type=\"widget\" data-widget_type=\"button.default\">\n\t\t\t\t<div class=\"elementor-widget-container\">\n\t\t\t\t\t\t\t\t\t<div class=\"elementor-button-wrapper\">\n\t\t\t\t\t<a class=\"elementor-button elementor-button-link elementor-size-md\" href=\"https:\/\/thirstyaffiliates.com\/pt\/contact\/\">\n\t\t\t\t\t\t<span class=\"elementor-button-content-wrapper\">\n\t\t\t\t\t\t\t\t\t<span class=\"elementor-button-text\">Todos os outros - Entre em contato conosco<\/span>\n\t\t\t\t\t<\/span>\n\t\t\t\t\t<\/a>\n\t\t\t\t<\/div>\n\t\t\t\t\t\t\t\t<\/div>\n\t\t\t\t<\/div>\n\t\t\t\t\t<\/div>\n\t\t<\/div>\n\t\t\t\t\t<\/div>\n\t\t<\/section>\n\t\t\t\t<\/div>","protected":false},"excerpt":{"rendered":"<p>Tem d\u00favidas? Estamos aqui para ajudar. Consulte nossa crescente base de conhecimento para obter assist\u00eancia r\u00e1pida. Base de conhecimento Estamos constantemente compilando perguntas de clientes, documenta\u00e7\u00e3o e guias em nossa base de conhecimento on-line. Respeitamos seu tempo e agradecemos se puder pesquisar a Base de Conhecimento para obter uma resposta \u00e0 sua consulta. Pesquisar<\/p>\n<p><a class=\"read-more\" href=\"https:\/\/thirstyaffiliates.com\/pt\/support\">Leia mais<\/a><\/p>","protected":false},"author":4286,"featured_media":0,"parent":0,"menu_order":0,"comment_status":"closed","ping_status":"closed","template":"","meta":{"_acf_changed":false,"om_disable_all_campaigns":false,"_strive_editorial_status":"not-started","_strive_copy_of":0,"_monsterinsights_skip_tracking":false,"_monsterinsights_sitenote_active":false,"_monsterinsights_sitenote_note":"","_monsterinsights_sitenote_category":0,"footnotes":""},"class_list":["post-147","page","type-page","status-publish","hentry"],"acf":[],"aioseo_notices":[],"_links":{"self":[{"href":"https:\/\/thirstyaffiliates.com\/pt\/wp-json\/wp\/v2\/pages\/147","targetHints":{"allow":["GET"]}}],"collection":[{"href":"https:\/\/thirstyaffiliates.com\/pt\/wp-json\/wp\/v2\/pages"}],"about":[{"href":"https:\/\/thirstyaffiliates.com\/pt\/wp-json\/wp\/v2\/types\/page"}],"author":[{"embeddable":true,"href":"https:\/\/thirstyaffiliates.com\/pt\/wp-json\/wp\/v2\/users\/4286"}],"replies":[{"embeddable":true,"href":"https:\/\/thirstyaffiliates.com\/pt\/wp-json\/wp\/v2\/comments?post=147"}],"version-history":[{"count":0,"href":"https:\/\/thirstyaffiliates.com\/pt\/wp-json\/wp\/v2\/pages\/147\/revisions"}],"wp:attachment":[{"href":"https:\/\/thirstyaffiliates.com\/pt\/wp-json\/wp\/v2\/media?parent=147"}],"curies":[{"name":"wp","href":"https:\/\/api.w.org\/{rel}","templated":true}]}}