{"id":24359,"date":"2020-02-07T04:33:22","date_gmt":"2020-02-06T18:33:22","guid":{"rendered":"https:\/\/thirstyaff.wpengine.com\/?page_id=24359"},"modified":"2024-11-27T12:46:05","modified_gmt":"2024-11-27T17:46:05","slug":"terms-and-conditions","status":"publish","type":"page","link":"https:\/\/thirstyaffiliates.com\/pt\/terms-and-conditions","title":{"rendered":"Termos e condi\u00e7\u00f5es"},"content":{"rendered":"<p>Nosso site lhe concede uma licen\u00e7a limitada n\u00e3o exclusiva para usar o plug-in ThirstyAffiliates Pro e outros produtos vendidos em nosso site (https:\/\/thirstyaffiliates.com) pela Caseproof, LLC (os \u201cprodutos\u201d) de acordo com estes Termos e Condi\u00e7\u00f5es (a \u201clicen\u00e7a\u201d) emitidos por nossa empresa.<\/p>\n\n\n\n<h5 class=\"wp-block-heading\">1. Licenciamento de plug-ins<\/h5>\n\n\n\n<p>O ThirstyAffiliates est\u00e1 licenciado sob a licen\u00e7a p\u00fablica geral GNU (<a href=\"http:\/\/www.gnu.org\/licenses\/gpl.html\">http:\/\/www.gnu.org\/licenses\/gpl.html<\/a>).<a name=\"upgrades\"><\/a><\/p>\n\n\n\n<h5 class=\"wp-block-heading\">2. Servi\u00e7o de atualiza\u00e7\u00e3o autom\u00e1tica<\/h5>\n\n\n\n<p>O acesso ao nosso Servi\u00e7o de Atualiza\u00e7\u00f5es Autom\u00e1ticas est\u00e1 dispon\u00edvel para os clientes, de acordo com a licen\u00e7a adquirida, que tenham uma chave de licen\u00e7a ativa.<a name=\"delivery\"><\/a><\/p>\n\n\n\n<h5 class=\"wp-block-heading\">3. Entrega<\/h5>\n\n\n\n<p>Depois que recebermos com sucesso o primeiro pagamento da sua assinatura recorrente autom\u00e1tica, voc\u00ea receber\u00e1 um e-mail com o link para download, o nome de usu\u00e1rio e a senha. Esse e-mail pode levar at\u00e9 uma hora para ser recebido, mas, em geral, \u00e9 enviado minutos ap\u00f3s a realiza\u00e7\u00e3o do pedido. Se voc\u00ea n\u00e3o receber um e-mail ap\u00f3s esse per\u00edodo, por favor <a href=\"https:\/\/thirstyaffiliates.com\/pt\/contact\/\">Entre em contato conosco<\/a>. Em seguida, voc\u00ea pode fazer login em <a href=\"https:\/\/thirstyaffiliates.com\/pt\/account\/\">sua conta<\/a>&nbsp;Para receber suporte, se voc\u00ea usar o endere\u00e7o de e-mail que usou para comprar o plug-in, ter\u00e1 acesso instant\u00e2neo a todo o material relacionado ao suporte. Sua assinatura recorrente autom\u00e1tica pode ser cancelada a qualquer momento. O suporte e as atualiza\u00e7\u00f5es futuras n\u00e3o s\u00e3o fornecidos aos titulares de licen\u00e7as canceladas.<a name=\"ownership\"><\/a><\/p>\n\n\n\n<h5 class=\"wp-block-heading\">4. Propriedade<\/h5>\n\n\n\n<p>Voc\u00ea n\u00e3o pode reivindicar direitos de propriedade intelectual ou exclusiva de nenhum de nossos produtos. Todos os produtos s\u00e3o de propriedade da Caseproof, LLC. Eles s\u00e3o fornecidos \"no estado em que se encontram\", sem garantia de qualquer tipo, expressa ou impl\u00edcita. N\u00e3o seremos respons\u00e1veis por quaisquer danos, incluindo, entre outros, danos diretos, indiretos, especiais, incidentais ou consequenciais ou perdas que ocorram em decorr\u00eancia do uso ou da incapacidade de usar nossos produtos. <a name=\"content\"><\/a><\/p>\n\n\n\n<h5 class=\"wp-block-heading\">5. Conte\u00fado do site<\/h5>\n\n\n\n<p>Todo o conte\u00fado do site, incluindo imagens e documenta\u00e7\u00e3o publicada no ThirstyAffiliates.com, \u00e9 de propriedade da Caseproof, LLC. Qualquer conte\u00fado replicado do site deve ser autorizado com anteced\u00eancia. O conte\u00fado deste site n\u00e3o deve ser usado ou explorado para fins comerciais ou n\u00e3o comerciais sem o consentimento pr\u00e9vio por escrito da Caseproof, LLC. <a name=\"refunds\"><\/a><\/p>\n\n\n\n<h5 class=\"wp-block-heading\">6. Pol\u00edtica de reembolso<\/h5>\n\n\n\n<p>A garantia de devolu\u00e7\u00e3o do dinheiro sem risco da ThirsyAffiliates oferece que, se a qualquer momento, nos primeiros 14 dias ap\u00f3s a abertura da sua conta paga, voc\u00ea decidir que o ThirstyAffiliates n\u00e3o \u00e9 para voc\u00ea, basta informar a nossa incr\u00edvel equipe de suporte (facilitamos isso!).<\/p>\n\n\n\n<p>Interromperemos sua Assinatura e emitiremos um reembolso. Sua solicita\u00e7\u00e3o de reembolso deve ser recebida em at\u00e9 24 horas \u00fateis ap\u00f3s 14 dias da data e hora de abertura da sua conta paga. Embora alguns reembolsos possam ser instant\u00e2neos, o cr\u00e9dito do reembolso pode levar de 5 a 10 dias \u00fateis para aparecer no extrato do seu cart\u00e3o de cr\u00e9dito. As solicita\u00e7\u00f5es de reembolso feitas ap\u00f3s esse per\u00edodo de 14 dias n\u00e3o ser\u00e3o concedidas.<\/p>\n\n\n\n<p>Tamb\u00e9m oferecemos reembolsos nos primeiros 14 dias ap\u00f3s a renova\u00e7\u00e3o da assinatura pelo valor total, menos uma taxa administrativa de 20% (e possivelmente taxas do processador de pagamento). Observe que enviamos um lembrete sobre as pr\u00f3ximas renova\u00e7\u00f5es, e \u00e9 responsabilidade do cliente cancelar sua assinatura antes que a renova\u00e7\u00e3o ocorra, caso n\u00e3o deseje continuar. As solicita\u00e7\u00f5es de reembolso para renova\u00e7\u00f5es feitas ap\u00f3s os primeiros 14 dias ap\u00f3s a renova\u00e7\u00e3o n\u00e3o ser\u00e3o concedidas.<a name=\"chargebacks\"><\/a><\/p>\n\n\n\n<h5 class=\"wp-block-heading\">7. Estornos<\/h5>\n\n\n\n<p>Os titulares de licen\u00e7as devem <a href=\"https:\/\/thirstyaffiliates.com\/pt\/contact\/\" target=\"_blank\" rel=\"noreferrer noopener\" aria-label=\" (abre em uma nova guia)\">Entre em contato conosco<\/a> O titular da licen\u00e7a deve se informar primeiro sobre as solicita\u00e7\u00f5es de reembolso ou sobre cobran\u00e7as n\u00e3o reconhecidas antes de emitir uma solicita\u00e7\u00e3o de estorno ao seu banco. Reservamo-nos o direito de contestar estornos se a cobran\u00e7a n\u00e3o for fraudulenta e n\u00e3o houver comunica\u00e7\u00e3o do titular da licen\u00e7a. <a name=\"support\"><\/a><\/p>\n\n\n\n<h5 class=\"wp-block-heading\">8. Apoio<\/h5>\n\n\n\n<p>A Caseproof, LLC oferece plug-ins do WordPress \u201cno estado em que se encontram\u201d e sem qualquer significado impl\u00edcito de que funcionar\u00e3o exatamente como voc\u00ea gostaria ou que ser\u00e3o compat\u00edveis com todos os componentes e plug-ins de terceiros. N\u00e3o oferecemos suporte por e-mail nem suporte ao WordPress ou a outros plug-ins do WordPress que n\u00e3o tenhamos desenvolvido. O suporte \u00e9 oferecido por meio de um nome de usu\u00e1rio e senha v\u00e1lidos. A compra de uma licen\u00e7a lhe d\u00e1 acesso ao nosso sistema de t\u00edquetes de suporte.<\/p>\n\n\n\n<p>O suporte e o acesso ao nosso sistema de atualiza\u00e7\u00e3o autom\u00e1tica de produtos s\u00e3o fornecidos por um per\u00edodo de 1 ano a partir do momento da compra. Ap\u00f3s um ano, ser\u00e1 necess\u00e1rio adquirir uma renova\u00e7\u00e3o da licen\u00e7a para continuar recebendo suporte e atualiza\u00e7\u00f5es do produto.\n\nOs titulares de licen\u00e7as n\u00e3o t\u00eam permiss\u00e3o para republicar o conte\u00fado do suporte (incluindo e-mails, t\u00edquetes de suporte, grava\u00e7\u00f5es de chamadas telef\u00f4nicas ou grava\u00e7\u00f5es de compartilhamentos de tela) ou a documenta\u00e7\u00e3o em sites externos, m\u00eddias sociais etc. A publica\u00e7\u00e3o de capturas de tela desse conte\u00fado tamb\u00e9m \u00e9 proibida. A viola\u00e7\u00e3o ser\u00e1 motivo de rescis\u00e3o imediata da licen\u00e7a e todo o acesso ao conte\u00fado de suporte e \u00e0s atualiza\u00e7\u00f5es do produto ser\u00e1 descontinuado. Da mesma forma, nenhum desses conte\u00fados pode ser usado como base ou parte de quaisquer disputas decorrentes do suporte ou do uso de nossos plug-ins.\n\nN\u00e3o garantimos que nosso suporte ser\u00e1 capaz de resolver todos os problemas e em todas as situa\u00e7\u00f5es. Tamb\u00e9m n\u00e3o nos responsabilizamos por a\u00e7\u00f5es tomadas por propriet\u00e1rios de sites ou por nossa equipe de suporte que resultem em tempo de inatividade do site, perda de dados ou quaisquer outros problemas durante o processo de solu\u00e7\u00e3o de problemas, corre\u00e7\u00e3o de bugs, testes ou outros.\n\nTamb\u00e9m n\u00e3o garantimos nenhuma resposta \u00e0s solicita\u00e7\u00f5es de suporte que recebemos por e-mail (fora do nosso sistema de t\u00edquetes de suporte), telefone ou formul\u00e1rio de contato p\u00fablico. Tamb\u00e9m nos reservamos o direito de recusar suporte a qualquer usu\u00e1rio ou cliente, conforme julgarmos adequado.\n<\/p>\n\n\n\n<h5 class=\"wp-block-heading\">9. E-mails transacionais<\/h5>\n\n\n\n<p>Caseproof, LLC pode ocasionalmente lhe enviar notifica\u00e7\u00f5es por e-mail relacionadas \u00e0 sua licen\u00e7a do ThirstyAffiliates. Esses e-mails transacionais podem incluir notifica\u00e7\u00e3o de mudan\u00e7as de licen\u00e7a, mudan\u00e7as em nossos termos e condi\u00e7\u00f5es, avisos de expira\u00e7\u00e3o de licen\u00e7a e outros e-mails transacionais relacionados \u00e0 sua compra do ThirstyAffiliates.<\/p>\n\n\n\n<h5 class=\"wp-block-heading\">10. Altera\u00e7\u00f5es de pre\u00e7o<\/h5>\n\n\n\n<p>A Caseproof, LLC se reserva o direito de, a qualquer momento, modificar ou descontinuar, tempor\u00e1ria ou permanentemente, uma licen\u00e7a com ou sem aviso pr\u00e9vio. Os pre\u00e7os de todos os produtos est\u00e3o sujeitos a altera\u00e7\u00f5es. O aviso de altera\u00e7\u00f5es de pre\u00e7os ser\u00e1 feito no site. <\/p>\n\n\n\n<h5 class=\"wp-block-heading\">11. Garantia<\/h5>\n\n\n\n<p>Todos os nossos plug-ins do WordPress s\u00e3o fornecidos \"como est\u00e3o\". N\u00e3o garantimos que eles funcionar\u00e3o com todos os plug-ins de terceiros, com todos os navegadores da Web ou com todos os hosts da Web. N\u00e3o nos responsabilizamos por quaisquer conflitos de compatibilidade de plugins que possam ocorrer. \u00c9 nossa pol\u00edtica oferecer suporte aos nossos plug-ins da melhor forma poss\u00edvel e forneceremos suporte para conflitos de plug-ins de terceiros a nosso crit\u00e9rio ou conforme o tempo permitir. N\u00e3o nos responsabilizamos por qualquer perda de dados, tempo de inatividade do site ou qualquer outro problema que possa ocorrer como resultado da instala\u00e7\u00e3o de nossos plug-ins. <\/p>\n\n\n\n<h5 class=\"wp-block-heading\">12. Aceita\u00e7\u00e3o<\/h5>\n\n\n\n<p>Ao adquirir nosso(s) produto(s) ou fazer download de nossos plug-ins gratuitos no wordpress.org, voc\u00ea indica que leu e concorda com os Termos e Condi\u00e7\u00f5es detalhados nesta p\u00e1gina. <\/p>\n\n\n\n<h5 class=\"wp-block-heading\">13. Lei Aplic\u00e1vel e Jurisdi\u00e7\u00e3o<\/h5>\n\n\n\n<p>Estes Termos e Condi\u00e7\u00f5es ser\u00e3o regidos de acordo com as leis do estado de Utah, sem levar em conta os princ\u00edpios de conflito de leis. Qualquer disputa relacionada a estes Termos e Condi\u00e7\u00f5es dever\u00e1 ser resolvida exclusivamente nos tribunais estaduais ou federais localizados em Salt Lake City, Utah, e as partes concordam com a jurisdi\u00e7\u00e3o pessoal desses tribunais. Reservamo-nos o direito de alterar ou modificar os Termos e Condi\u00e7\u00f5es atuais sem aviso pr\u00e9vio.<\/p>","protected":false},"excerpt":{"rendered":"<p>Nosso site lhe concede uma licen\u00e7a limitada n\u00e3o exclusiva para usar o plug-in ThirstyAffiliates Pro e outros produtos vendidos em nosso site (https:\/\/thirstyaffiliates.com) pela Caseproof, LLC (os \u201cprodutos\u201d) de acordo com estes Termos e Condi\u00e7\u00f5es (a \u201clicen\u00e7a\u201d) emitidos por nossa empresa. 1. Licenciamento do plug-in O ThirstyAffiliates \u00e9 licenciado sob a licen\u00e7a p\u00fablica geral GNU<\/p>\n<p><a class=\"read-more\" href=\"https:\/\/thirstyaffiliates.com\/pt\/terms-and-conditions\">Leia mais<\/a><\/p>","protected":false},"author":4286,"featured_media":0,"parent":0,"menu_order":0,"comment_status":"closed","ping_status":"closed","template":"","meta":{"_acf_changed":false,"om_disable_all_campaigns":false,"_strive_editorial_status":"not-started","_strive_copy_of":0,"_monsterinsights_skip_tracking":false,"_monsterinsights_sitenote_active":false,"_monsterinsights_sitenote_note":"","_monsterinsights_sitenote_category":0,"footnotes":""},"class_list":["post-24359","page","type-page","status-publish","hentry"],"acf":[],"aioseo_notices":[],"_links":{"self":[{"href":"https:\/\/thirstyaffiliates.com\/pt\/wp-json\/wp\/v2\/pages\/24359","targetHints":{"allow":["GET"]}}],"collection":[{"href":"https:\/\/thirstyaffiliates.com\/pt\/wp-json\/wp\/v2\/pages"}],"about":[{"href":"https:\/\/thirstyaffiliates.com\/pt\/wp-json\/wp\/v2\/types\/page"}],"author":[{"embeddable":true,"href":"https:\/\/thirstyaffiliates.com\/pt\/wp-json\/wp\/v2\/users\/4286"}],"replies":[{"embeddable":true,"href":"https:\/\/thirstyaffiliates.com\/pt\/wp-json\/wp\/v2\/comments?post=24359"}],"version-history":[{"count":1,"href":"https:\/\/thirstyaffiliates.com\/pt\/wp-json\/wp\/v2\/pages\/24359\/revisions"}],"predecessor-version":[{"id":36607,"href":"https:\/\/thirstyaffiliates.com\/pt\/wp-json\/wp\/v2\/pages\/24359\/revisions\/36607"}],"wp:attachment":[{"href":"https:\/\/thirstyaffiliates.com\/pt\/wp-json\/wp\/v2\/media?parent=24359"}],"curies":[{"name":"wp","href":"https:\/\/api.w.org\/{rel}","templated":true}]}}