{"id":27423,"date":"2020-10-29T07:28:07","date_gmt":"2020-10-28T21:28:07","guid":{"rendered":"https:\/\/thirstyaff.wpengine.com\/?page_id=27423"},"modified":"2021-05-13T19:48:34","modified_gmt":"2021-05-13T19:48:34","slug":"media","status":"publish","type":"page","link":"https:\/\/thirstyaffiliates.com\/pt\/media","title":{"rendered":"M\u00eddia"},"content":{"rendered":"<p>Fa\u00e7a o download de um conjunto de v\u00e1rios logotipos aprovados de alta resolu\u00e7\u00e3o da Thirsty Affiliates:<\/p>\n\n\n\n<div class=\"wp-block-file\"><a href=\"https:\/\/thirstyaffiliates.com\/wp-content\/uploads\/2020\/10\/Thirsty_Affiliates_Logo_Pack.zip\">Pacote de logotipos da Thirsty Affiliates<\/a><a href=\"https:\/\/thirstyaffiliates.com\/wp-content\/uploads\/2020\/10\/Thirsty_Affiliates_Logo_Pack.zip\" class=\"wp-block-file__button\" download>Baixar<\/a><\/div>\n\n\n\n<div style=\"height:20px\" aria-hidden=\"true\" class=\"wp-block-spacer\"><\/div>\n\n\n\n<h3 class=\"wp-block-heading\">Mais informa\u00e7\u00f5es e recursos<\/h3>\n\n\n\n<p>Se precisar de mais informa\u00e7\u00f5es ou recursos, gostar\u00edamos de ouvi-lo por meio de nosso <a href=\"https:\/\/thirstyaffiliates.com\/pt\/contact\/\">Formul\u00e1rio de contato<\/a>.<\/p>","protected":false},"excerpt":{"rendered":"<p>Fa\u00e7a o download de um conjunto de v\u00e1rios logotipos aprovados de alta resolu\u00e7\u00e3o da Thirsty Affiliates: Mais informa\u00e7\u00f5es e recursos Se precisar de mais informa\u00e7\u00f5es ou recursos, adorar\u00edamos ouvi-lo por meio de nosso formul\u00e1rio de contato.<\/p>","protected":false},"author":4286,"featured_media":0,"parent":0,"menu_order":0,"comment_status":"closed","ping_status":"closed","template":"","meta":{"_acf_changed":false,"om_disable_all_campaigns":false,"_strive_editorial_status":"not-started","_strive_copy_of":0,"_monsterinsights_skip_tracking":false,"_monsterinsights_sitenote_active":false,"_monsterinsights_sitenote_note":"","_monsterinsights_sitenote_category":0,"footnotes":""},"class_list":["post-27423","page","type-page","status-publish","hentry"],"acf":[],"aioseo_notices":[],"_links":{"self":[{"href":"https:\/\/thirstyaffiliates.com\/pt\/wp-json\/wp\/v2\/pages\/27423","targetHints":{"allow":["GET"]}}],"collection":[{"href":"https:\/\/thirstyaffiliates.com\/pt\/wp-json\/wp\/v2\/pages"}],"about":[{"href":"https:\/\/thirstyaffiliates.com\/pt\/wp-json\/wp\/v2\/types\/page"}],"author":[{"embeddable":true,"href":"https:\/\/thirstyaffiliates.com\/pt\/wp-json\/wp\/v2\/users\/4286"}],"replies":[{"embeddable":true,"href":"https:\/\/thirstyaffiliates.com\/pt\/wp-json\/wp\/v2\/comments?post=27423"}],"version-history":[{"count":0,"href":"https:\/\/thirstyaffiliates.com\/pt\/wp-json\/wp\/v2\/pages\/27423\/revisions"}],"wp:attachment":[{"href":"https:\/\/thirstyaffiliates.com\/pt\/wp-json\/wp\/v2\/media?parent=27423"}],"curies":[{"name":"wp","href":"https:\/\/api.w.org\/{rel}","templated":true}]}}