{"id":27429,"date":"2020-10-29T08:01:45","date_gmt":"2020-10-28T22:01:45","guid":{"rendered":"https:\/\/thirstyaff.wpengine.com\/?page_id=27429"},"modified":"2021-05-13T19:48:34","modified_gmt":"2021-05-13T19:48:34","slug":"affiliate-program","status":"publish","type":"page","link":"https:\/\/thirstyaffiliates.com\/pt\/affiliate-program","title":{"rendered":"Programa de afiliados"},"content":{"rendered":"<h3 class=\"wp-block-heading\">Promova o melhor plug-in de gerenciamento de links de afiliados do mundo<\/h3>\n\n\n\n<p>Ao participar do programa de afiliados do ThirstyAffiliates, voc\u00ea se torna parte de uma equipe que promove o melhor plug-in de gerenciamento de links de afiliados do mercado! O ThirstyAffiliates facilita o gerenciamento, o controle e a monetiza\u00e7\u00e3o de seus links de afiliados!<\/p>\n\n\n\n<h4 class=\"wp-block-heading\">A que tipo de comiss\u00e3o me qualifico?<\/h4>\n\n\n\n<p><strong>Comiss\u00f5es 30%<\/strong>&nbsp;na primeira venda de cada cliente indicado.<\/p>\n\n\n\n<h4 class=\"wp-block-heading\">Por que participar do programa de afiliados do ThirstyAffiliates?<\/h4>\n\n\n\n<ul class=\"wp-block-list\"><li>Ganhe comiss\u00f5es generosas<\/li><li>Cookie de devolu\u00e7\u00e3o de 60 dias<\/li><li>Acesse banners criativos, e-mails e links de texto otimizados para converter<\/li><li>Aproveite os pagamentos mensais r\u00e1pidos (pagos no primeiro dia de cada m\u00eas via PayPal)<\/li><li>Cadastre-se gratuitamente!<\/li><\/ul>\n\n\n\n<p>Clique no link abaixo para obter informa\u00e7\u00f5es sobre como participar do programa de afiliados do ThirstyAffiliates hoje mesmo!<\/p>\n\n\n\n<p><a href=\"https:\/\/thirstyaffiliates.com\/pt\/affiliate-signup\/\">Informe-se sobre como se tornar um afiliado do ThirstyAffiliates<\/a> \ud83d\udc48<\/p>\n\n\n\n<p>J\u00e1 \u00e9 um afiliado do ThirstyAffiliates?\u00a0<a href=\"https:\/\/thirstyaffiliates.com\/pt\/affiliate-login\/\">Fa\u00e7a login aqui<\/a><\/p>","protected":false},"excerpt":{"rendered":"<p>Promova o melhor plug-in de gerenciamento de links de afiliados do mundo Ao participar do programa de afiliados do ThirstyAffiliates, voc\u00ea se torna parte de uma equipe que promove o melhor plug-in de gerenciamento de links de afiliados do mercado! O ThirstyAffiliates facilita o gerenciamento, o controle e a monetiza\u00e7\u00e3o de seus links de afiliados! A que tipo de comiss\u00e3o tenho direito?<\/p>\n<p><a class=\"read-more\" href=\"https:\/\/thirstyaffiliates.com\/pt\/affiliate-program\">Leia mais<\/a><\/p>","protected":false},"author":4286,"featured_media":0,"parent":0,"menu_order":0,"comment_status":"closed","ping_status":"closed","template":"","meta":{"_acf_changed":false,"om_disable_all_campaigns":false,"_strive_editorial_status":"not-started","_strive_copy_of":0,"_monsterinsights_skip_tracking":false,"_monsterinsights_sitenote_active":false,"_monsterinsights_sitenote_note":"","_monsterinsights_sitenote_category":0,"footnotes":""},"class_list":["post-27429","page","type-page","status-publish","hentry"],"acf":[],"aioseo_notices":[],"_links":{"self":[{"href":"https:\/\/thirstyaffiliates.com\/pt\/wp-json\/wp\/v2\/pages\/27429","targetHints":{"allow":["GET"]}}],"collection":[{"href":"https:\/\/thirstyaffiliates.com\/pt\/wp-json\/wp\/v2\/pages"}],"about":[{"href":"https:\/\/thirstyaffiliates.com\/pt\/wp-json\/wp\/v2\/types\/page"}],"author":[{"embeddable":true,"href":"https:\/\/thirstyaffiliates.com\/pt\/wp-json\/wp\/v2\/users\/4286"}],"replies":[{"embeddable":true,"href":"https:\/\/thirstyaffiliates.com\/pt\/wp-json\/wp\/v2\/comments?post=27429"}],"version-history":[{"count":0,"href":"https:\/\/thirstyaffiliates.com\/pt\/wp-json\/wp\/v2\/pages\/27429\/revisions"}],"wp:attachment":[{"href":"https:\/\/thirstyaffiliates.com\/pt\/wp-json\/wp\/v2\/media?parent=27429"}],"curies":[{"name":"wp","href":"https:\/\/api.w.org\/{rel}","templated":true}]}}