{"id":30828,"date":"2021-05-13T19:16:10","date_gmt":"2021-05-13T19:16:10","guid":{"rendered":"https:\/\/thirstyaffiliates.com\/affiliate-signup"},"modified":"2021-05-13T19:48:34","modified_gmt":"2021-05-13T19:48:34","slug":"affiliate-signup","status":"publish","type":"page","link":"https:\/\/thirstyaffiliates.com\/pt\/affiliate-signup","title":{"rendered":"Registro de afiliado"},"content":{"rendered":"<div class=\"esaf esaf-affiliate-application\">\n\n  <form class=\"esaf-form esaf-affiliate-application-form\" method=\"post\" action=\"\">\n\n    \n    <div class=\"esaf-form-description\">Preencha este formul\u00e1rio para se inscrever em nosso Programa de Afiliados:<\/div>\n\n    \n    \n    <div class=\"esaf-form-row esaf_first_name\">\n      <div class=\"esaf-form-label\">\n        <label for=\"_wafp_affiliateapplication_first_name\">Primeiro nome<span class=\"esaf-required\">*<\/span><\/label>\n        <span class=\"esaf-validation-error\">Necess\u00e1rio<\/span>\n      <\/div>\n      <input type=\"text\" name=\"_wafp_affiliateapplication_first_name\" id=\"_wafp_affiliateapplication_first_name\" value=\"\" required \/>\n    <\/div>\n\n    <div class=\"esaf-form-row esaf_last_name\">\n      <div class=\"esaf-form-label\">\n        <label for=\"_wafp_affiliateapplication_last_name\">Sobrenome<span class=\"esaf-required\">*<\/span><\/label>\n        <span class=\"esaf-validation-error\">Necess\u00e1rio<\/span>\n      <\/div>\n      <input type=\"text\" name=\"_wafp_affiliateapplication_last_name\" id=\"_wafp_affiliateapplication_last_name\" value=\"\" required \/>\n    <\/div>\n\n    <div class=\"esaf-form-row esaf_email\">\n      <div class=\"esaf-form-label\">\n        <label for=\"_wafp_affiliateapplication_email\">E-mail<span class=\"esaf-required\">*<\/span><\/label>\n        <span class=\"esaf-validation-error\">Obrigat\u00f3rio e deve ser um endere\u00e7o de e-mail v\u00e1lido<\/span>\n      <\/div>\n      <input type=\"email\" name=\"_wafp_affiliateapplication_email\" id=\"_wafp_affiliateapplication_email\" value=\"\" required \/>\n    <\/div>\n\n    <div class=\"esaf-form-row esaf_websites\">\n      <div class=\"esaf-form-label\">\n        <label for=\"_wafp_affiliateapplication_websites\">Liste os sites que voc\u00ea usar\u00e1 para nos promover (um por linha)<span class=\"esaf-required\">*<\/span><\/label>\n                  <span class=\"esaf-validation-error\">Necess\u00e1rio<\/span>\n              <\/div>\n      <textarea name=\"_wafp_affiliateapplication_websites\" id=\"_wafp_affiliateapplication_websites\" required><\/textarea>\n    <\/div>\n\n    <div class=\"esaf-form-row esaf_strategy\">\n      <div class=\"esaf-form-label\">\n        <label for=\"_wafp_affiliateapplication_strategy\">Como voc\u00ea planeja nos promover?<span class=\"esaf-required\">*<\/span><\/label>\n                  <span class=\"esaf-validation-error\">Necess\u00e1rio<\/span>\n              <\/div>\n      <textarea name=\"_wafp_affiliateapplication_strategy\" id=\"_wafp_affiliateapplication_strategy\" required><\/textarea>\n    <\/div>\n\n    <div class=\"esaf-form-row esaf_social\">\n      <div class=\"esaf-form-label\">\n        <label for=\"_wafp_affiliateapplication_social\">Identificadores\/links de m\u00eddias sociais<\/label>\n      <\/div>\n      <textarea name=\"_wafp_affiliateapplication_social\" id=\"_wafp_affiliateapplication_social\"><\/textarea>\n    <\/div>\n\n    \n    <label for=\"wafp_honeypot\" class=\"esaf-visually-hidden\">O campo deve estar vazio<\/label>\n    <input type=\"text\" name=\"wafp_honeypot\" id=\"wafp_honeypot\" class=\"esaf-visually-hidden\" autocomplete=\"new-password\" \/>\n\n    <div class=\"esaf-form-button-row\">\n      <button class=\"esaf-submit\">Inscreva-se para se tornar um afiliado<\/button>\n      <img decoding=\"async\" src=\"https:\/\/thirstyaffiliates.com\/wp-content\/plugins\/easy-affiliate\/images\/loading.gif\" class=\"esaf-loading-gif esaf-hidden\" alt=\"Carregando...\" \/>\n      <span class=\"esaf-form-has-errors\">Corrija os erros acima<\/span>\n    <\/div>\n\n  <input type=\"hidden\" name=\"trp-form-language\" value=\"pt\"\/><\/form>\n\n<\/div>","protected":false},"excerpt":{"rendered":"<p>Preencha este formul\u00e1rio para se inscrever em nosso Programa de Afiliados: Primeiro nome* Obrigat\u00f3rio Sobrenome* Obrigat\u00f3rio E-mail* Obrigat\u00f3rio e deve ser um endere\u00e7o de e-mail v\u00e1lido Liste os sites que voc\u00ea usar\u00e1 para nos promover (um por linha)* Obrigat\u00f3rio Como voc\u00ea planeja nos promover?* Obrigat\u00f3rio Identificadores\/links de m\u00eddia social<\/p>\n<p><a class=\"read-more\" href=\"https:\/\/thirstyaffiliates.com\/pt\/affiliate-signup\">Leia mais<\/a><\/p>","protected":false},"author":4286,"featured_media":0,"parent":0,"menu_order":0,"comment_status":"closed","ping_status":"closed","template":"","meta":{"_acf_changed":false,"om_disable_all_campaigns":false,"_strive_editorial_status":"not-started","_strive_copy_of":0,"_monsterinsights_skip_tracking":false,"_monsterinsights_sitenote_active":false,"_monsterinsights_sitenote_note":"","_monsterinsights_sitenote_category":0,"footnotes":""},"class_list":["post-30828","page","type-page","status-publish","hentry"],"acf":[],"aioseo_notices":[],"_links":{"self":[{"href":"https:\/\/thirstyaffiliates.com\/pt\/wp-json\/wp\/v2\/pages\/30828","targetHints":{"allow":["GET"]}}],"collection":[{"href":"https:\/\/thirstyaffiliates.com\/pt\/wp-json\/wp\/v2\/pages"}],"about":[{"href":"https:\/\/thirstyaffiliates.com\/pt\/wp-json\/wp\/v2\/types\/page"}],"author":[{"embeddable":true,"href":"https:\/\/thirstyaffiliates.com\/pt\/wp-json\/wp\/v2\/users\/4286"}],"replies":[{"embeddable":true,"href":"https:\/\/thirstyaffiliates.com\/pt\/wp-json\/wp\/v2\/comments?post=30828"}],"version-history":[{"count":0,"href":"https:\/\/thirstyaffiliates.com\/pt\/wp-json\/wp\/v2\/pages\/30828\/revisions"}],"wp:attachment":[{"href":"https:\/\/thirstyaffiliates.com\/pt\/wp-json\/wp\/v2\/media?parent=30828"}],"curies":[{"name":"wp","href":"https:\/\/api.w.org\/{rel}","templated":true}]}}