{"id":3359,"date":"2015-11-20T16:03:25","date_gmt":"2015-11-20T06:03:25","guid":{"rendered":"https:\/\/thirstyaff.wpengine.com\/?page_id=3359"},"modified":"2021-07-21T20:15:38","modified_gmt":"2021-07-21T20:15:38","slug":"support-request-form","status":"publish","type":"page","link":"https:\/\/thirstyaffiliates.com\/pt\/support\/support-request-form","title":{"rendered":"Formul\u00e1rio de solicita\u00e7\u00e3o de suporte"},"content":{"rendered":"<div class=\"mp_wrapper\">\n  <div class=\"mepr-unauthorized-message\">\n    <p>Este formul\u00e1rio de suporte \u00e9 apenas para clientes pagos. Todas as outras perguntas, <a href=\"https:\/\/thirstyaffiliates.com\/pt\/contact\/\">Entre em contato conosco aqui<\/a>.<\/p>\n  <\/div>\n  <div class=\"mepr-login-form-wrap\">\n      <\/div>\n<\/div>","protected":false},"excerpt":{"rendered":"<p>Este formul\u00e1rio de suporte \u00e9 apenas para clientes pagos. Para todas as outras d\u00favidas, entre em contato conosco aqui.<\/p>","protected":false},"author":4286,"featured_media":0,"parent":147,"menu_order":0,"comment_status":"closed","ping_status":"closed","template":"","meta":{"_acf_changed":false,"om_disable_all_campaigns":false,"_strive_editorial_status":"not-started","_strive_copy_of":0,"_monsterinsights_skip_tracking":false,"_monsterinsights_sitenote_active":false,"_monsterinsights_sitenote_note":"","_monsterinsights_sitenote_category":0,"footnotes":""},"class_list":["post-3359","page","type-page","status-publish","hentry"],"acf":[],"aioseo_notices":[],"_links":{"self":[{"href":"https:\/\/thirstyaffiliates.com\/pt\/wp-json\/wp\/v2\/pages\/3359","targetHints":{"allow":["GET"]}}],"collection":[{"href":"https:\/\/thirstyaffiliates.com\/pt\/wp-json\/wp\/v2\/pages"}],"about":[{"href":"https:\/\/thirstyaffiliates.com\/pt\/wp-json\/wp\/v2\/types\/page"}],"author":[{"embeddable":true,"href":"https:\/\/thirstyaffiliates.com\/pt\/wp-json\/wp\/v2\/users\/4286"}],"replies":[{"embeddable":true,"href":"https:\/\/thirstyaffiliates.com\/pt\/wp-json\/wp\/v2\/comments?post=3359"}],"version-history":[{"count":0,"href":"https:\/\/thirstyaffiliates.com\/pt\/wp-json\/wp\/v2\/pages\/3359\/revisions"}],"up":[{"embeddable":true,"href":"https:\/\/thirstyaffiliates.com\/pt\/wp-json\/wp\/v2\/pages\/147"}],"wp:attachment":[{"href":"https:\/\/thirstyaffiliates.com\/pt\/wp-json\/wp\/v2\/media?parent=3359"}],"curies":[{"name":"wp","href":"https:\/\/api.w.org\/{rel}","templated":true}]}}