{"id":5020,"date":"2017-07-21T15:23:18","date_gmt":"2017-07-21T05:23:18","guid":{"rendered":"https:\/\/thirstyaff.wpengine.com\/?page_id=5020"},"modified":"2021-07-21T20:18:35","modified_gmt":"2021-07-21T20:18:35","slug":"privacy-policy","status":"publish","type":"page","link":"https:\/\/thirstyaffiliates.com\/pt\/privacy-policy","title":{"rendered":"Pol\u00edtica de privacidade"},"content":{"rendered":"<p>\u00daltima atualiza\u00e7\u00e3o: 23 de maio de 2018<\/p>\n<p>Na Caseproof, reconhecemos que a privacidade de suas informa\u00e7\u00f5es pessoais \u00e9 importante. Aqui est\u00e3o informa\u00e7\u00f5es sobre os tipos de informa\u00e7\u00f5es pessoais que recebemos e coletamos quando voc\u00ea visita nosso site, interage com nossa empresa e como protegemos suas informa\u00e7\u00f5es.<\/p>\n<h4><strong>1. INTRODU\u00c7\u00c3O<\/strong><\/h4>\n<p>A ThirstyAffiliates.com (\"n\u00f3s\", \"nos\" ou \"Empresa\") tem o compromisso de respeitar os direitos de privacidade de seus clientes, visitantes e outros usu\u00e1rios do Site da Empresa (\"o Site\"). Criamos esta Pol\u00edtica de Privacidade do site (\"Pol\u00edtica de Privacidade\") para lhe dar confian\u00e7a ao visitar e usar o Site e para demonstrar nosso compromisso com pr\u00e1ticas justas de informa\u00e7\u00e3o e com a prote\u00e7\u00e3o da privacidade. Esta Pol\u00edtica de Privacidade aplica-se somente ao Site, e n\u00e3o a quaisquer outros sites que voc\u00ea possa acessar a partir do Site, cada um dos quais pode ter pr\u00e1ticas e pol\u00edticas de coleta, armazenamento e uso de dados que diferem substancialmente desta Pol\u00edtica de Privacidade.<\/p>\n<p><strong>2. PR\u00c1TICAS DE COLETA DE INFORMA\u00c7\u00d5ES<\/strong><\/p>\n<p style=\"padding-left: 30px;\"><strong>2.1. TIPOS DE INFORMA\u00c7\u00d5ES COLETADAS<\/strong><\/p>\n<p style=\"padding-left: 60px;\"><strong>(a) DADOS DE TR\u00c1FEGO COLETADOS.<\/strong> Rastreamos e coletamos automaticamente as seguintes categorias de informa\u00e7\u00f5es quando voc\u00ea visita nosso Site: (1) endere\u00e7os IP; (2) servidores de dom\u00ednio; (3) tipos de computadores que acessam o Site; e (4) tipos de navegadores da Web usados para acessar o Site (coletivamente, \"Dados de tr\u00e1fego\"). Os Dados de Tr\u00e1fego s\u00e3o <em>an\u00f4nimo<\/em> informa\u00e7\u00f5es que n\u00e3o o identificam pessoalmente, mas que s\u00e3o \u00fateis para fins de marketing ou para melhorar sua experi\u00eancia no Site. Tamb\u00e9m podemos usar \"cookies\" para personalizar conte\u00fado espec\u00edfico para seus interesses. Prestadores de servi\u00e7os terceirizados que podem fornecer informa\u00e7\u00f5es sobre voc\u00ea quando voc\u00ea navega no site, clica em links, faz login na sua conta ou faz uma compra. Isso inclui o Google Analytics e o Facebook Pixel.<\/p>\n<p style=\"padding-left: 60px;\"><strong>(b) INFORMA\u00c7\u00d5ES PESSOAIS COLETADAS.<\/strong> Para que voc\u00ea possa fazer o download dos produtos que oferecemos por meio do Site, solicitamos que voc\u00ea nos forne\u00e7a determinadas informa\u00e7\u00f5es que o identifiquem pessoalmente (\"Informa\u00e7\u00f5es Pessoais\"). As Informa\u00e7\u00f5es Pessoais incluem as seguintes categorias de informa\u00e7\u00f5es: (1) Dados de Contato (como seu nome e endere\u00e7o de e-mail) e (2) Dados Demogr\u00e1ficos (como seu pa\u00eds). Se voc\u00ea se comunicar conosco por e-mail ou postar mensagens, qualquer informa\u00e7\u00e3o fornecida nessa comunica\u00e7\u00e3o poder\u00e1 ser coletada como Informa\u00e7\u00f5es Pessoais.<\/p>\n<p style=\"padding-left: 60px;\"><strong>(b) INFORMA\u00c7\u00d5ES DE PAGAMENTO COLETADAS.<\/strong> N\u00e3o armazenamos seu cart\u00e3o de cr\u00e9dito ou outros detalhes de pagamento em nosso Site ou servidores. Esses servi\u00e7os s\u00e3o fornecidos por provedores terceirizados (atualmente Stripe e PayPal) e o armazenamento dessas informa\u00e7\u00f5es de pagamento e a transa\u00e7\u00e3o real n\u00e3o ocorrem em nossos servidores. Consulte as pol\u00edticas de privacidade e os servi\u00e7os desses provedores para obter mais informa\u00e7\u00f5es sobre como seus servi\u00e7os operam.<\/p>\n<p style=\"padding-left: 30px;\"><strong>2.2. USOS DAS INFORMA\u00c7\u00d5ES COLETADAS<\/strong><\/p>\n<p style=\"padding-left: 60px;\"><strong>(a) USO DE INFORMA\u00c7\u00d5ES PELA EMPRESA.<\/strong> Usamos os Dados de Contato para enviar informa\u00e7\u00f5es sobre nossa empresa ou nossos produtos ou servi\u00e7os, ou material promocional de alguns de nossos parceiros, ou para entrar em contato com voc\u00ea quando necess\u00e1rio. Usamos seus Dados Demogr\u00e1ficos para personalizar e adequar sua experi\u00eancia no Site, exibindo conte\u00fado que acreditamos ser de seu interesse e de acordo com suas prefer\u00eancias.<\/p>\n<p style=\"padding-left: 60px;\"><strong>(b) COMPARTILHAMENTO DE INFORMA\u00c7\u00d5ES PESSOAIS.<\/strong> Compartilhamos determinadas categorias de informa\u00e7\u00f5es que coletamos do usu\u00e1rio nas formas descritas nesta Pol\u00edtica de Privacidade. Compartilhamos Dados Demogr\u00e1ficos com anunciantes e outros terceiros somente em uma base agregada (ou seja, n\u00e3o identific\u00e1vel pessoalmente). N\u00f3s <strong>n\u00e3o<\/strong> compartilhar Dados de Contato com outras empresas que queiram enviar-lhe informa\u00e7\u00f5es sobre seus produtos ou servi\u00e7os. Compartilhamos Dados de Contato com nossos parceiros comerciais e funcion\u00e1rios que nos auxiliam na execu\u00e7\u00e3o de servi\u00e7os essenciais (como atendimento ou armazenamento e seguran\u00e7a de dados) relacionados \u00e0 nossa opera\u00e7\u00e3o do Site. Todas essas pessoas concordaram em manter os mesmos padr\u00f5es de seguran\u00e7a e confidencialidade que prometemos a voc\u00ea nesta Pol\u00edtica de Privacidade e s\u00f3 usar\u00e3o seus Dados de Contato e outras Informa\u00e7\u00f5es Pessoais para cumprir suas obriga\u00e7\u00f5es comerciais espec\u00edficas com a Empresa. Se n\u00e3o quiser que compartilhemos seus Dados de Contato com terceiros, entre em contato conosco por meio do link \"Contato\" no menu do site. Entenda que essa solicita\u00e7\u00e3o provavelmente limitar\u00e1 sua capacidade de aproveitar todos os recursos e servi\u00e7os que oferecemos no Site.<\/p>\n<p style=\"padding-left: 60px;\"><strong>(c) ESCOLHA DO USU\u00c1RIO EM RELA\u00c7\u00c3O \u00c0 COLETA, USO E DISTRIBUI\u00c7\u00c3O DE INFORMA\u00c7\u00d5ES PESSOAIS.<\/strong> Voc\u00ea pode optar por n\u00e3o nos fornecer nenhuma informa\u00e7\u00e3o pessoal. Nesse caso, voc\u00ea ainda poder\u00e1 acessar e usar grande parte do Site; no entanto, n\u00e3o poder\u00e1 acessar e usar as partes do Site que exigem suas Informa\u00e7\u00f5es Pessoais, como fazer uma compra. Se n\u00e3o desejar receber informa\u00e7\u00f5es e material promocional nosso ou de alguns de nossos parceiros, voc\u00ea poder\u00e1 selecionar a op\u00e7\u00e3o \"opt-out\" apropriada sempre que solicitarmos Informa\u00e7\u00f5es Pessoais ou simplesmente recusar-se a fornec\u00ea-las, conforme apropriado, quando solicitado.<\/p>\n<h4><strong>3. CONFIDENCIALIDADE E SEGURAN\u00c7A DAS INFORMA\u00c7\u00d5ES PESSOAIS<\/strong><\/h4>\n<p>Salvo disposi\u00e7\u00e3o em contr\u00e1rio nesta Pol\u00edtica de Privacidade, manteremos suas Informa\u00e7\u00f5es Pessoais em sigilo e n\u00e3o as compartilharemos com terceiros, a menos que essa divulga\u00e7\u00e3o seja necess\u00e1ria para: (a) cumprir uma ordem judicial ou outro processo legal; (b) proteger nossos direitos ou propriedade; ou (c) fazer cumprir nossos Termos de Uso. Suas informa\u00e7\u00f5es pessoais s\u00e3o armazenadas em servidores seguros que n\u00e3o podem ser acessados por terceiros. Fornecemos a voc\u00ea a capacidade de transmitir suas Informa\u00e7\u00f5es Pessoais por meio de canais seguros e criptografados se voc\u00ea usar um navegador da Web equipado de forma semelhante.<\/p>\n<p style=\"padding-left: 30px;\"><strong>3.1. INFORMA\u00c7\u00d5ES P\u00daBLICAS.<\/strong> O Site cont\u00e9m links para outros sites. N\u00e3o somos respons\u00e1veis pelas pr\u00e1ticas de privacidade ou pelo conte\u00fado desses sites. Tamb\u00e9m podemos disponibilizar coment\u00e1rios para voc\u00ea em determinadas p\u00e1ginas. Entenda que todas as informa\u00e7\u00f5es divulgadas nessas \u00e1reas se tornam informa\u00e7\u00f5es p\u00fablicas. N\u00e3o temos controle sobre seu uso e voc\u00ea deve ter cautela ao decidir divulgar suas Informa\u00e7\u00f5es Pessoais.<\/p>\n<h4><strong>4. AN\u00daNCIOS DE TERCEIROS\/GOOGLE ADS<\/strong><\/h4>\n<p>Este site tamb\u00e9m usa an\u00fancios de terceiros para gerar receita. Alguns desses anunciantes podem usar tecnologias como cookies e web beacons ao anunciar neste Site, o que tamb\u00e9m enviar\u00e1 a esses anunciantes (como o Google, por meio do programa Google AdSense) informa\u00e7\u00f5es que incluem seu endere\u00e7o IP, seu ISP, o navegador que voc\u00ea usou para visitar nosso site e, em alguns casos, se voc\u00ea tem o Flash instalado. Isso geralmente \u00e9 usado para fins de segmenta\u00e7\u00e3o geogr\u00e1fica (mostrar an\u00fancios de im\u00f3veis em Nova York para algu\u00e9m em Nova York, por exemplo) ou mostrar determinados an\u00fancios com base em sites espec\u00edficos visitados (como mostrar an\u00fancios de culin\u00e1ria para algu\u00e9m que freq\u00fcenta sites de culin\u00e1ria).<\/p>\n<p>Voc\u00ea pode optar por desativar ou desativar seletivamente nossos cookies ou cookies de terceiros nas configura\u00e7\u00f5es do navegador ou gerenciando as prefer\u00eancias em programas como o Norton Internet Security, McAfee e Eset.com. No entanto, isso pode afetar a forma como voc\u00ea pode interagir com nosso site e com outros sites. Isso pode incluir a incapacidade de fazer login em servi\u00e7os ou programas, como fazer login em f\u00f3runs ou contas.<\/p>\n<p style=\"padding-left: 30px;\"><strong>4.1: COOKIE DE PUBLICIDADE DO GOOGLE E COOKIE DOUBLECLICK DART:<\/strong> O Google, como fornecedor de terceiros, usa cookies para veicular an\u00fancios neste Site. O uso do cookie DART pelo Google permite que ele veicule an\u00fancios para os usu\u00e1rios do nosso site com base em suas visitas a este site e a outros sites na Internet. Os usu\u00e1rios podem desativar o uso do cookie DART visitando a pol\u00edtica de privacidade da rede de conte\u00fado e an\u00fancios do Google.<\/p>\n<h4><strong>5. INFORMA\u00c7\u00d5ES PESSOAIS DE CRIAN\u00c7AS<\/strong><\/h4>\n<p>N\u00e3o coletamos intencionalmente informa\u00e7\u00f5es pessoais de crian\u00e7as com menos de 13 anos de idade. Se soubermos que temos informa\u00e7\u00f5es pessoais de uma crian\u00e7a com menos de 13 anos de idade, excluiremos essas informa\u00e7\u00f5es de nossos sistemas.<\/p>\n<h4><strong>6. INFORMA\u00c7\u00d5ES DE CONTATO E ATUALIZA\u00c7\u00d5ES DE POL\u00cdTICAS<\/strong><\/h4>\n<p style=\"padding-left: 30px;\"><strong>6.1. ENTRE EM CONTATO CONOSCO.<\/strong> Se tiver alguma d\u00favida sobre esta Pol\u00edtica, nossas pr\u00e1ticas relacionadas a este Site ou se quiser que removamos suas informa\u00e7\u00f5es de nosso banco de dados, entre em contato conosco pelo seguinte endere\u00e7o:<\/p>\n<p style=\"padding-left: 30px;\">support \"at\" ThirstyAffiliates.com (e-mail)<\/p>\n<p style=\"padding-left: 30px;\"><strong>6.2. ATUALIZA\u00c7\u00d5ES E ALTERA\u00c7\u00d5ES.<\/strong> Reservamo-nos o direito de, a qualquer momento, acrescentar, alterar, atualizar ou modificar esta Pol\u00edtica, simplesmente publicando essa altera\u00e7\u00e3o, atualiza\u00e7\u00e3o ou modifica\u00e7\u00e3o no Site e sem qualquer outro aviso ao usu\u00e1rio. Qualquer altera\u00e7\u00e3o, atualiza\u00e7\u00e3o ou modifica\u00e7\u00e3o entrar\u00e1 em vigor imediatamente ap\u00f3s a publica\u00e7\u00e3o no Site. \u00c9 sua responsabilidade revisar esta Pol\u00edtica periodicamente para garantir que voc\u00ea continue a concordar com todos os seus termos.<\/p>","protected":false},"excerpt":{"rendered":"<p>\u00daltima atualiza\u00e7\u00e3o: 23 de maio de 2018 Na Caseproof, reconhecemos que a privacidade de suas informa\u00e7\u00f5es pessoais \u00e9 importante. Aqui est\u00e3o as informa\u00e7\u00f5es sobre os tipos de informa\u00e7\u00f5es pessoais que recebemos e coletamos quando voc\u00ea visita nosso site, interage com nossos neg\u00f3cios e como protegemos suas informa\u00e7\u00f5es. 1. INTRODU\u00c7\u00c3O ThirstyAffiliates.com (\"n\u00f3s\", \"n\u00f3s\",<\/p>\n<p><a class=\"read-more\" href=\"https:\/\/thirstyaffiliates.com\/pt\/privacy-policy\">Leia mais<\/a><\/p>","protected":false},"author":4286,"featured_media":0,"parent":0,"menu_order":0,"comment_status":"closed","ping_status":"closed","template":"","meta":{"_acf_changed":false,"om_disable_all_campaigns":false,"_strive_editorial_status":"not-started","_strive_copy_of":0,"_monsterinsights_skip_tracking":false,"_monsterinsights_sitenote_active":false,"_monsterinsights_sitenote_note":"","_monsterinsights_sitenote_category":0,"footnotes":""},"class_list":["post-5020","page","type-page","status-publish","hentry"],"acf":[],"aioseo_notices":[],"_links":{"self":[{"href":"https:\/\/thirstyaffiliates.com\/pt\/wp-json\/wp\/v2\/pages\/5020","targetHints":{"allow":["GET"]}}],"collection":[{"href":"https:\/\/thirstyaffiliates.com\/pt\/wp-json\/wp\/v2\/pages"}],"about":[{"href":"https:\/\/thirstyaffiliates.com\/pt\/wp-json\/wp\/v2\/types\/page"}],"author":[{"embeddable":true,"href":"https:\/\/thirstyaffiliates.com\/pt\/wp-json\/wp\/v2\/users\/4286"}],"replies":[{"embeddable":true,"href":"https:\/\/thirstyaffiliates.com\/pt\/wp-json\/wp\/v2\/comments?post=5020"}],"version-history":[{"count":0,"href":"https:\/\/thirstyaffiliates.com\/pt\/wp-json\/wp\/v2\/pages\/5020\/revisions"}],"wp:attachment":[{"href":"https:\/\/thirstyaffiliates.com\/pt\/wp-json\/wp\/v2\/media?parent=5020"}],"curies":[{"name":"wp","href":"https:\/\/api.w.org\/{rel}","templated":true}]}}