{"id":5022,"date":"2017-07-21T15:29:51","date_gmt":"2017-07-21T05:29:51","guid":{"rendered":"https:\/\/thirstyaff.wpengine.com\/?page_id=5022"},"modified":"2021-07-21T19:03:08","modified_gmt":"2021-07-21T19:03:08","slug":"affiliate-disclosure","status":"publish","type":"page","link":"https:\/\/thirstyaffiliates.com\/pt\/affiliate-disclosure","title":{"rendered":"Divulga\u00e7\u00e3o de afiliados"},"content":{"rendered":"<p>O ThirstyAffiliates.com participa do Programa de Associados da Amazon Services LLC, um programa de publicidade de afiliados criado para fornecer um meio para os sites ganharem taxas de publicidade por meio de an\u00fancios e links para a amazon.com.<\/p>\n<p>Este site tamb\u00e9m coloca ou pretende colocar an\u00fancios de v\u00e1rios anunciantes neste site de tempos em tempos, incluindo, entre outros, o Google Adsense, que, se voc\u00ea clicar, receber\u00e1 uma porcentagem do custo desse clique.<\/p>\n<p>Por fim, reservamo-nos o direito de adicionar produtos a este site no futuro e receberemos uma compensa\u00e7\u00e3o por qualquer compra feita pelos visitantes. H\u00e1 milhares de produtos na Internet dispon\u00edveis para compra, mas inclu\u00edmos apenas os produtos que pesquisamos e acreditamos serem bons.<\/p>\n<p>Nossa miss\u00e3o \u00e9, principalmente, fornecer informa\u00e7\u00f5es valiosas aos nossos visitantes, e ganhar dinheiro com essas iniciativas \u00e9 uma atividade secund\u00e1ria, mas este site \u00e9 uma empresa com fins lucrativos e, como tal, se tivermos a oportunidade de recomendar o mesmo produto e receber uma comiss\u00e3o de afiliado, daremos prefer\u00eancia a isso. Esta divulga\u00e7\u00e3o est\u00e1 presente para deixar isso claro para nossos visitantes.<\/p>\n<p>Se tiver alguma d\u00favida, sinta-se \u00e0 vontade para entrar em contato conosco por meio do <a href=\"https:\/\/thirstyaffiliates.com\/pt\/contact\/\">p\u00e1gina de contato<\/a>.<\/p>","protected":false},"excerpt":{"rendered":"<p>O ThirstyAffiliates.com participa do Programa de Associados da Amazon Services LLC, um programa de publicidade de afiliados criado para fornecer um meio para os sites ganharem taxas de publicidade por meio de an\u00fancios e links para a amazon.com. Este site tamb\u00e9m coloca ou pretende colocar an\u00fancios de v\u00e1rios anunciantes neste site de tempos em tempos<\/p>\n<p><a class=\"read-more\" href=\"https:\/\/thirstyaffiliates.com\/pt\/affiliate-disclosure\">Leia mais<\/a><\/p>","protected":false},"author":4286,"featured_media":0,"parent":0,"menu_order":0,"comment_status":"closed","ping_status":"closed","template":"","meta":{"_acf_changed":false,"om_disable_all_campaigns":false,"_strive_editorial_status":"not-started","_strive_copy_of":0,"_monsterinsights_skip_tracking":false,"_monsterinsights_sitenote_active":false,"_monsterinsights_sitenote_note":"","_monsterinsights_sitenote_category":0,"footnotes":""},"class_list":["post-5022","page","type-page","status-publish","hentry"],"acf":[],"aioseo_notices":[],"_links":{"self":[{"href":"https:\/\/thirstyaffiliates.com\/pt\/wp-json\/wp\/v2\/pages\/5022","targetHints":{"allow":["GET"]}}],"collection":[{"href":"https:\/\/thirstyaffiliates.com\/pt\/wp-json\/wp\/v2\/pages"}],"about":[{"href":"https:\/\/thirstyaffiliates.com\/pt\/wp-json\/wp\/v2\/types\/page"}],"author":[{"embeddable":true,"href":"https:\/\/thirstyaffiliates.com\/pt\/wp-json\/wp\/v2\/users\/4286"}],"replies":[{"embeddable":true,"href":"https:\/\/thirstyaffiliates.com\/pt\/wp-json\/wp\/v2\/comments?post=5022"}],"version-history":[{"count":0,"href":"https:\/\/thirstyaffiliates.com\/pt\/wp-json\/wp\/v2\/pages\/5022\/revisions"}],"wp:attachment":[{"href":"https:\/\/thirstyaffiliates.com\/pt\/wp-json\/wp\/v2\/media?parent=5022"}],"curies":[{"name":"wp","href":"https:\/\/api.w.org\/{rel}","templated":true}]}}