{"id":9809,"date":"2018-10-18T17:28:15","date_gmt":"2018-10-18T07:28:15","guid":{"rendered":"https:\/\/thirstyaff.wpengine.com\/?page_id=9809"},"modified":"2025-06-24T17:14:29","modified_gmt":"2025-06-24T23:14:29","slug":"thirstyaffiliates-pro-changelog","status":"publish","type":"page","link":"https:\/\/thirstyaffiliates.com\/pt\/thirstyaffiliates-pro-changelog","title":{"rendered":"ThirstyAffiliates Pro Changelog"},"content":{"rendered":"<p><strong><b>1.8<\/b>.5<\/strong><\/p>\n\n\n\n<ul class=\"wp-block-list\">\n<li>Adi\u00e7\u00e3o da coluna Autolink Keywords \u00e0 tabela da lista de links de afiliados<\/li>\n\n\n\n<li>Nenhum link de imagem \u00e9 exibido na pesquisa<\/li>\n\n\n\n<li>Itens de m\u00eddia duplicados durante a importa\u00e7\u00e3o<\/li>\n\n\n\n<li>Exemplo de URLs de imagem de importa\u00e7\u00e3o CSV<\/li>\n<\/ul>\n\n\n\n<p><strong><b>1.8<\/b>.4<\/strong><\/p>\n\n\n\n<ul class=\"wp-block-list\">\n<li>Remover parte incorreta da descri\u00e7\u00e3o dos tipos de postagem do autolinker<\/li>\n<\/ul>\n\n\n\n<p><strong><b>1.8<\/b>.3<\/strong><\/p>\n\n\n\n<ul class=\"wp-block-list\">\n<li>Corre\u00e7\u00e3o da substitui\u00e7\u00e3o do dom\u00ednio da licen\u00e7a quando o site \u00e9 traduzido para uma vers\u00e3o que n\u00e3o seja em ingl\u00eas<\/li>\n<\/ul>\n\n\n\n<p><strong><b>1.8<\/b>.2<\/strong><\/p>\n\n\n\n<ul class=\"wp-block-list\">\n<li>Corre\u00e7\u00f5es do PHP 8+<\/li>\n<\/ul>\n\n\n\n<p><b>1.8.1<\/b><\/p>\n\n\n\n<ul class=\"wp-block-list\">\n<li>Funcionalidade b\u00e1sica para um assistente de integra\u00e7\u00e3o futuro<\/li>\n<\/ul>\n\n\n\n<p><b>1.8.0<\/b><\/p>\n\n\n\n<ul class=\"wp-block-list\">\n<li>Melhorias: Alterado o importador de CSV para funcionar via Ajax, para melhorar o desempenho com arquivos maiores<\/li>\n\n\n\n<li>Corre\u00e7\u00e3o de bug: Dia duplicado em relat\u00f3rios quando os rel\u00f3gios s\u00e3o atrasados<\/li>\n\n\n\n<li>Corre\u00e7\u00e3o de bug: Verificador autom\u00e1tico de 404 n\u00e3o est\u00e1 funcionando corretamente para links da Amazon<\/li>\n\n\n\n<li>Corre\u00e7\u00e3o de bug: Erro fatal quando o transiente de atualiza\u00e7\u00e3o \u00e9 falso<\/li>\n<\/ul>\n\n\n\n<p><b>1.7.14<\/b><\/p>\n\n\n\n<ul class=\"wp-block-list\">\n<li>Corre\u00e7\u00e3o de bug: Relat\u00f3rios de compatibilidade com a vers\u00e3o mais recente do ThirstyAffiliates Lite<\/li>\n\n\n\n<li>Corre\u00e7\u00e3o de bug: Aviso de PHP no Autolinker<\/li>\n<\/ul>\n\n\n\n<p><b>1.7.13<\/b><\/p>\n\n\n\n<ul class=\"wp-block-list\">\n<li>Recurso: Adicionada a tradu\u00e7\u00e3o es_ES<\/li>\n\n\n\n<li>Melhorias: Adicionado um gancho de filtro no IP do cliente de geolocaliza\u00e7\u00e3o<\/li>\n\n\n\n<li>Corre\u00e7\u00e3o de bug: Tradu\u00e7\u00f5es de plugins por usu\u00e1rio<\/li>\n<\/ul>\n\n\n\n<p><b>1.7.12<\/b><\/p>\n\n\n\n<ul class=\"wp-block-list\">\n<li>Corre\u00e7\u00e3o de bug: Corresponder palavras-chave mais longas antes das mais curtas na implementa\u00e7\u00e3o do antigo autolinker<\/li>\n\n\n\n<li>Estrutura: O diret\u00f3rio \/languages\/ foi renomeado para \/i18n\/<\/li>\n<\/ul>\n\n\n\n<p><b>1.7.11<\/b><\/p>\n\n\n\n<ul class=\"wp-block-list\">\n<li>Recurso: Adicionado suporte para Pol\u00f4nia, Ar\u00e1bia Saudita e Su\u00e9cia ao Amazon Importer<\/li>\n\n\n\n<li>Corre\u00e7\u00e3o de bug: Conflitos com o carregamento do script de controle de cliques do Google<\/li>\n<\/ul>\n\n\n\n<p><b>1.7.10<\/b><\/p>\n\n\n\n<ul class=\"wp-block-list\">\n<li>Corre\u00e7\u00e3o de bug: Erro de JavaScript se o jQuery for adiado<\/li>\n\n\n\n<li>Corre\u00e7\u00e3o de bug: Erro de JavaScript se o bloqueador de an\u00fancios estiver ativo<\/li>\n\n\n\n<li>Corre\u00e7\u00e3o de bug: parar de substituir o max_execution_time do PHP<\/li>\n<\/ul>\n\n\n\n<p><b>1.7.8<\/b><\/p>\n\n\n\n<ul class=\"wp-block-list\">\n<li>Recurso: O autolinker n\u00e3o substituir\u00e1 palavras-chave em tags p com a classe \"ta-ignore\"<\/li>\n\n\n\n<li>Recurso: Adicionar um filtro no seletor de conte\u00fado para o aviso de divulga\u00e7\u00e3o<\/li>\n\n\n\n<li>Melhorias: Alterar o cache do autolinker para dar prefer\u00eancia aos links modificados mais recentemente<\/li>\n\n\n\n<li>Alterar: Defina o link de divulga\u00e7\u00e3o de afiliados para abrir em uma nova guia<\/li>\n\n\n\n<li>Altera\u00e7\u00f5es: O verificador de integridade do link agora s\u00f3 verifica se h\u00e1 404s (e agora se chama Automatic 404 Checker)<\/li>\n\n\n\n<li>Corre\u00e7\u00e3o de bug: Eventos cron duplicados sendo enfileirados<\/li>\n\n\n\n<li>Corre\u00e7\u00e3o de bug: avisos de migra\u00e7\u00e3o do jQuery<\/li>\n\n\n\n<li>Corre\u00e7\u00e3o de bug: Conte\u00fado da dica de ferramenta de divulga\u00e7\u00e3o aparecendo sob bot\u00f5es em alguns temas<\/li>\n<\/ul>\n\n\n\n<p><b>1.7.7<\/b><\/p>\n\n\n\n<ul class=\"wp-block-list\">\n<li>Aprimoramento: Classificar as palavras-chave do Autolinker para que as palavras-chave mais longas sejam correspondidas primeiro<\/li>\n\n\n\n<li>Corre\u00e7\u00e3o de bug: Ajuste da posi\u00e7\u00e3o do script de rastreamento de cliques do Google para suportar jQuery no rodap\u00e9<\/li>\n\n\n\n<li>Corre\u00e7\u00e3o de bug: Categorias duplicadas sendo criadas ao importar links<\/li>\n\n\n\n<li>Corre\u00e7\u00e3o de bug: consulta da tabela de estat\u00edsticas ao filtrar por categoria<\/li>\n<\/ul>\n\n\n\n<p><b>1.7.6<\/b><\/p>\n\n\n\n<ul class=\"wp-block-list\">\n<li>Corre\u00e7\u00e3o de bug: oculta a chave de licen\u00e7a completa ap\u00f3s a ativa\u00e7\u00e3o da licen\u00e7a<\/li>\n<\/ul>\n\n\n\n<p><b>1.7.5<\/b><\/p>\n\n\n\n<ul class=\"wp-block-list\">\n<li>Corre\u00e7\u00e3o de bug: fun\u00e7\u00f5es que n\u00e3o s\u00e3o de administrador n\u00e3o conseguem salvar as configura\u00e7\u00f5es do plug-in<\/li>\n\n\n\n<li>Corre\u00e7\u00e3o de bug: erro ao salvar as configura\u00e7\u00f5es da Amazon em uma nova instala\u00e7\u00e3o<\/li>\n\n\n\n<li>Corre\u00e7\u00e3o de bug: Links da Amazon sendo escapados na importa\u00e7\u00e3o<\/li>\n\n\n\n<li>Recurso: Adicionar ganchos de filtro para excluir tags HTML do autolinker<\/li>\n<\/ul>\n\n\n\n<p><b>1.7.4<\/b><\/p>\n\n\n\n<ul class=\"wp-block-list\">\n<li>Corre\u00e7\u00e3o de erros: Atualiza\u00e7\u00e3o do importador da Amazon para usar o PA API 5.0<\/li>\n\n\n\n<li>Corre\u00e7\u00e3o de bug: Substitui\u00e7\u00f5es de palavras-chave com links para a postagem atual<\/li>\n\n\n\n<li>Melhorias: Adicionar suporte aos programas de afiliados da Amazon na Austr\u00e1lia, Holanda, Cingapura, Turquia e Emirados \u00c1rabes Unidos<\/li>\n<\/ul>\n\n\n\n<p><b>1.7.3<\/b><\/p>\n\n\n\n<ul class=\"wp-block-list\">\n<li>Corre\u00e7\u00e3o de bug: Erro fatal ao ativar o plug-in em alguns fusos hor\u00e1rios do WP<\/li>\n\n\n\n<li>Corre\u00e7\u00e3o de bug: Problema de redirecionamento ao importar links que cont\u00eam ampersands<\/li>\n\n\n\n<li>Corre\u00e7\u00e3o de bug: caracteres n\u00e3o ingleses aparecendo como ? no arquivo CSV exportado<\/li>\n\n\n\n<li>Corre\u00e7\u00e3o de bug: Posi\u00e7\u00e3o da mensagem de sucesso do exportador CSV<\/li>\n<\/ul>\n\n\n\n<p><b>1.7.2<\/b><\/p>\n\n\n\n<ul class=\"wp-block-list\">\n<li>Recurso: Adicionar suporte para geolocaliza\u00e7\u00e3o de endere\u00e7os IPv6<\/li>\n\n\n\n<li>Melhorias: Alterar o evento \"hover\" para \"mouseenter\" para o \u00edcone de divulga\u00e7\u00e3o<\/li>\n\n\n\n<li>Corre\u00e7\u00e3o de bug: problema com substitui\u00e7\u00f5es de palavras-chave contendo uma barra<\/li>\n\n\n\n<li>Corre\u00e7\u00e3o de bug: Geolocaliza\u00e7\u00e3o do cabe\u00e7alho HTTP_X_FORWARDED_FOR<\/li>\n\n\n\n<li>Corre\u00e7\u00e3o de bug: Erro fatal ao ignorar o aviso de ativa\u00e7\u00e3o<\/li>\n\n\n\n<li>Corre\u00e7\u00e3o de bug: O arquivo CSS do link de edi\u00e7\u00e3o est\u00e1 sendo bloqueado pelo Adblock Plus<\/li>\n\n\n\n<li>Corre\u00e7\u00e3o de bug: Avisos de conte\u00fado misto em sites HTTPS<\/li>\n\n\n\n<li>Corre\u00e7\u00e3o de bug: Erro fatal no importador de CSV<\/li>\n\n\n\n<li>Corre\u00e7\u00e3o de bug: problema de entidade HTML no CSV exportado<\/li>\n\n\n\n<li>Corre\u00e7\u00e3o de bug: V\u00e1rios erros fatais e problemas com a data de verifica\u00e7\u00e3o da integridade do link<\/li>\n\n\n\n<li>Corre\u00e7\u00e3o de bug: posi\u00e7\u00e3o do \u00edcone do bot\u00e3o no relat\u00f3rio de integridade do link<\/li>\n<\/ul>\n\n\n\n<p><b>1.7.1<\/b><\/p>\n\n\n\n<ul class=\"wp-block-list\">\n<li>Melhorias: Pequenas melhorias no c\u00f3digo<\/li>\n<\/ul>\n\n\n\n<p><b>1.7<\/b><\/p>\n\n\n\n<ul class=\"wp-block-list\">\n<li>Corre\u00e7\u00e3o de bug: Problema com o verificador de integridade do link, que enviava um e-mail de relat\u00f3rio a cada poucos minutos<\/li>\n<\/ul>\n\n\n\n<p><b>1.6<\/b><\/p>\n\n\n\n<ul class=\"wp-block-list\">\n<li>Corre\u00e7\u00e3o de bug: Links importados da Amazon para os EUA n\u00e3o geram link de geolocaliza\u00e7\u00e3o para o Reino Unido<\/li>\n\n\n\n<li>Corre\u00e7\u00e3o de bug: Avisos relatados relacionados ao gerenciador de atualiza\u00e7\u00f5es na linha 401 de Models\/SLMW\/Update.php<\/li>\n\n\n\n<li>Corre\u00e7\u00e3o de bug: Melhorar o comportamento de v\u00e1rios sites para as configura\u00e7\u00f5es de licen\u00e7a<\/li>\n<\/ul>","protected":false},"excerpt":{"rendered":"<p>1.8.5 1.8.4 1.8.3 1.8.2 1.8.1 1.8.0 1.7.14 1.7.13 1.7.12 1.7.11 1.7.10 1.7.8 1.7.7 1.7.6 1.7.5 1.7.4 1.7.3 1.7.2 1.7.1 1.7 1.6<\/p>","protected":false},"author":4286,"featured_media":0,"parent":0,"menu_order":0,"comment_status":"closed","ping_status":"closed","template":"","meta":{"_acf_changed":false,"om_disable_all_campaigns":false,"_strive_editorial_status":"not-started","_strive_copy_of":0,"_monsterinsights_skip_tracking":false,"_monsterinsights_sitenote_active":false,"_monsterinsights_sitenote_note":"","_monsterinsights_sitenote_category":0,"footnotes":""},"class_list":["post-9809","page","type-page","status-publish","hentry"],"acf":[],"aioseo_notices":[],"_links":{"self":[{"href":"https:\/\/thirstyaffiliates.com\/pt\/wp-json\/wp\/v2\/pages\/9809","targetHints":{"allow":["GET"]}}],"collection":[{"href":"https:\/\/thirstyaffiliates.com\/pt\/wp-json\/wp\/v2\/pages"}],"about":[{"href":"https:\/\/thirstyaffiliates.com\/pt\/wp-json\/wp\/v2\/types\/page"}],"author":[{"embeddable":true,"href":"https:\/\/thirstyaffiliates.com\/pt\/wp-json\/wp\/v2\/users\/4286"}],"replies":[{"embeddable":true,"href":"https:\/\/thirstyaffiliates.com\/pt\/wp-json\/wp\/v2\/comments?post=9809"}],"version-history":[{"count":3,"href":"https:\/\/thirstyaffiliates.com\/pt\/wp-json\/wp\/v2\/pages\/9809\/revisions"}],"predecessor-version":[{"id":36846,"href":"https:\/\/thirstyaffiliates.com\/pt\/wp-json\/wp\/v2\/pages\/9809\/revisions\/36846"}],"wp:attachment":[{"href":"https:\/\/thirstyaffiliates.com\/pt\/wp-json\/wp\/v2\/media?parent=9809"}],"curies":[{"name":"wp","href":"https:\/\/api.w.org\/{rel}","templated":true}]}}